{"id":71,"date":"2019-03-26T16:46:07","date_gmt":"2019-03-26T15:46:07","guid":{"rendered":"https:\/\/www.aiguessegarragarrigues.cat\/?page_id=71"},"modified":"2019-09-04T09:43:39","modified_gmt":"2019-09-04T07:43:39","slug":"que-hacemos","status":"publish","type":"page","link":"https:\/\/www.aiguessegarragarrigues.cat\/es\/que-hacemos\/","title":{"rendered":"Qu\u00e9 hacemos"},"content":{"rendered":"<p><div class=\"fusion-fullwidth fullwidth-box fusion-builder-row-3 fusion-flex-container nonhundred-percent-fullwidth non-hundred-percent-height-scrolling\" style=\"--awb-border-radius-top-left:0px;--awb-border-radius-top-right:0px;--awb-border-radius-bottom-right:0px;--awb-border-radius-bottom-left:0px;--awb-flex-wrap:wrap;\" ><div class=\"fusion-builder-row fusion-row fusion-flex-align-items-flex-start fusion-flex-content-wrap\" style=\"max-width:1352px;margin-left: calc(-4% \/ 2 );margin-right: calc(-4% \/ 2 );\"><div class=\"fusion-layout-column fusion_builder_column fusion-builder-column-3 fusion_builder_column_3_4 3_4 fusion-flex-column\" style=\"--awb-bg-size:cover;--awb-width-large:75%;--awb-margin-top-large:0px;--awb-spacing-right-large:3.84%;--awb-margin-bottom-large:20px;--awb-spacing-left-large:2.56%;--awb-width-medium:75%;--awb-spacing-right-medium:3.84%;--awb-spacing-left-medium:2.56%;--awb-width-small:100%;--awb-spacing-right-small:1.92%;--awb-spacing-left-small:1.92%;\"><div class=\"fusion-column-wrapper fusion-column-has-shadow fusion-flex-justify-content-flex-start fusion-content-layout-column\"><div class=\"fusion-title title fusion-title-2 fusion-sep-none fusion-title-text fusion-title-size-one\"><h1 class=\"fusion-title-heading title-heading-left fusion-responsive-typography-calculated\" style=\"margin:0;--fontSize:34;line-height:1.4;\"><strong><span style=\"font-family: helvetica, arial, sans-serif; color: #153c7f; font-size: 18pt;\">\u00bfQu\u00e9 hacemos?<\/span><\/strong><\/h1><\/div><div class=\"fusion-title title fusion-title-3 fusion-sep-none fusion-title-text fusion-title-size-one\"><h1 class=\"fusion-title-heading title-heading-left fusion-responsive-typography-calculated\" style=\"margin:0;--fontSize:34;line-height:1.4;\"><p style=\"line-height: 20px; font-size: 8 puntos;\">\n<span style=\"color: #808080; font-size: 14pt;\"><span style=\"font-family: helvetica, arial, sans-serif;\">La Sociedad Aig\u00fces del Segarra Garrigues, SA fue constituida como a Sociedad An\u00f3nima en Junio de 2003. <\/span><span style=\"font-family: helvetica, arial, sans-serif;\">Su domicilio social est\u00e1 en T\u00e0rrega, Pol\u00edgon La Canaleta, Mas d&#8217;en Colom, n\u00ba 14.<\/span><\/p>\n<p style=\"line-height: 20px; font-size: 8 puntos;\">\n<span style=\"color: #808080; font-size: 14pt;\"><span style=\"font-family: helvetica, arial, sans-serif;\">La<\/span><\/span><span style=\"font-family: helvetica, arial, sans-serif; font-size: 14pt; color: #808080;\">\u00a0actividad principal de la Sociedad consiste en la ejecuci\u00f3n de las obras de concentraci\u00f3n parcelaria, redacci\u00f3n de los proyectos constructivos, ejecuci\u00f3n de las obras, explotaci\u00f3n y mantenimiento de la red de distribuci\u00f3n del Sistema Segarra-Garrigues. <\/span><\/p>\n<p style=\"line-height: 20px; font-size: 8 puntos;\">\n<span style=\"color: #808080; font-family: helvetica, arial, sans-serif; font-size: 14pt;\">La sociedad procedi\u00f3 el a\u00f1o 2011 a ampliar su objeto social en las siguientes actividades:<\/span><\/span><\/p><\/h1><\/div><ul style=\"--awb-line-height:23.8px;--awb-icon-width:23.8px;--awb-icon-height:23.8px;--awb-icon-margin:9.8px;--awb-content-margin:33.6px;--awb-circlecolor:#153c7f;--awb-circle-yes-font-size:12.32px;\" class=\"fusion-checklist fusion-checklist-2 fusion-checklist-default type-icons\"><li class=\"fusion-li-item\" style=\"\"><span class=\"icon-wrapper circle-yes\"><i class=\"fusion-li-icon fa-chevron-right fas\" aria-hidden=\"true\"><\/i><\/span><div class=\"fusion-li-item-content\">\n<p><span style=\"font-family: helvetica, arial, sans-serif; font-size: 14pt;\"><strong><span style=\"color: #153c7f;\">1.<\/span><\/strong> Redacci\u00f3n de proyectos, y direcci\u00f3n y ejecuci\u00f3n de obras para la instalaci\u00f3n del riego interior de las fincas regables del Sistema Segarra-Garrigues.<\/span><\/p>\n<\/div><\/li><li class=\"fusion-li-item\" style=\"\"><span class=\"icon-wrapper circle-yes\"><i class=\"fusion-li-icon fa-chevron-right fas\" aria-hidden=\"true\"><\/i><\/span><div class=\"fusion-li-item-content\">\n<p><span style=\"font-family: helvetica, arial, sans-serif; font-size: 14pt;\"><strong><span style=\"color: #153c7f;\">2.<\/span><\/strong> Arrendamiento y\/o subarrendamiento de fincas r\u00fasticas inclu\u00eddas en el \u00e1mbito del Sistema Segarra-Garrigues para su explotaci\u00f3n.<\/span><\/p>\n<\/div><\/li><li class=\"fusion-li-item\" style=\"\"><span class=\"icon-wrapper circle-yes\"><i class=\"fusion-li-icon fa-chevron-right fas\" aria-hidden=\"true\"><\/i><\/span><div class=\"fusion-li-item-content\">\n<p><span style=\"font-family: helvetica, arial, sans-serif; font-size: 14pt;\"><strong><span style=\"color: #153c7f;\">3.<\/span><\/strong> La promoci\u00f3n, construcci\u00f3n y explotaci\u00f3n de todo tipo de instalaciones para la producci\u00f3n de energ\u00eda el\u00e9ctrica y venta de la energ\u00eda producida, en el \u00e1mbito del Sistema Segarra-Garrigues.<\/span><\/p>\n<\/div><\/li><\/ul><\/div><\/div><div class=\"fusion-layout-column fusion_builder_column fusion-builder-column-4 fusion_builder_column_1_4 1_4 fusion-flex-column\" style=\"--awb-bg-size:cover;--awb-width-large:25%;--awb-margin-top-large:0px;--awb-spacing-right-large:7.68%;--awb-margin-bottom-large:20px;--awb-spacing-left-large:3.84%;--awb-width-medium:25%;--awb-spacing-right-medium:7.68%;--awb-spacing-left-medium:3.84%;--awb-width-small:100%;--awb-spacing-right-small:1.92%;--awb-spacing-left-small:1.92%;\"><div class=\"fusion-column-wrapper fusion-column-has-shadow fusion-flex-justify-content-flex-start fusion-content-layout-column\"><div class=\"fusion-widget-area awb-widget-area-element fusion-widget-area-2 fusion-content-widget-area\" style=\"--awb-title-color:#333333;--awb-padding:0px 0px 0px 0px;\"><section id=\"custom_html-5\" class=\"widget_text fusion-slidingbar-widget-column widget widget_custom_html\"><div class=\"textwidget custom-html-widget\">\n<div class=\"wpcf7 no-js\" id=\"wpcf7-f316-o2\" lang=\"es-ES\" dir=\"ltr\" data-wpcf7-id=\"316\">\n<div class=\"screen-reader-response\"><p role=\"status\" aria-live=\"polite\" aria-atomic=\"true\"><\/p> <ul><\/ul><\/div>\n<form action=\"\/es\/wp-json\/wp\/v2\/pages\/71#wpcf7-f316-o2\" method=\"post\" class=\"wpcf7-form init\" aria-label=\"Formulario de contacto\" novalidate=\"novalidate\" data-status=\"init\">\n<fieldset class=\"hidden-fields-container\"><input type=\"hidden\" name=\"_wpcf7\" value=\"316\" \/><input type=\"hidden\" name=\"_wpcf7_version\" value=\"6.1.5\" \/><input type=\"hidden\" name=\"_wpcf7_locale\" value=\"es_ES\" \/><input type=\"hidden\" name=\"_wpcf7_unit_tag\" value=\"wpcf7-f316-o2\" \/><input type=\"hidden\" name=\"_wpcf7_container_post\" value=\"0\" \/><input type=\"hidden\" name=\"_wpcf7_posted_data_hash\" value=\"\" \/><input type=\"hidden\" name=\"_wpcf7_recaptcha_response\" value=\"\" \/>\n<\/fieldset>\n<p><label> Nombre y apellidos*<br \/>\n<span class=\"wpcf7-form-control-wrap\" data-name=\"your-name\"><input size=\"40\" maxlength=\"400\" class=\"wpcf7-form-control wpcf7-text wpcf7-validates-as-required\" aria-required=\"true\" aria-invalid=\"false\" value=\"\" type=\"text\" name=\"your-name\" \/><\/span> <\/label>\n<\/p>\n<p><label> Telef\u00f3no*<br \/>\n<span class=\"wpcf7-form-control-wrap\" data-name=\"tel-460\"><input size=\"40\" maxlength=\"400\" class=\"wpcf7-form-control wpcf7-tel wpcf7-validates-as-required wpcf7-text wpcf7-validates-as-tel\" aria-required=\"true\" aria-invalid=\"false\" value=\"\" type=\"tel\" name=\"tel-460\" \/><\/span> <\/label>\n<\/p>\n<p><label> E-mail*<br \/>\n<span class=\"wpcf7-form-control-wrap\" data-name=\"your-email\"><input size=\"40\" maxlength=\"400\" class=\"wpcf7-form-control wpcf7-email wpcf7-validates-as-required wpcf7-text wpcf7-validates-as-email\" aria-required=\"true\" aria-invalid=\"false\" value=\"\" type=\"email\" name=\"your-email\" \/><\/span> <\/label>\n<\/p>\n<p><label> Asunto*<br \/>\n<span class=\"wpcf7-form-control-wrap\" data-name=\"your-subject\"><input size=\"40\" maxlength=\"400\" class=\"wpcf7-form-control wpcf7-text\" aria-invalid=\"false\" value=\"\" type=\"text\" name=\"your-subject\" \/><\/span> <\/label>\n<\/p>\n<p><label> Mensaje*<br \/>\n<span class=\"wpcf7-form-control-wrap\" data-name=\"your-message\"><textarea cols=\"40\" rows=\"10\" maxlength=\"2000\" class=\"wpcf7-form-control wpcf7-textarea\" aria-invalid=\"false\" name=\"your-message\"><\/textarea><\/span> <\/label>\n<\/p>\n<p><span class=\"wpcf7-form-control-wrap\" data-name=\"avisolegal\"><span class=\"wpcf7-form-control wpcf7-acceptance\"><span class=\"wpcf7-list-item\"><label><input type=\"checkbox\" name=\"avisolegal\" value=\"1\" aria-invalid=\"false\" \/><span class=\"wpcf7-list-item-label\">He sido informado\/da del tratamiento de mis datos de acuerdo con <a href=\"https:\/\/www.aiguessegarragarrigues.cat\/es\/politica-privacidad\/\">el aviso legal<\/span><\/label><\/span><\/span><\/span>\n<\/p>\n<p><input class=\"wpcf7-form-control wpcf7-submit has-spinner\" type=\"submit\" value=\"Solicitar informaci\u00f3n\" \/>\n<\/p><p style=\"display: none !important;\" class=\"akismet-fields-container\" data-prefix=\"_wpcf7_ak_\"><label>&#916;<textarea name=\"_wpcf7_ak_hp_textarea\" cols=\"45\" rows=\"8\" maxlength=\"100\"><\/textarea><\/label><input type=\"hidden\" id=\"ak_js_2\" name=\"_wpcf7_ak_js\" value=\"231\"\/><script>document.getElementById( \"ak_js_2\" ).setAttribute( \"value\", ( new Date() ).getTime() );<\/script><\/p><div class=\"fusion-alert alert custom alert-custom fusion-alert-center wpcf7-response-output fusion-alert-capitalize awb-alert-native-link-color alert-dismissable awb-alert-close-boxed\" style=\"--awb-border-size:1px;--awb-border-top-left-radius:0px;--awb-border-top-right-radius:0px;--awb-border-bottom-left-radius:0px;--awb-border-bottom-right-radius:0px;\" role=\"alert\"><div class=\"fusion-alert-content-wrapper\"><span class=\"fusion-alert-content\"><\/span><\/div><button type=\"button\" class=\"close toggle-alert\" data-dismiss=\"alert\" aria-label=\"Close\">&times;<\/button><\/div>\n<\/form>\n<\/div>\n\r\n<\/div><div style=\"clear:both;\"><\/div><\/section><div class=\"fusion-additional-widget-content\"><\/div><\/div><\/div><\/div><\/div><\/div><div class=\"fusion-fullwidth fullwidth-box fusion-builder-row-4 fusion-flex-container nonhundred-percent-fullwidth non-hundred-percent-height-scrolling\" style=\"--awb-border-radius-top-left:0px;--awb-border-radius-top-right:0px;--awb-border-radius-bottom-right:0px;--awb-border-radius-bottom-left:0px;--awb-flex-wrap:wrap;\" ><div class=\"fusion-builder-row fusion-row fusion-flex-align-items-flex-start fusion-flex-content-wrap\" style=\"max-width:1352px;margin-left: calc(-4% \/ 2 );margin-right: calc(-4% \/ 2 );\"><div class=\"fusion-layout-column fusion_builder_column fusion-builder-column-5 fusion_builder_column_3_4 3_4 fusion-flex-column\" style=\"--awb-bg-size:cover;--awb-width-large:75%;--awb-margin-top-large:0px;--awb-spacing-right-large:3.84%;--awb-margin-bottom-large:20px;--awb-spacing-left-large:2.56%;--awb-width-medium:75%;--awb-spacing-right-medium:3.84%;--awb-spacing-left-medium:2.56%;--awb-width-small:100%;--awb-spacing-right-small:1.92%;--awb-spacing-left-small:1.92%;\"><div class=\"fusion-column-wrapper fusion-column-has-shadow fusion-flex-justify-content-flex-start fusion-content-layout-column\"><\/div><\/div><\/div><\/div><\/p>","protected":false},"excerpt":{"rendered":"","protected":false},"author":1,"featured_media":0,"parent":0,"menu_order":0,"comment_status":"closed","ping_status":"closed","template":"","meta":{"footnotes":"","_links_to":"","_links_to_target":""},"class_list":["post-71","page","type-page","status-publish","hentry"],"yoast_head":"<!-- This site is optimized with the Yoast SEO plugin v27.0 - https:\/\/yoast.com\/product\/yoast-seo-wordpress\/ -->\n<title>Qu\u00e9 hacemos - Aig\u00fces del Segarra Garrigues<\/title>\n<meta name=\"robots\" content=\"index, follow, max-snippet:-1, max-image-preview:large, max-video-preview:-1\" \/>\n<link rel=\"canonical\" href=\"https:\/\/www.aiguessegarragarrigues.cat\/es\/que-hacemos\/\" \/>\n<meta property=\"og:locale\" content=\"es_ES\" \/>\n<meta property=\"og:type\" content=\"article\" \/>\n<meta property=\"og:title\" content=\"Qu\u00e9 hacemos - Aig\u00fces del Segarra Garrigues\" \/>\n<meta property=\"og:url\" content=\"https:\/\/www.aiguessegarragarrigues.cat\/es\/que-hacemos\/\" \/>\n<meta property=\"og:site_name\" content=\"Aig\u00fces del Segarra Garrigues\" \/>\n<meta property=\"article:modified_time\" content=\"2019-09-04T07:43:39+00:00\" \/>\n<meta name=\"twitter:card\" content=\"summary_large_image\" \/>\n<meta name=\"twitter:label1\" content=\"Tiempo de lectura\" \/>\n\t<meta name=\"twitter:data1\" content=\"8 minutos\" \/>\n<script type=\"application\/ld+json\" class=\"yoast-schema-graph\">{\"@context\":\"https:\/\/schema.org\",\"@graph\":[{\"@type\":\"WebPage\",\"@id\":\"https:\/\/www.aiguessegarragarrigues.cat\/es\/que-hacemos\/\",\"url\":\"https:\/\/www.aiguessegarragarrigues.cat\/es\/que-hacemos\/\",\"name\":\"Qu\u00e9 hacemos - Aig\u00fces del Segarra Garrigues\",\"isPartOf\":{\"@id\":\"https:\/\/www.aiguessegarragarrigues.cat\/es\/#website\"},\"datePublished\":\"2019-03-26T15:46:07+00:00\",\"dateModified\":\"2019-09-04T07:43:39+00:00\",\"breadcrumb\":{\"@id\":\"https:\/\/www.aiguessegarragarrigues.cat\/es\/que-hacemos\/#breadcrumb\"},\"inLanguage\":\"es\",\"potentialAction\":[{\"@type\":\"ReadAction\",\"target\":[[\"https:\/\/www.aiguessegarragarrigues.cat\/es\/que-hacemos\/\"]]}]},{\"@type\":\"BreadcrumbList\",\"@id\":\"https:\/\/www.aiguessegarragarrigues.cat\/es\/que-hacemos\/#breadcrumb\",\"itemListElement\":[{\"@type\":\"ListItem\",\"position\":1,\"name\":\"Inici\",\"item\":\"https:\/\/www.aiguessegarragarrigues.cat\/es\/\"},{\"@type\":\"ListItem\",\"position\":2,\"name\":\"Qu\u00e8 fem\"}]},{\"@type\":\"WebSite\",\"@id\":\"https:\/\/www.aiguessegarragarrigues.cat\/es\/#website\",\"url\":\"https:\/\/www.aiguessegarragarrigues.cat\/es\/\",\"name\":\"Aig\u00fces del Segarra Garrigues\",\"description\":\"\",\"potentialAction\":[{\"@type\":\"SearchAction\",\"target\":{\"@type\":\"EntryPoint\",\"urlTemplate\":\"https:\/\/www.aiguessegarragarrigues.cat\/es\/?s={search_term_string}\"},\"query-input\":{\"@type\":\"PropertyValueSpecification\",\"valueRequired\":true,\"valueName\":\"search_term_string\"}}],\"inLanguage\":\"es\"}]}<\/script>\n<!-- \/ Yoast SEO plugin. -->","yoast_head_json":{"title":"Qu\u00e9 hacemos - Aig\u00fces del Segarra Garrigues","robots":{"index":"index","follow":"follow","max-snippet":"max-snippet:-1","max-image-preview":"max-image-preview:large","max-video-preview":"max-video-preview:-1"},"canonical":"https:\/\/www.aiguessegarragarrigues.cat\/es\/que-hacemos\/","og_locale":"es_ES","og_type":"article","og_title":"Qu\u00e9 hacemos - Aig\u00fces del Segarra Garrigues","og_url":"https:\/\/www.aiguessegarragarrigues.cat\/es\/que-hacemos\/","og_site_name":"Aig\u00fces del Segarra Garrigues","article_modified_time":"2019-09-04T07:43:39+00:00","twitter_card":"summary_large_image","twitter_misc":{"Tiempo de lectura":"8 minutos"},"schema":{"@context":"https:\/\/schema.org","@graph":[{"@type":"WebPage","@id":"https:\/\/www.aiguessegarragarrigues.cat\/es\/que-hacemos\/","url":"https:\/\/www.aiguessegarragarrigues.cat\/es\/que-hacemos\/","name":"Qu\u00e9 hacemos - Aig\u00fces del Segarra Garrigues","isPartOf":{"@id":"https:\/\/www.aiguessegarragarrigues.cat\/es\/#website"},"datePublished":"2019-03-26T15:46:07+00:00","dateModified":"2019-09-04T07:43:39+00:00","breadcrumb":{"@id":"https:\/\/www.aiguessegarragarrigues.cat\/es\/que-hacemos\/#breadcrumb"},"inLanguage":"es","potentialAction":[{"@type":"ReadAction","target":[["https:\/\/www.aiguessegarragarrigues.cat\/es\/que-hacemos\/"]]}]},{"@type":"BreadcrumbList","@id":"https:\/\/www.aiguessegarragarrigues.cat\/es\/que-hacemos\/#breadcrumb","itemListElement":[{"@type":"ListItem","position":1,"name":"Inici","item":"https:\/\/www.aiguessegarragarrigues.cat\/es\/"},{"@type":"ListItem","position":2,"name":"Qu\u00e8 fem"}]},{"@type":"WebSite","@id":"https:\/\/www.aiguessegarragarrigues.cat\/es\/#website","url":"https:\/\/www.aiguessegarragarrigues.cat\/es\/","name":"Aig\u00fces del Segarra Garrigues","description":"","potentialAction":[{"@type":"SearchAction","target":{"@type":"EntryPoint","urlTemplate":"https:\/\/www.aiguessegarragarrigues.cat\/es\/?s={search_term_string}"},"query-input":{"@type":"PropertyValueSpecification","valueRequired":true,"valueName":"search_term_string"}}],"inLanguage":"es"}]}},"_links":{"self":[{"href":"https:\/\/www.aiguessegarragarrigues.cat\/es\/wp-json\/wp\/v2\/pages\/71","targetHints":{"allow":["GET"]}}],"collection":[{"href":"https:\/\/www.aiguessegarragarrigues.cat\/es\/wp-json\/wp\/v2\/pages"}],"about":[{"href":"https:\/\/www.aiguessegarragarrigues.cat\/es\/wp-json\/wp\/v2\/types\/page"}],"author":[{"embeddable":true,"href":"https:\/\/www.aiguessegarragarrigues.cat\/es\/wp-json\/wp\/v2\/users\/1"}],"replies":[{"embeddable":true,"href":"https:\/\/www.aiguessegarragarrigues.cat\/es\/wp-json\/wp\/v2\/comments?post=71"}],"version-history":[{"count":53,"href":"https:\/\/www.aiguessegarragarrigues.cat\/es\/wp-json\/wp\/v2\/pages\/71\/revisions"}],"predecessor-version":[{"id":3839,"href":"https:\/\/www.aiguessegarragarrigues.cat\/es\/wp-json\/wp\/v2\/pages\/71\/revisions\/3839"}],"wp:attachment":[{"href":"https:\/\/www.aiguessegarragarrigues.cat\/es\/wp-json\/wp\/v2\/media?parent=71"}],"curies":[{"name":"wp","href":"https:\/\/api.w.org\/{rel}","templated":true}]}}