{"id":57,"date":"2019-03-26T16:43:56","date_gmt":"2019-03-26T15:43:56","guid":{"rendered":"https:\/\/www.aiguessegarragarrigues.cat\/?page_id=57"},"modified":"2019-10-03T11:01:12","modified_gmt":"2019-10-03T09:01:12","slug":"proyecto","status":"publish","type":"page","link":"https:\/\/www.aiguessegarragarrigues.cat\/es\/proyecto\/","title":{"rendered":"Proyecto"},"content":{"rendered":"<p><div class=\"fusion-fullwidth fullwidth-box fusion-builder-row-3 fusion-flex-container nonhundred-percent-fullwidth non-hundred-percent-height-scrolling\" style=\"--awb-border-radius-top-left:0px;--awb-border-radius-top-right:0px;--awb-border-radius-bottom-right:0px;--awb-border-radius-bottom-left:0px;--awb-flex-wrap:wrap;\" ><div class=\"fusion-builder-row fusion-row fusion-flex-align-items-flex-start fusion-flex-content-wrap\" style=\"max-width:calc( 1300px + 0px );margin-left: calc(-0px \/ 2 );margin-right: calc(-0px \/ 2 );\"><div class=\"fusion-layout-column fusion_builder_column fusion-builder-column-3 fusion_builder_column_1_1 1_1 fusion-flex-column\" style=\"--awb-bg-size:cover;--awb-width-large:100%;--awb-margin-top-large:0px;--awb-spacing-right-large:0px;--awb-margin-bottom-large:20px;--awb-spacing-left-large:0px;--awb-width-medium:100%;--awb-spacing-right-medium:0px;--awb-spacing-left-medium:0px;--awb-width-small:100%;--awb-spacing-right-small:0px;--awb-spacing-left-small:0px;\"><div class=\"fusion-column-wrapper fusion-column-has-shadow fusion-flex-justify-content-flex-start fusion-content-layout-column\"><div class=\"fusion-title title fusion-title-2 fusion-sep-none fusion-title-text fusion-title-size-one\"><h1 class=\"fusion-title-heading title-heading-left fusion-responsive-typography-calculated\" style=\"margin:0;--fontSize:34;line-height:1.4;\"><strong><span style=\"font-family: helvetica, arial, sans-serif; color: #153c7f; font-size: 18pt;\">Presentaci\u00f3n<\/span><\/strong><\/h1><\/div><\/div><\/div><\/div><\/div><div class=\"fusion-fullwidth fullwidth-box fusion-builder-row-4 fusion-flex-container nonhundred-percent-fullwidth non-hundred-percent-height-scrolling\" style=\"--awb-border-radius-top-left:0px;--awb-border-radius-top-right:0px;--awb-border-radius-bottom-right:0px;--awb-border-radius-bottom-left:0px;--awb-flex-wrap:wrap;\" ><div class=\"fusion-builder-row fusion-row fusion-flex-align-items-flex-start fusion-flex-content-wrap\" style=\"max-width:1352px;margin-left: calc(-4% \/ 2 );margin-right: calc(-4% \/ 2 );\"><div class=\"fusion-layout-column fusion_builder_column fusion-builder-column-4 fusion_builder_column_3_4 3_4 fusion-flex-column\" style=\"--awb-bg-size:cover;--awb-width-large:75%;--awb-margin-top-large:0px;--awb-spacing-right-large:3.84%;--awb-margin-bottom-large:0px;--awb-spacing-left-large:2.56%;--awb-width-medium:75%;--awb-spacing-right-medium:3.84%;--awb-spacing-left-medium:2.56%;--awb-width-small:100%;--awb-spacing-right-small:1.92%;--awb-spacing-left-small:1.92%;\"><div class=\"fusion-column-wrapper fusion-flex-justify-content-flex-start fusion-content-layout-column\"><div class=\"fusion-image-carousel fusion-image-carousel-auto fusion-image-carousel-2 lightbox-enabled\"><div class=\"awb-carousel awb-swiper awb-swiper-carousel awb-carousel--carousel awb-swiper-dots-position-bottom\" data-layout=\"carousel\" data-autoplay=\"yes\" data-autoplayspeed=\"2500\" data-autoplaypause=\"no\" data-columns=\"3\" data-columnsmedium=\"1\" data-columnssmall=\"1\" data-itemmargin=\"13\" data-itemwidth=\"180\" data-touchscroll=\"no\" data-freemode=\"no\" data-imagesize=\"auto\" data-scrollitems=\"1\" data-centeredslides=\"no\" data-rotationangle=\"50\" data-depth=\"100\" data-speed=\"500\" data-shadow=\"no\" data-pagination=\"bullets\" style=\"--awb-columns:3;\"><div class=\"swiper-wrapper awb-image-carousel-wrapper fusion-flex-align-items-center\"><div class=\"swiper-slide\"><div class=\"fusion-carousel-item-wrapper\"><div class=\"fusion-image-wrapper hover-type-zoomout\"><a data-rel=\"iLightbox[image_carousel_2]\" data-title=\"_4265532_0\" aria-label=\"_4265532_0\" href=\"https:\/\/www.aiguessegarragarrigues.cat\/wp-content\/uploads\/2019\/04\/4265532_0-800x500.jpg\" target=\"_self\"><img decoding=\"async\" width=\"800\" height=\"500\" src=\"https:\/\/www.aiguessegarragarrigues.cat\/wp-content\/uploads\/2019\/04\/4265532_0.jpg\" class=\"attachment-full size-full\" alt=\"\" srcset=\"https:\/\/www.aiguessegarragarrigues.cat\/wp-content\/uploads\/2019\/04\/4265532_0-200x125.jpg 200w, https:\/\/www.aiguessegarragarrigues.cat\/wp-content\/uploads\/2019\/04\/4265532_0-400x250.jpg 400w, https:\/\/www.aiguessegarragarrigues.cat\/wp-content\/uploads\/2019\/04\/4265532_0-600x375.jpg 600w, https:\/\/www.aiguessegarragarrigues.cat\/wp-content\/uploads\/2019\/04\/4265532_0.jpg 800w\" sizes=\"(min-width: 2200px) 100vw, (min-width: 784px) 425px, (min-width: 712px) 637px, (min-width: 640px) 712px, \" \/><\/a><\/div><\/div><\/div><div class=\"swiper-slide\"><div class=\"fusion-carousel-item-wrapper\"><div class=\"fusion-image-wrapper hover-type-zoomout\"><a data-rel=\"iLightbox[image_carousel_2]\" data-title=\"pano_906_912_0\" aria-label=\"pano_906_912_0\" href=\"https:\/\/www.aiguessegarragarrigues.cat\/wp-content\/uploads\/2019\/04\/pano_906_912_0-800x500.jpg\" target=\"_self\"><img decoding=\"async\" width=\"800\" height=\"500\" src=\"https:\/\/www.aiguessegarragarrigues.cat\/wp-content\/uploads\/2019\/04\/pano_906_912_0.jpg\" class=\"attachment-full size-full\" alt=\"\" srcset=\"https:\/\/www.aiguessegarragarrigues.cat\/wp-content\/uploads\/2019\/04\/pano_906_912_0-200x125.jpg 200w, https:\/\/www.aiguessegarragarrigues.cat\/wp-content\/uploads\/2019\/04\/pano_906_912_0-400x250.jpg 400w, https:\/\/www.aiguessegarragarrigues.cat\/wp-content\/uploads\/2019\/04\/pano_906_912_0-600x375.jpg 600w, https:\/\/www.aiguessegarragarrigues.cat\/wp-content\/uploads\/2019\/04\/pano_906_912_0.jpg 800w\" sizes=\"(min-width: 2200px) 100vw, (min-width: 784px) 425px, (min-width: 712px) 637px, (min-width: 640px) 712px, \" \/><\/a><\/div><\/div><\/div><div class=\"swiper-slide\"><div class=\"fusion-carousel-item-wrapper\"><div class=\"fusion-image-wrapper hover-type-zoomout\"><a data-rel=\"iLightbox[image_carousel_2]\" data-title=\"pa027689\" aria-label=\"pa027689\" href=\"https:\/\/www.aiguessegarragarrigues.cat\/wp-content\/uploads\/2019\/05\/pa027689.jpg\" target=\"_self\"><img decoding=\"async\" width=\"800\" height=\"500\" src=\"https:\/\/www.aiguessegarragarrigues.cat\/wp-content\/uploads\/2019\/05\/pa027689.jpg\" class=\"attachment-full size-full\" alt=\"\" srcset=\"https:\/\/www.aiguessegarragarrigues.cat\/wp-content\/uploads\/2019\/05\/pa027689-200x125.jpg 200w, https:\/\/www.aiguessegarragarrigues.cat\/wp-content\/uploads\/2019\/05\/pa027689-400x250.jpg 400w, https:\/\/www.aiguessegarragarrigues.cat\/wp-content\/uploads\/2019\/05\/pa027689-600x375.jpg 600w, https:\/\/www.aiguessegarragarrigues.cat\/wp-content\/uploads\/2019\/05\/pa027689.jpg 800w\" sizes=\"(min-width: 2200px) 100vw, (min-width: 784px) 425px, (min-width: 712px) 637px, (min-width: 640px) 712px, \" \/><\/a><\/div><\/div><\/div><div class=\"swiper-slide\"><div class=\"fusion-carousel-item-wrapper\"><div class=\"fusion-image-wrapper hover-type-zoomout\"><a data-rel=\"iLightbox[image_carousel_2]\" data-title=\"riego\" aria-label=\"riego\" href=\"https:\/\/www.aiguessegarragarrigues.cat\/wp-content\/uploads\/2019\/05\/riego-e1559296413703.jpg\" target=\"_self\"><img decoding=\"async\" width=\"801\" height=\"450\" src=\"https:\/\/www.aiguessegarragarrigues.cat\/wp-content\/uploads\/2019\/05\/riego-e1559657288599.jpg\" class=\"attachment-full size-full\" alt=\"\" srcset=\"https:\/\/www.aiguessegarragarrigues.cat\/wp-content\/uploads\/2019\/05\/riego-e1559657288599-200x112.jpg 200w, https:\/\/www.aiguessegarragarrigues.cat\/wp-content\/uploads\/2019\/05\/riego-e1559657288599-400x225.jpg 400w, https:\/\/www.aiguessegarragarrigues.cat\/wp-content\/uploads\/2019\/05\/riego-e1559657288599-600x337.jpg 600w, https:\/\/www.aiguessegarragarrigues.cat\/wp-content\/uploads\/2019\/05\/riego-e1559657288599-800x449.jpg 800w, https:\/\/www.aiguessegarragarrigues.cat\/wp-content\/uploads\/2019\/05\/riego-e1559657288599.jpg 801w\" sizes=\"(min-width: 2200px) 100vw, (min-width: 784px) 425px, (min-width: 712px) 637px, (min-width: 640px) 712px, \" \/><\/a><\/div><\/div><\/div><\/div><div class=\"awb-swiper-button awb-swiper-button-prev\"><i class=\"awb-icon-angle-left\" aria-hidden=\"true\"><\/i><\/div><div class=\"awb-swiper-button awb-swiper-button-next\"><i class=\"awb-icon-angle-right\" aria-hidden=\"true\"><\/i><\/div><\/div><\/div><div class=\"fusion-text fusion-text-2\"><p><span style=\"font-family: helvetica, arial, sans-serif; font-size: 14pt;\">El Sistema Segarra-Garrigues es el proyecto hidr\u00e1ulico m\u00e1s importante hecho en Catalunya que est\u00e1 convirtiendo una gran parte de los actuales cultivos de secano de la provincia de Lleida en cultivos de regad\u00edo. Su construcci\u00f3n permite regar 70.000 nuevas hect\u00e1reas de las comarcas del Urgell, el Pla d\u2019Urgell, la Segarra, la Noguera, les Garrigues y el Segri\u00e0, con una larga tradici\u00f3n agr\u00edcola, en gran parte de secano, donde habitan m\u00e1s de 350.000 personas, a partir del incremento de la capacidad de regulaci\u00f3n del r\u00edo Segre proporcionado por el embalse de Rialb y por el futuro embalse del Albag\u00e9s. Tambi\u00e9n permite la introducci\u00f3n de nuevos cultivos m\u00e1s rentables, motivados por la introducci\u00f3n del riego, propiciar\u00e1 la instalaci\u00f3n de nuevas empresas y la creaci\u00f3n de numerosos puestos de trabajo que redundaran en un mayor beneficio econ\u00f3mico.<\/span><\/p>\n<p><span style=\"font-family: helvetica, arial, sans-serif; font-size: 14pt;\">M\u00e1s de 16.000 regantes de la zona que en estos momentos explotan unos recursos naturales con una baja productividad per falta de agua, se empiezan a beneficiar del regad\u00edo. Esta obra es y ser\u00e1 absolutamente respetuosa con la naturaleza y el medio ambiente, ya que se ha realizado un minucioso estudio de impacto ambiental que reduce al m\u00e1ximo las afecciones sobre la vegetaci\u00f3n, la fauna y el paisaje, respeta y amplia los espacios protegidos y prev\u00e9 un extenso programa de vigilancia ambiental, todo ello, siguiendo las indicaciones fijadas por la Declaraci\u00f3 d\u2019Impacte Ambiental y por la Xarxa Natura 2000 de la Generalitat de Catalunya.<\/span><\/p>\n<p><span style=\"font-family: helvetica, arial, sans-serif; font-size: 14pt;\">El Sistema Segarra-Garrigues es un proyecto con una larga trayectoria hist\u00f3rica pero es a partir del a\u00f1o 1999 cuando recibe el impulso definitivo con la firma de los Protocolos de Colaboraci\u00f3n entre el Ministerio de Medio Ambiente y Medio Natural y Marino del Gobierno Central y la Generalitat de Catalunya.<\/span><\/p>\n<p><span style=\"font-size: 14pt;\">Este proyecto ha dado lugar a diversos estudios y proyectos que se han venido desarrollando a lo largo de los \u00faltimos a\u00f1os.<\/span><\/p>\n<p><span style=\"font-size: 14pt;\">Esta puesta en riego se articula mediante el embalse de Rialb y el tramo del Baix Segre, juntamente con la construcci\u00f3n del embalse del Albag\u00e9s.<\/span><\/p>\n<p><span style=\"font-size: 14pt;\">El transporte del agua se efect\u00faa mediante el Canal Segarra-Garrigues; se trata de un canal telesc\u00f3pico, de inicio en la presa de Rialb con capacidad inicial de 35 m<sup>3<\/sup>\/s y final, despu\u00e9s de 85 km, en el embalse del Albag\u00e9s con 15 m<sup>3<\/sup>\/s. El volumen anual a derivar por el canal es de 273 Hm<sup>3<\/sup>, para el riego de 58.171 ha. As\u00ed mismo, del Baix Segre se derivan 69 Hm<sup>3<\/sup>\u00a0para regar 11.979 ha.<\/span><\/p>\n<p><span style=\"font-size: 14pt;\">Para la distribuci\u00f3n del agua se est\u00e1 construyendo la red correspondiente, que b\u00e1sicamente est\u00e1 formada por captaciones, tuber\u00edas de conexi\u00f3n, balsas, estaciones de filtraje y bombeo, redes de distribuci\u00f3n, hidrantes de riego y elementos de telecontrol y automatizaci\u00f3n. La zona de riego est\u00e1 dividida en sectores de riego. Cada sector comparte una \u00fanica captaci\u00f3n, ya sea sobre el Canal principal, el embalse del Albag\u00e9s o el r\u00edo Segre (Baix Segre).<\/span><\/p>\n<p><span style=\"font-size: 14pt;\">Corresponde a la Administraci\u00f3n general del Estado la ejecuci\u00f3n de las obras de transporte y regulaci\u00f3n a trav\u00e9s de la empresa de titularidad p\u00fablica ACUES yi a la Generalitat de Catalunya las elevaciones desde el r\u00edo Segre, la red principal de riego y la de distribuci\u00f3n de los diferentes sectores, incluyendo las balsas de regulaci\u00f3n, as\u00ed como la concentraci\u00f3n parcelaria y les obres que se deriven. Las obras correspondientes a la Generalitat de Catalunya, que se iniciaron el a\u00f1o 2005, posteriormente las explotar\u00e1 durante 30 a\u00f1os la empresa adjudicataria Aig\u00fces del Segarra Garrigues, SA bajo la supervisi\u00f3n de la empresa p\u00fablica Infraestructures de la Generalitat de Catalunya, SAU, de ahora en adelante Infraestructures.cat.<\/span><\/p>\n<p><span style=\"font-size: 14pt;\">En el mes de Febrero de 2010 se public\u00f3 en el Diari Oficial de la Generalitat de Catalunya, la Adaptaci\u00f3 de l\u2019Estudi d\u2019Impacte Ambiental que da respuesta al tratamiento del riego en las zonas de exclusi\u00f3n para la protecci\u00f3n de aves (ZEPA). Superado el per\u00edodo de informaci\u00f3n p\u00fablica de esta adaptaci\u00f3n, el 19 de Octubre de 2010 se public\u00f3 en el DOGC la Declaraci\u00f3 d\u2019Impacte Ambiental del Sistema Segarra-Garrigues.<\/span><\/p>\n<p><span style=\"font-size: 14pt;\">Con este nuevo escenario y el nuevo Pla d\u2019Usos i Gesti\u00f3 redactado por la Generalitat de Catalunya, ASG tiene una nueva definici\u00f3n de su \u00e1rea regable, estando actualmente en una fase de estudio de las implicaciones que supone para la Sociedad, tanto en fase de construcci\u00f3n como en fase de explotaci\u00f3n.<\/span><\/p>\n<\/div><\/div><\/div><div class=\"fusion-layout-column fusion_builder_column fusion-builder-column-5 fusion_builder_column_1_4 1_4 fusion-flex-column\" style=\"--awb-bg-size:cover;--awb-width-large:25%;--awb-margin-top-large:0px;--awb-spacing-right-large:7.68%;--awb-margin-bottom-large:20px;--awb-spacing-left-large:3.84%;--awb-width-medium:25%;--awb-spacing-right-medium:7.68%;--awb-spacing-left-medium:3.84%;--awb-width-small:100%;--awb-spacing-right-small:1.92%;--awb-spacing-left-small:1.92%;\"><div class=\"fusion-column-wrapper fusion-column-has-shadow fusion-flex-justify-content-flex-start fusion-content-layout-column\"><div class=\"fusion-widget-area awb-widget-area-element fusion-widget-area-2 fusion-content-widget-area\" style=\"--awb-title-color:#333333;--awb-padding:0px 0px 0px 0px;\"><section id=\"custom_html-5\" class=\"widget_text fusion-slidingbar-widget-column widget widget_custom_html\"><div class=\"textwidget custom-html-widget\">\n<div class=\"wpcf7 no-js\" id=\"wpcf7-f316-o2\" lang=\"es-ES\" dir=\"ltr\" data-wpcf7-id=\"316\">\n<div class=\"screen-reader-response\"><p role=\"status\" aria-live=\"polite\" aria-atomic=\"true\"><\/p> <ul><\/ul><\/div>\n<form action=\"\/es\/wp-json\/wp\/v2\/pages\/57#wpcf7-f316-o2\" method=\"post\" class=\"wpcf7-form init\" aria-label=\"Formulario de contacto\" novalidate=\"novalidate\" data-status=\"init\">\n<fieldset class=\"hidden-fields-container\"><input type=\"hidden\" name=\"_wpcf7\" value=\"316\" \/><input type=\"hidden\" name=\"_wpcf7_version\" value=\"6.1.5\" \/><input type=\"hidden\" name=\"_wpcf7_locale\" value=\"es_ES\" \/><input type=\"hidden\" name=\"_wpcf7_unit_tag\" value=\"wpcf7-f316-o2\" \/><input type=\"hidden\" name=\"_wpcf7_container_post\" value=\"0\" \/><input type=\"hidden\" name=\"_wpcf7_posted_data_hash\" value=\"\" \/><input type=\"hidden\" name=\"_wpcf7_recaptcha_response\" value=\"\" \/>\n<\/fieldset>\n<p><label> Nombre y apellidos*<br \/>\n<span class=\"wpcf7-form-control-wrap\" data-name=\"your-name\"><input size=\"40\" maxlength=\"400\" class=\"wpcf7-form-control wpcf7-text wpcf7-validates-as-required\" aria-required=\"true\" aria-invalid=\"false\" value=\"\" type=\"text\" name=\"your-name\" \/><\/span> <\/label>\n<\/p>\n<p><label> Telef\u00f3no*<br \/>\n<span class=\"wpcf7-form-control-wrap\" data-name=\"tel-460\"><input size=\"40\" maxlength=\"400\" class=\"wpcf7-form-control wpcf7-tel wpcf7-validates-as-required wpcf7-text wpcf7-validates-as-tel\" aria-required=\"true\" aria-invalid=\"false\" value=\"\" type=\"tel\" name=\"tel-460\" \/><\/span> <\/label>\n<\/p>\n<p><label> E-mail*<br \/>\n<span class=\"wpcf7-form-control-wrap\" data-name=\"your-email\"><input size=\"40\" maxlength=\"400\" class=\"wpcf7-form-control wpcf7-email wpcf7-validates-as-required wpcf7-text wpcf7-validates-as-email\" aria-required=\"true\" aria-invalid=\"false\" value=\"\" type=\"email\" name=\"your-email\" \/><\/span> <\/label>\n<\/p>\n<p><label> Asunto*<br \/>\n<span class=\"wpcf7-form-control-wrap\" data-name=\"your-subject\"><input size=\"40\" maxlength=\"400\" class=\"wpcf7-form-control wpcf7-text\" aria-invalid=\"false\" value=\"\" type=\"text\" name=\"your-subject\" \/><\/span> <\/label>\n<\/p>\n<p><label> Mensaje*<br \/>\n<span class=\"wpcf7-form-control-wrap\" data-name=\"your-message\"><textarea cols=\"40\" rows=\"10\" maxlength=\"2000\" class=\"wpcf7-form-control wpcf7-textarea\" aria-invalid=\"false\" name=\"your-message\"><\/textarea><\/span> <\/label>\n<\/p>\n<p><span class=\"wpcf7-form-control-wrap\" data-name=\"avisolegal\"><span class=\"wpcf7-form-control wpcf7-acceptance\"><span class=\"wpcf7-list-item\"><label><input type=\"checkbox\" name=\"avisolegal\" value=\"1\" aria-invalid=\"false\" \/><span class=\"wpcf7-list-item-label\">He sido informado\/da del tratamiento de mis datos de acuerdo con <a href=\"https:\/\/www.aiguessegarragarrigues.cat\/es\/politica-privacidad\/\">el aviso legal<\/span><\/label><\/span><\/span><\/span>\n<\/p>\n<p><input class=\"wpcf7-form-control wpcf7-submit has-spinner\" type=\"submit\" value=\"Solicitar informaci\u00f3n\" \/>\n<\/p><p style=\"display: none !important;\" class=\"akismet-fields-container\" data-prefix=\"_wpcf7_ak_\"><label>&#916;<textarea name=\"_wpcf7_ak_hp_textarea\" cols=\"45\" rows=\"8\" maxlength=\"100\"><\/textarea><\/label><input type=\"hidden\" id=\"ak_js_2\" name=\"_wpcf7_ak_js\" value=\"158\"\/><script>document.getElementById( \"ak_js_2\" ).setAttribute( \"value\", ( new Date() ).getTime() );<\/script><\/p><div class=\"fusion-alert alert custom alert-custom fusion-alert-center wpcf7-response-output fusion-alert-capitalize awb-alert-native-link-color alert-dismissable awb-alert-close-boxed\" style=\"--awb-border-size:1px;--awb-border-top-left-radius:0px;--awb-border-top-right-radius:0px;--awb-border-bottom-left-radius:0px;--awb-border-bottom-right-radius:0px;\" role=\"alert\"><div class=\"fusion-alert-content-wrapper\"><span class=\"fusion-alert-content\"><\/span><\/div><button type=\"button\" class=\"close toggle-alert\" data-dismiss=\"alert\" aria-label=\"Close\">&times;<\/button><\/div>\n<\/form>\n<\/div>\n\r\n<\/div><div style=\"clear:both;\"><\/div><\/section><div class=\"fusion-additional-widget-content\"><\/div><\/div><\/div><\/div><\/div><\/div><\/p>","protected":false},"excerpt":{"rendered":"","protected":false},"author":1,"featured_media":0,"parent":0,"menu_order":0,"comment_status":"closed","ping_status":"closed","template":"","meta":{"footnotes":"","_links_to":"","_links_to_target":""},"class_list":["post-57","page","type-page","status-publish","hentry"],"yoast_head":"<!-- This site is optimized with the Yoast SEO plugin v27.0 - https:\/\/yoast.com\/product\/yoast-seo-wordpress\/ -->\n<title>Proyecto - Aig\u00fces del Segarra Garrigues<\/title>\n<meta name=\"robots\" content=\"index, follow, max-snippet:-1, max-image-preview:large, max-video-preview:-1\" \/>\n<link rel=\"canonical\" href=\"https:\/\/www.aiguessegarragarrigues.cat\/es\/proyecto\/\" \/>\n<meta property=\"og:locale\" content=\"es_ES\" \/>\n<meta property=\"og:type\" content=\"article\" \/>\n<meta property=\"og:title\" content=\"Proyecto - Aig\u00fces del Segarra Garrigues\" \/>\n<meta property=\"og:url\" content=\"https:\/\/www.aiguessegarragarrigues.cat\/es\/proyecto\/\" \/>\n<meta property=\"og:site_name\" content=\"Aig\u00fces del Segarra Garrigues\" \/>\n<meta property=\"article:modified_time\" content=\"2019-10-03T09:01:12+00:00\" \/>\n<meta name=\"twitter:card\" content=\"summary_large_image\" \/>\n<meta name=\"twitter:label1\" content=\"Tiempo de lectura\" \/>\n\t<meta name=\"twitter:data1\" content=\"14 minutos\" \/>\n<script type=\"application\/ld+json\" class=\"yoast-schema-graph\">{\"@context\":\"https:\/\/schema.org\",\"@graph\":[{\"@type\":\"WebPage\",\"@id\":\"https:\/\/www.aiguessegarragarrigues.cat\/es\/proyecto\/\",\"url\":\"https:\/\/www.aiguessegarragarrigues.cat\/es\/proyecto\/\",\"name\":\"Proyecto - Aig\u00fces del Segarra Garrigues\",\"isPartOf\":{\"@id\":\"https:\/\/www.aiguessegarragarrigues.cat\/es\/#website\"},\"datePublished\":\"2019-03-26T15:43:56+00:00\",\"dateModified\":\"2019-10-03T09:01:12+00:00\",\"breadcrumb\":{\"@id\":\"https:\/\/www.aiguessegarragarrigues.cat\/es\/proyecto\/#breadcrumb\"},\"inLanguage\":\"es\",\"potentialAction\":[{\"@type\":\"ReadAction\",\"target\":[[\"https:\/\/www.aiguessegarragarrigues.cat\/es\/proyecto\/\"]]}]},{\"@type\":\"BreadcrumbList\",\"@id\":\"https:\/\/www.aiguessegarragarrigues.cat\/es\/proyecto\/#breadcrumb\",\"itemListElement\":[{\"@type\":\"ListItem\",\"position\":1,\"name\":\"Inici\",\"item\":\"https:\/\/www.aiguessegarragarrigues.cat\/es\/\"},{\"@type\":\"ListItem\",\"position\":2,\"name\":\"Projecte\"}]},{\"@type\":\"WebSite\",\"@id\":\"https:\/\/www.aiguessegarragarrigues.cat\/es\/#website\",\"url\":\"https:\/\/www.aiguessegarragarrigues.cat\/es\/\",\"name\":\"Aig\u00fces del Segarra Garrigues\",\"description\":\"\",\"potentialAction\":[{\"@type\":\"SearchAction\",\"target\":{\"@type\":\"EntryPoint\",\"urlTemplate\":\"https:\/\/www.aiguessegarragarrigues.cat\/es\/?s={search_term_string}\"},\"query-input\":{\"@type\":\"PropertyValueSpecification\",\"valueRequired\":true,\"valueName\":\"search_term_string\"}}],\"inLanguage\":\"es\"}]}<\/script>\n<!-- \/ Yoast SEO plugin. -->","yoast_head_json":{"title":"Proyecto - Aig\u00fces del Segarra Garrigues","robots":{"index":"index","follow":"follow","max-snippet":"max-snippet:-1","max-image-preview":"max-image-preview:large","max-video-preview":"max-video-preview:-1"},"canonical":"https:\/\/www.aiguessegarragarrigues.cat\/es\/proyecto\/","og_locale":"es_ES","og_type":"article","og_title":"Proyecto - Aig\u00fces del Segarra Garrigues","og_url":"https:\/\/www.aiguessegarragarrigues.cat\/es\/proyecto\/","og_site_name":"Aig\u00fces del Segarra Garrigues","article_modified_time":"2019-10-03T09:01:12+00:00","twitter_card":"summary_large_image","twitter_misc":{"Tiempo de lectura":"14 minutos"},"schema":{"@context":"https:\/\/schema.org","@graph":[{"@type":"WebPage","@id":"https:\/\/www.aiguessegarragarrigues.cat\/es\/proyecto\/","url":"https:\/\/www.aiguessegarragarrigues.cat\/es\/proyecto\/","name":"Proyecto - Aig\u00fces del Segarra Garrigues","isPartOf":{"@id":"https:\/\/www.aiguessegarragarrigues.cat\/es\/#website"},"datePublished":"2019-03-26T15:43:56+00:00","dateModified":"2019-10-03T09:01:12+00:00","breadcrumb":{"@id":"https:\/\/www.aiguessegarragarrigues.cat\/es\/proyecto\/#breadcrumb"},"inLanguage":"es","potentialAction":[{"@type":"ReadAction","target":[["https:\/\/www.aiguessegarragarrigues.cat\/es\/proyecto\/"]]}]},{"@type":"BreadcrumbList","@id":"https:\/\/www.aiguessegarragarrigues.cat\/es\/proyecto\/#breadcrumb","itemListElement":[{"@type":"ListItem","position":1,"name":"Inici","item":"https:\/\/www.aiguessegarragarrigues.cat\/es\/"},{"@type":"ListItem","position":2,"name":"Projecte"}]},{"@type":"WebSite","@id":"https:\/\/www.aiguessegarragarrigues.cat\/es\/#website","url":"https:\/\/www.aiguessegarragarrigues.cat\/es\/","name":"Aig\u00fces del Segarra Garrigues","description":"","potentialAction":[{"@type":"SearchAction","target":{"@type":"EntryPoint","urlTemplate":"https:\/\/www.aiguessegarragarrigues.cat\/es\/?s={search_term_string}"},"query-input":{"@type":"PropertyValueSpecification","valueRequired":true,"valueName":"search_term_string"}}],"inLanguage":"es"}]}},"_links":{"self":[{"href":"https:\/\/www.aiguessegarragarrigues.cat\/es\/wp-json\/wp\/v2\/pages\/57","targetHints":{"allow":["GET"]}}],"collection":[{"href":"https:\/\/www.aiguessegarragarrigues.cat\/es\/wp-json\/wp\/v2\/pages"}],"about":[{"href":"https:\/\/www.aiguessegarragarrigues.cat\/es\/wp-json\/wp\/v2\/types\/page"}],"author":[{"embeddable":true,"href":"https:\/\/www.aiguessegarragarrigues.cat\/es\/wp-json\/wp\/v2\/users\/1"}],"replies":[{"embeddable":true,"href":"https:\/\/www.aiguessegarragarrigues.cat\/es\/wp-json\/wp\/v2\/comments?post=57"}],"version-history":[{"count":44,"href":"https:\/\/www.aiguessegarragarrigues.cat\/es\/wp-json\/wp\/v2\/pages\/57\/revisions"}],"predecessor-version":[{"id":3939,"href":"https:\/\/www.aiguessegarragarrigues.cat\/es\/wp-json\/wp\/v2\/pages\/57\/revisions\/3939"}],"wp:attachment":[{"href":"https:\/\/www.aiguessegarragarrigues.cat\/es\/wp-json\/wp\/v2\/media?parent=57"}],"curies":[{"name":"wp","href":"https:\/\/api.w.org\/{rel}","templated":true}]}}