{"id":4549,"date":"2021-06-18T19:01:09","date_gmt":"2021-06-18T17:01:09","guid":{"rendered":"https:\/\/www.aiguessegarragarrigues.cat\/?page_id=4549"},"modified":"2022-04-19T11:46:07","modified_gmt":"2022-04-19T09:46:07","slug":"formulari-de-demandant-de-gran-superficie","status":"publish","type":"page","link":"https:\/\/www.aiguessegarragarrigues.cat\/es\/formulari-de-demandant-de-gran-superficie\/","title":{"rendered":"BDT-Demandante de Tierra"},"content":{"rendered":"<p><div class=\"fusion-fullwidth fullwidth-box fusion-builder-row-3 fusion-flex-container nonhundred-percent-fullwidth non-hundred-percent-height-scrolling\" style=\"--awb-border-radius-top-left:0px;--awb-border-radius-top-right:0px;--awb-border-radius-bottom-right:0px;--awb-border-radius-bottom-left:0px;--awb-flex-wrap:wrap;\" ><div class=\"fusion-builder-row fusion-row fusion-flex-align-items-flex-start fusion-flex-content-wrap\" style=\"max-width:calc( 1300px + 0px );margin-left: calc(-0px \/ 2 );margin-right: calc(-0px \/ 2 );\"><div class=\"fusion-layout-column fusion_builder_column fusion-builder-column-5 fusion_builder_column_1_1 1_1 fusion-flex-column\" style=\"--awb-bg-size:cover;--awb-width-large:100%;--awb-margin-top-large:0px;--awb-spacing-right-large:0px;--awb-margin-bottom-large:0px;--awb-spacing-left-large:0px;--awb-width-medium:100%;--awb-spacing-right-medium:0px;--awb-spacing-left-medium:0px;--awb-width-small:100%;--awb-spacing-right-small:0px;--awb-spacing-left-small:0px;\"><div class=\"fusion-column-wrapper fusion-flex-justify-content-flex-start fusion-content-layout-column\"><div class=\"fusion-text fusion-text-2\">\n<div class=\"wpcf7 no-js\" id=\"wpcf7-f4823-o2\" lang=\"ca\" dir=\"ltr\" data-wpcf7-id=\"4823\">\n<div class=\"screen-reader-response\"><p role=\"status\" aria-live=\"polite\" aria-atomic=\"true\"><\/p> <ul><\/ul><\/div>\n<form action=\"\/es\/wp-json\/wp\/v2\/pages\/4549#wpcf7-f4823-o2\" method=\"post\" class=\"wpcf7-form init\" aria-label=\"Formulari de contacte\" novalidate=\"novalidate\" data-status=\"init\">\n<fieldset class=\"hidden-fields-container\"><input type=\"hidden\" name=\"_wpcf7\" value=\"4823\" \/><input type=\"hidden\" name=\"_wpcf7_version\" value=\"6.1.5\" \/><input type=\"hidden\" name=\"_wpcf7_locale\" value=\"ca\" \/><input type=\"hidden\" name=\"_wpcf7_unit_tag\" value=\"wpcf7-f4823-o2\" \/><input type=\"hidden\" name=\"_wpcf7_container_post\" value=\"0\" \/><input type=\"hidden\" name=\"_wpcf7_posted_data_hash\" value=\"\" \/><input type=\"hidden\" name=\"_wpcf7_recaptcha_response\" value=\"\" \/>\n<\/fieldset>\n<p><b>BANCO DE TIERRAS. FORMULARIO DEL INTERESADO<\/b><br \/>\n<b>1. Datos del solicitante<\/b>\n<\/p>\n<p><label>Nombre y Apellidos<br \/>\n<span class=\"wpcf7-form-control-wrap\" data-name=\"your-name\"><input size=\"40\" maxlength=\"400\" class=\"wpcf7-form-control wpcf7-text wpcf7-validates-as-required\" aria-required=\"true\" aria-invalid=\"false\" value=\"\" type=\"text\" name=\"your-name\" \/><\/span> <\/label>\n<\/p>\n<p><label> DNI<br \/>\n<span class=\"wpcf7-form-control-wrap\" data-name=\"text-850\"><input size=\"40\" maxlength=\"400\" class=\"wpcf7-form-control wpcf7-text\" aria-invalid=\"false\" value=\"\" type=\"text\" name=\"text-850\" \/><\/span> <\/label>\n<\/p>\n<p><label> Tel\u00e9fono de contacto<br \/>\n<span class=\"wpcf7-form-control-wrap\" data-name=\"tel-956\"><input size=\"40\" maxlength=\"400\" class=\"wpcf7-form-control wpcf7-tel wpcf7-text wpcf7-validates-as-tel\" aria-invalid=\"false\" value=\"\" type=\"tel\" name=\"tel-956\" \/><\/span> <\/label>\n<\/p>\n<p><label> Correo electr\u00f3nico<br \/>\n<span class=\"wpcf7-form-control-wrap\" data-name=\"your-email\"><input size=\"40\" maxlength=\"400\" class=\"wpcf7-form-control wpcf7-email wpcf7-validates-as-required wpcf7-text wpcf7-validates-as-email\" aria-required=\"true\" aria-invalid=\"false\" value=\"\" type=\"email\" name=\"your-email\" \/><\/span> <\/label>\n<\/p>\n<p><label> Direcci\u00f3n postal<br \/>\n<span class=\"wpcf7-form-control-wrap\" data-name=\"text-330\"><input size=\"40\" maxlength=\"400\" class=\"wpcf7-form-control wpcf7-text\" aria-invalid=\"false\" value=\"\" type=\"text\" name=\"text-330\" \/><\/span> <\/label>\n<\/p>\n<p><b>2.a. Fincas individuales (En caso de estar interesado en una finca)<\/b><br \/>\n<label><br \/>\nDescriba la finca sobre la que tiene inter\u00e9s:<br \/>\n<span class=\"wpcf7-form-control-wrap\" data-name=\"textarea-943\"><textarea cols=\"40\" rows=\"10\" maxlength=\"2000\" class=\"wpcf7-form-control wpcf7-textarea\" aria-invalid=\"false\" name=\"textarea-943\">(ponga el nombre del municipio seguido del pol\u00edgono y parcela: Ej. LES BORGES BLANQUES, 509\/1)<\/textarea><\/span> <\/label>\n<\/p>\n<p><b>2.b. Grandes superficies (En caso de estar interesado en diversas fincas)<\/b><br \/>\n<label><br \/>\nDescriba las fincas sobre las que desee ofrecer negocios de compra o arrendamiento sobre Grandes Superficies en el Banco de Tierras. Debe tratarse de una finca o un conjunto de fincas lim\u00edtrofes con una superficie total superior a las cincuenta hect\u00e1reas.<br \/>\n<span class=\"wpcf7-form-control-wrap\" data-name=\"textarea-55\"><textarea cols=\"40\" rows=\"10\" maxlength=\"2000\" class=\"wpcf7-form-control wpcf7-textarea\" aria-invalid=\"false\" name=\"textarea-55\">(Ponga el municipio o municipios y la zona o zonas del municipio que esta interesado, si quiere comprar o arrendar, la superf\u00edcie aproximada que le interesa, y si toda la superf\u00edcie debe estar junta o puede estar separada, y en caso de que puedan estar separadas, cuanta superf\u00edcie m\u00ednima de cada una de los rollos o piezas. EJEMPLO. Castelldans, El Pla de Moles i els Vinyars, comprar 40 ha, en rollos de como m\u00ednimo 10 ha).<\/textarea><\/span><br \/>\n<span class=\"wpcf7-form-control-wrap\" data-name=\"checkbox-379\"><span class=\"wpcf7-form-control wpcf7-checkbox wpcf7-validates-as-required\"><span class=\"wpcf7-list-item first last\"><label><input type=\"checkbox\" name=\"checkbox-379[]\" value=\"El solicitante declara que tiene las facultades o poderes suficientes como para llevar a cabo el negocio o negocios ofrecidos en el Banco de Tierras sobre las fincas descritas en el punto 2 anterior. El solicitante tambi\u00e9n garantiza y se hace responsable de la veracidad y correcci\u00f3n de toda la informaci\u00f3n facilitada en este documento, incluyendo los datos personales.\" \/><span class=\"wpcf7-list-item-label\">El solicitante declara que tiene las facultades o poderes suficientes como para llevar a cabo el negocio o negocios ofrecidos en el Banco de Tierras sobre las fincas descritas en el punto 2 anterior. El solicitante tambi\u00e9n garantiza y se hace responsable de la veracidad y correcci\u00f3n de toda la informaci\u00f3n facilitada en este documento, incluyendo los datos personales.<\/span><\/label><\/span><\/span><\/span><br \/>\n<b>3. Declaraciones del solicitante<\/b><br \/>\nEl solicitante declara que tiene las facultades o poderes suficientes como para llevar a cabo el negocio o negocios ofrecidos en el Banco de Tierras sobre las fincas descritas en el punto 2 anterior. El solicitante tambi\u00e9n garantiza y se hace responsable de la veracidad y correcci\u00f3n de toda la informaci\u00f3n facilitada en este documento, incluyendo los datos personales.<br \/>\n<b>4. Solicitud<\/b><br \/>\nEl solicitante pide a Aig\u00fces del Segarra Garrigues, S.A. (ASG) que lleve a cabo las tareas necesarias para facilitarle los datos de contacto del anunciante que ofrece, a trav\u00e9s del Banco de Tierras, negocios sobre la finca indicada en el apartado 2. A estos efectos, el solicitante declara que: Quiere hace uso de la plataforma del Banco de Tierras en calidad de Interesado. ASG le ha facilitado, antes de la firma de este documento, las Condiciones Generales del Banco de Tierras, las Condiciones Particulares de los Usuarios Ofertantes, y el Aviso Legal, que el solicitante ha le\u00eddo y acepta.<br \/>\n<b>5. Contacto<\/b><br \/>\nEl solicitante desea ser contactado, en calidad de Interesado, por parte de ASG, a trav\u00e9s de (puede se\u00f1alar lo dos tipos si le conviene):<br \/>\n<span class=\"wpcf7-form-control-wrap\" data-name=\"checkbox-634\"><span class=\"wpcf7-form-control wpcf7-checkbox\"><span class=\"wpcf7-list-item first\"><label><input type=\"checkbox\" name=\"checkbox-634[]\" value=\"TEL\u00c9FONO\" \/><span class=\"wpcf7-list-item-label\">TEL\u00c9FONO<\/span><\/label><\/span><span class=\"wpcf7-list-item\"><label><input type=\"checkbox\" name=\"checkbox-634[]\" value=\"CORREO ELECTR\u00d3NICO\" \/><span class=\"wpcf7-list-item-label\">CORREO ELECTR\u00d3NICO<\/span><\/label><\/span><span class=\"wpcf7-list-item last\"><label><input type=\"checkbox\" name=\"checkbox-634[]\" value=\"CUALQUIERA DE LOS DOS\" \/><span class=\"wpcf7-list-item-label\">CUALQUIERA DE LOS DOS<\/span><\/label><\/span><\/span><\/span><br \/>\n<b>6. Tratamiento de datos personales<\/b><br \/>\nCesiones de datos personales los usuarios del Banco de Tierras: el solicitante declara que solo utilizar\u00e1 los datos personales de contacto que le pueda ceder ASG con la \u00fanica finalidad de explorar posibles negocios con los Usuarios propietarios de los datos personales cedidos.<br \/>\nTratamiento por parte de ASG: para poder prestar el servicio del Banco de Tierras al solicitante, facilitar el contacto con posibles interesados en los negocios ofrecidos y poder realizar un seguimiento de las publicaciones en el Banco de Tierras, Aig\u00fces del Segarra Garrigues, S.A., con NIF: A25529074 y domicilio en la calle Mas d\u2019en Colom, 14, (Pol. Ind. La Canaleta) de T\u00e0rrega (CP: 25300), necesita tratar, como responsable del tratamiento, los datos personales que el solicitante comunica en este documento. Las finalidades de los mencionado tratamientos ser\u00e1n la operativa del Banco de Tierras. ASG tambi\u00e9n podr\u00e1 tratar los datos personales para el cumplimiento con sus obligaciones legales.<br \/>\nEl tratamiento de los datos es necesario para la operativa del Banco de Tierras, de manera que i el solicitante no las facilita o se opone a su tratamiento, ASG no podr\u00e1 cumplir con su compromiso. En cualquier caso, el solicitante podr\u00e1 ejercer ante ASG lo derechos de acceso, rectificaci\u00f3n o supresi\u00f3n, la limitaci\u00f3n del tratamiento o oposici\u00f3n, as\u00ed como el derecho a la portabilidad de lo datos o cualquier otro derecho reconocido por la normativa de protecci\u00f3n de datos aplicable en cada momento, enviando un escrito a C\/ Mas d\u2019en Colom, 14, (Pol. Ind. La Canaleta) de T\u00e0rrega (CP: 25300), o bien a la direcci\u00f3n de correo electr\u00f3nico dades@aigues-asg.es, junto con una copia de su DNI (u otro documento oficial que acredite su identidad). As\u00ed mismo, si el solicitante lo considera oportuno, tambi\u00e9n puede presentar una reclamaci\u00f3n o cualquier cuesti\u00f3n relacionada con el cumplimiento de la normativa de protecci\u00f3n de datos ante la Agencia Espa\u00f1ola de Protecci\u00f3n de Datos (www.aepd.es).<br \/>\nEl solicitante encontrar\u00e1 m\u00e1s informaci\u00f3n sobre el tratamiento de sus datos personales por parte de ASG en los documento que se entregan juntamente con este formulario, y a <a href=\"https:\/\/www.aiguessegarragarrigues.cat\/es\/politica-de-privacitat\/\">Pol\u00edtica de privacidad<\/a><br \/>\n<span class=\"wpcf7-form-control-wrap\" data-name=\"checkbox-550\"><span class=\"wpcf7-form-control wpcf7-checkbox wpcf7-validates-as-required\"><span class=\"wpcf7-list-item first last\"><label><input type=\"checkbox\" name=\"checkbox-550[]\" value=\"Estoy de acuerdo con lo establecido en este formulario\" \/><span class=\"wpcf7-list-item-label\">Estoy de acuerdo con lo establecido en este formulario<\/span><\/label><\/span><\/span><\/span><br \/>\n<input class=\"wpcf7-form-control wpcf7-submit has-spinner\" type=\"submit\" value=\"Envia\" \/><\/label>\n<\/p><p style=\"display: none !important;\" class=\"akismet-fields-container\" data-prefix=\"_wpcf7_ak_\"><label>&#916;<textarea name=\"_wpcf7_ak_hp_textarea\" cols=\"45\" rows=\"8\" maxlength=\"100\"><\/textarea><\/label><input type=\"hidden\" id=\"ak_js_2\" name=\"_wpcf7_ak_js\" value=\"164\"\/><script>document.getElementById( \"ak_js_2\" ).setAttribute( \"value\", ( new Date() ).getTime() );<\/script><\/p><div class=\"fusion-alert alert custom alert-custom fusion-alert-center wpcf7-response-output fusion-alert-capitalize awb-alert-native-link-color alert-dismissable awb-alert-close-boxed\" style=\"--awb-border-size:1px;--awb-border-top-left-radius:0px;--awb-border-top-right-radius:0px;--awb-border-bottom-left-radius:0px;--awb-border-bottom-right-radius:0px;\" role=\"alert\"><div class=\"fusion-alert-content-wrapper\"><span class=\"fusion-alert-content\"><\/span><\/div><button type=\"button\" class=\"close toggle-alert\" data-dismiss=\"alert\" aria-label=\"Close\">&times;<\/button><\/div>\n<\/form>\n<\/div>\n\n<\/div><\/div><\/div><\/div><\/div><\/p>","protected":false},"excerpt":{"rendered":"","protected":false},"author":1,"featured_media":0,"parent":0,"menu_order":0,"comment_status":"closed","ping_status":"closed","template":"","meta":{"footnotes":"","_links_to":"","_links_to_target":""},"class_list":["post-4549","page","type-page","status-publish","hentry"],"yoast_head":"<!-- This site is optimized with the Yoast SEO plugin v27.0 - https:\/\/yoast.com\/product\/yoast-seo-wordpress\/ -->\n<title>BDT-Demandante de Tierra - Aig\u00fces del Segarra Garrigues<\/title>\n<meta name=\"robots\" content=\"index, follow, max-snippet:-1, max-image-preview:large, max-video-preview:-1\" \/>\n<link rel=\"canonical\" href=\"https:\/\/www.aiguessegarragarrigues.cat\/es\/formulari-de-demandant-de-gran-superficie\/\" \/>\n<meta property=\"og:locale\" content=\"es_ES\" \/>\n<meta property=\"og:type\" content=\"article\" \/>\n<meta property=\"og:title\" content=\"BDT-Demandante de Tierra - Aig\u00fces del Segarra Garrigues\" \/>\n<meta property=\"og:url\" content=\"https:\/\/www.aiguessegarragarrigues.cat\/es\/formulari-de-demandant-de-gran-superficie\/\" \/>\n<meta property=\"og:site_name\" content=\"Aig\u00fces del Segarra Garrigues\" \/>\n<meta property=\"article:modified_time\" content=\"2022-04-19T09:46:07+00:00\" \/>\n<meta name=\"twitter:card\" content=\"summary_large_image\" \/>\n<meta name=\"twitter:label1\" content=\"Tiempo de lectura\" \/>\n\t<meta name=\"twitter:data1\" content=\"5 minutos\" \/>\n<script type=\"application\/ld+json\" class=\"yoast-schema-graph\">{\"@context\":\"https:\/\/schema.org\",\"@graph\":[{\"@type\":\"WebPage\",\"@id\":\"https:\/\/www.aiguessegarragarrigues.cat\/es\/formulari-de-demandant-de-gran-superficie\/\",\"url\":\"https:\/\/www.aiguessegarragarrigues.cat\/es\/formulari-de-demandant-de-gran-superficie\/\",\"name\":\"BDT-Demandante de Tierra - Aig\u00fces del Segarra Garrigues\",\"isPartOf\":{\"@id\":\"https:\/\/www.aiguessegarragarrigues.cat\/es\/#website\"},\"datePublished\":\"2021-06-18T17:01:09+00:00\",\"dateModified\":\"2022-04-19T09:46:07+00:00\",\"breadcrumb\":{\"@id\":\"https:\/\/www.aiguessegarragarrigues.cat\/es\/formulari-de-demandant-de-gran-superficie\/#breadcrumb\"},\"inLanguage\":\"es\",\"potentialAction\":[{\"@type\":\"ReadAction\",\"target\":[[\"https:\/\/www.aiguessegarragarrigues.cat\/es\/formulari-de-demandant-de-gran-superficie\/\"]]}]},{\"@type\":\"BreadcrumbList\",\"@id\":\"https:\/\/www.aiguessegarragarrigues.cat\/es\/formulari-de-demandant-de-gran-superficie\/#breadcrumb\",\"itemListElement\":[{\"@type\":\"ListItem\",\"position\":1,\"name\":\"Inici\",\"item\":\"https:\/\/www.aiguessegarragarrigues.cat\/es\/\"},{\"@type\":\"ListItem\",\"position\":2,\"name\":\"BDT-Demandant de Terra\"}]},{\"@type\":\"WebSite\",\"@id\":\"https:\/\/www.aiguessegarragarrigues.cat\/es\/#website\",\"url\":\"https:\/\/www.aiguessegarragarrigues.cat\/es\/\",\"name\":\"Aig\u00fces del Segarra Garrigues\",\"description\":\"\",\"potentialAction\":[{\"@type\":\"SearchAction\",\"target\":{\"@type\":\"EntryPoint\",\"urlTemplate\":\"https:\/\/www.aiguessegarragarrigues.cat\/es\/?s={search_term_string}\"},\"query-input\":{\"@type\":\"PropertyValueSpecification\",\"valueRequired\":true,\"valueName\":\"search_term_string\"}}],\"inLanguage\":\"es\"}]}<\/script>\n<!-- \/ Yoast SEO plugin. -->","yoast_head_json":{"title":"BDT-Demandante de Tierra - Aig\u00fces del Segarra Garrigues","robots":{"index":"index","follow":"follow","max-snippet":"max-snippet:-1","max-image-preview":"max-image-preview:large","max-video-preview":"max-video-preview:-1"},"canonical":"https:\/\/www.aiguessegarragarrigues.cat\/es\/formulari-de-demandant-de-gran-superficie\/","og_locale":"es_ES","og_type":"article","og_title":"BDT-Demandante de Tierra - Aig\u00fces del Segarra Garrigues","og_url":"https:\/\/www.aiguessegarragarrigues.cat\/es\/formulari-de-demandant-de-gran-superficie\/","og_site_name":"Aig\u00fces del Segarra Garrigues","article_modified_time":"2022-04-19T09:46:07+00:00","twitter_card":"summary_large_image","twitter_misc":{"Tiempo de lectura":"5 minutos"},"schema":{"@context":"https:\/\/schema.org","@graph":[{"@type":"WebPage","@id":"https:\/\/www.aiguessegarragarrigues.cat\/es\/formulari-de-demandant-de-gran-superficie\/","url":"https:\/\/www.aiguessegarragarrigues.cat\/es\/formulari-de-demandant-de-gran-superficie\/","name":"BDT-Demandante de Tierra - Aig\u00fces del Segarra Garrigues","isPartOf":{"@id":"https:\/\/www.aiguessegarragarrigues.cat\/es\/#website"},"datePublished":"2021-06-18T17:01:09+00:00","dateModified":"2022-04-19T09:46:07+00:00","breadcrumb":{"@id":"https:\/\/www.aiguessegarragarrigues.cat\/es\/formulari-de-demandant-de-gran-superficie\/#breadcrumb"},"inLanguage":"es","potentialAction":[{"@type":"ReadAction","target":[["https:\/\/www.aiguessegarragarrigues.cat\/es\/formulari-de-demandant-de-gran-superficie\/"]]}]},{"@type":"BreadcrumbList","@id":"https:\/\/www.aiguessegarragarrigues.cat\/es\/formulari-de-demandant-de-gran-superficie\/#breadcrumb","itemListElement":[{"@type":"ListItem","position":1,"name":"Inici","item":"https:\/\/www.aiguessegarragarrigues.cat\/es\/"},{"@type":"ListItem","position":2,"name":"BDT-Demandant de Terra"}]},{"@type":"WebSite","@id":"https:\/\/www.aiguessegarragarrigues.cat\/es\/#website","url":"https:\/\/www.aiguessegarragarrigues.cat\/es\/","name":"Aig\u00fces del Segarra Garrigues","description":"","potentialAction":[{"@type":"SearchAction","target":{"@type":"EntryPoint","urlTemplate":"https:\/\/www.aiguessegarragarrigues.cat\/es\/?s={search_term_string}"},"query-input":{"@type":"PropertyValueSpecification","valueRequired":true,"valueName":"search_term_string"}}],"inLanguage":"es"}]}},"_links":{"self":[{"href":"https:\/\/www.aiguessegarragarrigues.cat\/es\/wp-json\/wp\/v2\/pages\/4549","targetHints":{"allow":["GET"]}}],"collection":[{"href":"https:\/\/www.aiguessegarragarrigues.cat\/es\/wp-json\/wp\/v2\/pages"}],"about":[{"href":"https:\/\/www.aiguessegarragarrigues.cat\/es\/wp-json\/wp\/v2\/types\/page"}],"author":[{"embeddable":true,"href":"https:\/\/www.aiguessegarragarrigues.cat\/es\/wp-json\/wp\/v2\/users\/1"}],"replies":[{"embeddable":true,"href":"https:\/\/www.aiguessegarragarrigues.cat\/es\/wp-json\/wp\/v2\/comments?post=4549"}],"version-history":[{"count":6,"href":"https:\/\/www.aiguessegarragarrigues.cat\/es\/wp-json\/wp\/v2\/pages\/4549\/revisions"}],"predecessor-version":[{"id":4980,"href":"https:\/\/www.aiguessegarragarrigues.cat\/es\/wp-json\/wp\/v2\/pages\/4549\/revisions\/4980"}],"wp:attachment":[{"href":"https:\/\/www.aiguessegarragarrigues.cat\/es\/wp-json\/wp\/v2\/media?parent=4549"}],"curies":[{"name":"wp","href":"https:\/\/api.w.org\/{rel}","templated":true}]}}