{"id":3614,"date":"2019-08-28T11:34:50","date_gmt":"2019-08-28T09:34:50","guid":{"rendered":"https:\/\/www.aiguessegarragarrigues.cat\/?page_id=3614"},"modified":"2019-08-28T11:35:13","modified_gmt":"2019-08-28T09:35:13","slug":"arbeca-rego-2","status":"publish","type":"page","link":"https:\/\/www.aiguessegarragarrigues.cat\/es\/no\/arbeca-rego-2\/","title":{"rendered":"Artesa de Segre (No Riego)"},"content":{"rendered":"<p><\/p>\n<h1><span style=\"color: #153c7f;\"><strong><span style=\"font-family: helvetica, arial, sans-serif;\">Artesa de Segre<\/span><\/strong><\/span><\/h1>\n<p><span style=\"color: #153c7f;\"><strong><span style=\"font-family: helvetica, arial, sans-serif; font-size: 14pt;\">Situaci\u00f3n: Finca que no riega<\/span><\/strong><\/span><\/p>\n<p><span style=\"font-weight: 400; font-family: helvetica, arial, sans-serif;\">Actualmente toda la zona regable del municipio tiene acceso al agua.<\/span><\/p>\n<p><span style=\"font-family: helvetica, arial, sans-serif;\"><span style=\"font-weight: 400;\">Si quiere poner su finca en riego, informaci\u00f3n de cultivos o posibilidades de arrendamiento puede encontrar informaci\u00f3n <\/span><a href=\"\/diptico-beneficios-del-regadio\/\"><span style=\"font-weight: 400;\">aqu\u00ed<\/span><\/a><span style=\"font-weight: 400;\"> o poni\u00e9ndose en contacto con el <\/span><a href=\"\/contacta\"><span style=\"font-weight: 400;\">Departamento de Territorio.<\/span><\/a><\/span><\/p>\n<p><span style=\"font-family: helvetica, arial, sans-serif;\"><span style=\"font-weight: 400;\">Tambi\u00e9n puede ser de su inter\u00e9s la informaci\u00f3n sobre las <\/span><a href=\"\/fincas-demostrativas\/\"><span style=\"font-weight: 400;\">fincas demostrativas<\/span><\/a><span style=\"font-weight: 400;\">.<\/span><\/span><\/p>\n<p><span style=\"font-family: helvetica, arial, sans-serif;\"><span style=\"font-weight: 400;\">Mediante acuerdo de la Junta General de la Comunidad, adoptado en la sesi\u00f3n de 28 de Mayo de 2011, se aprobaron unos recargos del 10, 20 y 30% sobre los importes correspondientes a la tarifa de servicio de fincas situadas en sectores de riego que ya llevan m\u00e1s de dos campa\u00f1as en servicio y sus propietarios a\u00fan no han firmado el convenio de adhesi\u00f3n al regad\u00edo. De a\u00f1o en a\u00f1o, la fecha fijada para le entrada en vigor de estos recargos, ser\u00e1 el d\u00eda 1 de Noviembre y se aplicar\u00e1 autom\u00e1ticamente. <\/span><b>Actualmente en Artesa de Segre se aplica un recargo del 30%, <\/b><span style=\"font-weight: 400;\">excepto en la zona que cuelga del <\/span><b>sector 3 <\/b><span style=\"font-weight: 400;\">donde, de momento, <\/span><b>no se aplica ning\u00fan recargo.<\/b><\/span><\/p>\n<table style=\"width: 64.4031%; height: 127px;\">\n<tbody>\n<tr style=\"height: 26px;\">\n<td style=\"border-style: solid; border-color: #153c7f; text-align: center; vertical-align: middle; height: 26px;\"><span style=\"color: #000000;\"><strong><span style=\"font-family: helvetica, arial, sans-serif;\">SECTOR<\/span><\/strong><\/span><\/td>\n<td style=\"border-style: solid; border-color: #153c7f; text-align: center; vertical-align: middle; height: 26px;\"><span style=\"color: #000000;\"><strong><span style=\"font-family: helvetica, arial, sans-serif;\">PISO<\/span><\/strong><\/span><\/td>\n<td style=\"border-style: solid; border-color: #153c7f; text-align: center; vertical-align: middle; height: 26px;\"><span style=\"color: #000000;\"><strong><span style=\"font-family: helvetica, arial, sans-serif;\">1\u00ba CAMPA\u00d1A RIEGO<\/span><\/strong><\/span><\/td>\n<td style=\"border-style: solid; border-color: #153c7f; text-align: center; vertical-align: middle; height: 26px;\"><span style=\"color: #000000;\"><strong><span style=\"font-family: helvetica, arial, sans-serif;\">FECHA RECARGO<\/span><\/strong><\/span><\/td>\n<td style=\"border-style: solid; border-color: #153c7f; text-align: center; vertical-align: middle; height: 26px;\"><span style=\"color: #000000;\"><strong><span style=\"font-family: helvetica, arial, sans-serif;\">PR\u00d3XIMO RECARGO<\/span><\/strong><\/span><\/td>\n<\/tr>\n<tr style=\"height: 20px;\">\n<td style=\"border-style: solid; border-color: #153c7f; text-align: center; vertical-align: middle; height: 20px;\"><span style=\"font-weight: 400; font-family: helvetica, arial, sans-serif;\">2<\/span><\/td>\n<td style=\"border-style: solid; border-color: #153c7f; text-align: center; vertical-align: middle; height: 20px;\"><span style=\"font-weight: 400; font-family: helvetica, arial, sans-serif;\">A\/B<\/span><\/td>\n<td style=\"border-style: solid; border-color: #153c7f; text-align: center; vertical-align: middle; height: 20px;\"><span style=\"font-weight: 400; font-family: helvetica, arial, sans-serif;\">2014<\/span><\/td>\n<td style=\"border-style: solid; border-color: #153c7f; text-align: center; vertical-align: middle; height: 20px;\"><span style=\"font-weight: 400; font-family: helvetica, arial, sans-serif;\">1-NOV-2015<\/span><\/td>\n<td style=\"border-style: solid; border-color: #153c7f; text-align: center; vertical-align: middle; height: 20px;\"><span style=\"font-weight: 400; font-family: helvetica, arial, sans-serif;\">10%<\/span><\/td>\n<\/tr>\n<tr style=\"height: 21px;\">\n<td style=\"border-style: solid; border-color: #153c7f; text-align: center; vertical-align: middle; height: 21px;\"><span style=\"font-weight: 400; font-family: helvetica, arial, sans-serif;\">\u00a0<\/span><\/td>\n<td style=\"border-style: solid; border-color: #153c7f; text-align: center; vertical-align: middle; height: 21px;\"><span style=\"font-weight: 400; font-family: helvetica, arial, sans-serif;\">C<\/span><\/td>\n<td style=\"border-style: solid; border-color: #153c7f; text-align: center; vertical-align: middle; height: 21px;\"><span style=\"font-weight: 400; font-family: helvetica, arial, sans-serif;\">2011<\/span><\/td>\n<td style=\"border-style: solid; border-color: #153c7f; text-align: center; vertical-align: middle; height: 21px;\"><span style=\"font-weight: 400; font-family: helvetica, arial, sans-serif;\">1-NOV-2014<\/span><\/td>\n<td style=\"border-style: solid; border-color: #153c7f; text-align: center; vertical-align: middle; height: 21px;\"><span style=\"font-weight: 400; font-family: helvetica, arial, sans-serif;\">30%<\/span><\/td>\n<\/tr>\n<tr style=\"height: 15px;\">\n<td style=\"border-style: solid; border-color: #153c7f; text-align: center; vertical-align: middle; height: 15px;\"><span style=\"font-weight: 400; font-family: helvetica, arial, sans-serif;\">\u00a0<\/span><\/td>\n<td style=\"border-style: solid; border-color: #153c7f; text-align: center; vertical-align: middle; height: 15px;\"><span style=\"font-weight: 400; font-family: helvetica, arial, sans-serif;\">D<\/span><\/td>\n<td style=\"border-style: solid; border-color: #153c7f; text-align: center; vertical-align: middle; height: 15px;\"><span style=\"font-weight: 400; font-family: helvetica, arial, sans-serif;\">2011<\/span><\/td>\n<td style=\"border-style: solid; border-color: #153c7f; text-align: center; vertical-align: middle; height: 15px;\"><span style=\"font-weight: 400; font-family: helvetica, arial, sans-serif;\">1-NOV-2014<\/span><\/td>\n<td style=\"border-style: solid; border-color: #153c7f; text-align: center; vertical-align: middle; height: 15px;\"><span style=\"font-weight: 400; font-family: helvetica, arial, sans-serif;\">30%<\/span><\/td>\n<\/tr>\n<tr style=\"height: 26px;\">\n<td style=\"border-style: solid; border-color: #153c7f; text-align: center; vertical-align: middle; height: 26px;\"><span style=\"font-weight: 400; font-family: helvetica, arial, sans-serif;\">3<\/span><\/td>\n<td style=\"border-style: solid; border-color: #153c7f; text-align: center; vertical-align: middle; height: 26px;\"><span style=\"font-weight: 400; font-family: helvetica, arial, sans-serif;\">C<\/span><\/td>\n<td style=\"border-style: solid; border-color: #153c7f; text-align: center; vertical-align: middle; height: 26px;\"><span style=\"font-weight: 400; font-family: helvetica, arial, sans-serif;\">2014<\/span><\/td>\n<td style=\"border-style: solid; border-color: #153c7f; text-align: center; vertical-align: middle; height: 26px;\"><span style=\"font-weight: 400; font-family: helvetica, arial, sans-serif;\">1-NOV-2015<\/span><\/td>\n<td style=\"border-style: solid; border-color: #153c7f; text-align: center; vertical-align: middle; height: 26px;\"><span style=\"font-weight: 400; font-family: helvetica, arial, sans-serif;\">10%<\/span><\/td>\n<\/tr>\n<tr style=\"height: 19px;\">\n<td style=\"border-style: solid; border-color: #153c7f; text-align: center; vertical-align: middle; height: 19px;\"><span style=\"font-weight: 400; font-family: helvetica, arial, sans-serif;\">\u00a0<\/span><\/td>\n<td style=\"border-style: solid; border-color: #153c7f; text-align: center; vertical-align: middle; height: 19px;\"><span style=\"font-weight: 400; font-family: helvetica, arial, sans-serif;\">D<\/span><\/td>\n<td style=\"border-style: solid; border-color: #153c7f; text-align: center; vertical-align: middle; height: 19px;\"><span style=\"font-weight: 400; font-family: helvetica, arial, sans-serif;\">2013<\/span><\/td>\n<td style=\"border-style: solid; border-color: #153c7f; text-align: center; vertical-align: middle; height: 19px;\"><span style=\"font-weight: 400; font-family: helvetica, arial, sans-serif;\">1-NOV-2015<\/span><\/td>\n<td style=\"border-style: solid; border-color: #153c7f; text-align: center; vertical-align: middle; height: 19px;\"><span style=\"font-weight: 400; font-family: helvetica, arial, sans-serif;\">20%<\/span><\/td>\n<\/tr>\n<\/tbody>\n<\/table>\n<p><img decoding=\"async\" class=\"alignnone size-full wp-image-3133\" src=\"https:\/\/www.aiguessegarragarrigues.cat\/wp-content\/uploads\/2019\/08\/artesa_de_segre_cat.jpg\" alt=\"\" width=\"1200\" height=\"848\" srcset=\"https:\/\/www.aiguessegarragarrigues.cat\/wp-content\/uploads\/2019\/08\/artesa_de_segre_cat-200x141.jpg 200w, https:\/\/www.aiguessegarragarrigues.cat\/wp-content\/uploads\/2019\/08\/artesa_de_segre_cat-300x212.jpg 300w, https:\/\/www.aiguessegarragarrigues.cat\/wp-content\/uploads\/2019\/08\/artesa_de_segre_cat-400x283.jpg 400w, https:\/\/www.aiguessegarragarrigues.cat\/wp-content\/uploads\/2019\/08\/artesa_de_segre_cat-600x424.jpg 600w, https:\/\/www.aiguessegarragarrigues.cat\/wp-content\/uploads\/2019\/08\/artesa_de_segre_cat-768x543.jpg 768w, https:\/\/www.aiguessegarragarrigues.cat\/wp-content\/uploads\/2019\/08\/artesa_de_segre_cat-800x565.jpg 800w, https:\/\/www.aiguessegarragarrigues.cat\/wp-content\/uploads\/2019\/08\/artesa_de_segre_cat-1024x724.jpg 1024w, https:\/\/www.aiguessegarragarrigues.cat\/wp-content\/uploads\/2019\/08\/artesa_de_segre_cat.jpg 1200w\" sizes=\"(max-width: 1200px) 100vw, 1200px\" \/><\/p>","protected":false},"excerpt":{"rendered":"<p>Artesa de Segre Situaci\u00f3n: Finca que no riega Actualmente toda la zona regable del municipio tiene acceso al agua. Si  [&#8230;]<\/p>\n","protected":false},"author":1,"featured_media":0,"parent":3043,"menu_order":0,"comment_status":"closed","ping_status":"closed","template":"","meta":{"footnotes":"","_links_to":"","_links_to_target":""},"class_list":["post-3614","page","type-page","status-publish","hentry"],"yoast_head":"<!-- This site is optimized with the Yoast SEO plugin v27.0 - https:\/\/yoast.com\/product\/yoast-seo-wordpress\/ -->\n<title>Artesa de Segre (No Riego) - Aig\u00fces del Segarra Garrigues<\/title>\n<meta name=\"robots\" content=\"index, follow, max-snippet:-1, max-image-preview:large, max-video-preview:-1\" \/>\n<link rel=\"canonical\" href=\"https:\/\/www.aiguessegarragarrigues.cat\/es\/no\/arbeca-rego-2\/\" \/>\n<meta property=\"og:locale\" content=\"es_ES\" \/>\n<meta property=\"og:type\" content=\"article\" \/>\n<meta property=\"og:title\" content=\"Artesa de Segre (No Riego) - Aig\u00fces del Segarra Garrigues\" \/>\n<meta property=\"og:description\" content=\"Artesa de Segre Situaci\u00f3n: Finca que no riega Actualmente toda la zona regable del municipio tiene acceso al agua. Si [...]\" \/>\n<meta property=\"og:url\" content=\"https:\/\/www.aiguessegarragarrigues.cat\/es\/no\/arbeca-rego-2\/\" \/>\n<meta property=\"og:site_name\" content=\"Aig\u00fces del Segarra Garrigues\" \/>\n<meta property=\"article:modified_time\" content=\"2019-08-28T09:35:13+00:00\" \/>\n<meta property=\"og:image\" content=\"https:\/\/www.aiguessegarragarrigues.cat\/wp-content\/uploads\/2019\/08\/artesa_de_segre_cat.jpg\" \/>\n<meta name=\"twitter:card\" content=\"summary_large_image\" \/>\n<meta name=\"twitter:label1\" content=\"Tiempo de lectura\" \/>\n\t<meta name=\"twitter:data1\" content=\"2 minutos\" \/>\n<script type=\"application\/ld+json\" class=\"yoast-schema-graph\">{\"@context\":\"https:\/\/schema.org\",\"@graph\":[{\"@type\":\"WebPage\",\"@id\":\"https:\/\/www.aiguessegarragarrigues.cat\/es\/no\/arbeca-rego-2\/\",\"url\":\"https:\/\/www.aiguessegarragarrigues.cat\/es\/no\/arbeca-rego-2\/\",\"name\":\"Artesa de Segre (No Riego) - Aig\u00fces del Segarra Garrigues\",\"isPartOf\":{\"@id\":\"https:\/\/www.aiguessegarragarrigues.cat\/es\/#website\"},\"primaryImageOfPage\":{\"@id\":\"https:\/\/www.aiguessegarragarrigues.cat\/es\/no\/arbeca-rego-2\/#primaryimage\"},\"image\":{\"@id\":\"https:\/\/www.aiguessegarragarrigues.cat\/no\/arbeca-rego-2\/#primaryimage\"},\"thumbnailUrl\":\"https:\/\/www.aiguessegarragarrigues.cat\/wp-content\/uploads\/2019\/08\/artesa_de_segre_cat.jpg\",\"datePublished\":\"2019-08-28T09:34:50+00:00\",\"dateModified\":\"2019-08-28T09:35:13+00:00\",\"breadcrumb\":{\"@id\":\"https:\/\/www.aiguessegarragarrigues.cat\/es\/no\/arbeca-rego-2\/#breadcrumb\"},\"inLanguage\":\"es\",\"potentialAction\":[{\"@type\":\"ReadAction\",\"target\":[[\"https:\/\/www.aiguessegarragarrigues.cat\/es\/no\/arbeca-rego-2\/\"]]}]},{\"@type\":\"ImageObject\",\"inLanguage\":\"es\",\"@id\":\"https:\/\/www.aiguessegarragarrigues.cat\/es\/no\/arbeca-rego-2\/#primaryimage\",\"url\":\"https:\/\/www.aiguessegarragarrigues.cat\/wp-content\/uploads\/2019\/08\/artesa_de_segre_cat.jpg\",\"contentUrl\":\"https:\/\/www.aiguessegarragarrigues.cat\/wp-content\/uploads\/2019\/08\/artesa_de_segre_cat.jpg\"},{\"@type\":\"BreadcrumbList\",\"@id\":\"https:\/\/www.aiguessegarragarrigues.cat\/es\/no\/arbeca-rego-2\/#breadcrumb\",\"itemListElement\":[{\"@type\":\"ListItem\",\"position\":1,\"name\":\"Inici\",\"item\":\"https:\/\/www.aiguessegarragarrigues.cat\/es\/\"},{\"@type\":\"ListItem\",\"position\":2,\"name\":\"no\",\"item\":\"https:\/\/www.aiguessegarragarrigues.cat\/es\/no\/\"},{\"@type\":\"ListItem\",\"position\":3,\"name\":\"Artesa de Segre (No Rego)\"}]},{\"@type\":\"WebSite\",\"@id\":\"https:\/\/www.aiguessegarragarrigues.cat\/es\/#website\",\"url\":\"https:\/\/www.aiguessegarragarrigues.cat\/es\/\",\"name\":\"Aig\u00fces del Segarra Garrigues\",\"description\":\"\",\"potentialAction\":[{\"@type\":\"SearchAction\",\"target\":{\"@type\":\"EntryPoint\",\"urlTemplate\":\"https:\/\/www.aiguessegarragarrigues.cat\/es\/?s={search_term_string}\"},\"query-input\":{\"@type\":\"PropertyValueSpecification\",\"valueRequired\":true,\"valueName\":\"search_term_string\"}}],\"inLanguage\":\"es\"}]}<\/script>\n<!-- \/ Yoast SEO plugin. -->","yoast_head_json":{"title":"Artesa de Segre (No Riego) - Aig\u00fces del Segarra Garrigues","robots":{"index":"index","follow":"follow","max-snippet":"max-snippet:-1","max-image-preview":"max-image-preview:large","max-video-preview":"max-video-preview:-1"},"canonical":"https:\/\/www.aiguessegarragarrigues.cat\/es\/no\/arbeca-rego-2\/","og_locale":"es_ES","og_type":"article","og_title":"Artesa de Segre (No Riego) - Aig\u00fces del Segarra Garrigues","og_description":"Artesa de Segre Situaci\u00f3n: Finca que no riega Actualmente toda la zona regable del municipio tiene acceso al agua. Si [...]","og_url":"https:\/\/www.aiguessegarragarrigues.cat\/es\/no\/arbeca-rego-2\/","og_site_name":"Aig\u00fces del Segarra Garrigues","article_modified_time":"2019-08-28T09:35:13+00:00","og_image":[{"url":"https:\/\/www.aiguessegarragarrigues.cat\/wp-content\/uploads\/2019\/08\/artesa_de_segre_cat.jpg","type":"","width":"","height":""}],"twitter_card":"summary_large_image","twitter_misc":{"Tiempo de lectura":"2 minutos"},"schema":{"@context":"https:\/\/schema.org","@graph":[{"@type":"WebPage","@id":"https:\/\/www.aiguessegarragarrigues.cat\/es\/no\/arbeca-rego-2\/","url":"https:\/\/www.aiguessegarragarrigues.cat\/es\/no\/arbeca-rego-2\/","name":"Artesa de Segre (No Riego) - Aig\u00fces del Segarra Garrigues","isPartOf":{"@id":"https:\/\/www.aiguessegarragarrigues.cat\/es\/#website"},"primaryImageOfPage":{"@id":"https:\/\/www.aiguessegarragarrigues.cat\/es\/no\/arbeca-rego-2\/#primaryimage"},"image":{"@id":"https:\/\/www.aiguessegarragarrigues.cat\/no\/arbeca-rego-2\/#primaryimage"},"thumbnailUrl":"https:\/\/www.aiguessegarragarrigues.cat\/wp-content\/uploads\/2019\/08\/artesa_de_segre_cat.jpg","datePublished":"2019-08-28T09:34:50+00:00","dateModified":"2019-08-28T09:35:13+00:00","breadcrumb":{"@id":"https:\/\/www.aiguessegarragarrigues.cat\/es\/no\/arbeca-rego-2\/#breadcrumb"},"inLanguage":"es","potentialAction":[{"@type":"ReadAction","target":[["https:\/\/www.aiguessegarragarrigues.cat\/es\/no\/arbeca-rego-2\/"]]}]},{"@type":"ImageObject","inLanguage":"es","@id":"https:\/\/www.aiguessegarragarrigues.cat\/es\/no\/arbeca-rego-2\/#primaryimage","url":"https:\/\/www.aiguessegarragarrigues.cat\/wp-content\/uploads\/2019\/08\/artesa_de_segre_cat.jpg","contentUrl":"https:\/\/www.aiguessegarragarrigues.cat\/wp-content\/uploads\/2019\/08\/artesa_de_segre_cat.jpg"},{"@type":"BreadcrumbList","@id":"https:\/\/www.aiguessegarragarrigues.cat\/es\/no\/arbeca-rego-2\/#breadcrumb","itemListElement":[{"@type":"ListItem","position":1,"name":"Inici","item":"https:\/\/www.aiguessegarragarrigues.cat\/es\/"},{"@type":"ListItem","position":2,"name":"no","item":"https:\/\/www.aiguessegarragarrigues.cat\/es\/no\/"},{"@type":"ListItem","position":3,"name":"Artesa de Segre (No Rego)"}]},{"@type":"WebSite","@id":"https:\/\/www.aiguessegarragarrigues.cat\/es\/#website","url":"https:\/\/www.aiguessegarragarrigues.cat\/es\/","name":"Aig\u00fces del Segarra Garrigues","description":"","potentialAction":[{"@type":"SearchAction","target":{"@type":"EntryPoint","urlTemplate":"https:\/\/www.aiguessegarragarrigues.cat\/es\/?s={search_term_string}"},"query-input":{"@type":"PropertyValueSpecification","valueRequired":true,"valueName":"search_term_string"}}],"inLanguage":"es"}]}},"_links":{"self":[{"href":"https:\/\/www.aiguessegarragarrigues.cat\/es\/wp-json\/wp\/v2\/pages\/3614","targetHints":{"allow":["GET"]}}],"collection":[{"href":"https:\/\/www.aiguessegarragarrigues.cat\/es\/wp-json\/wp\/v2\/pages"}],"about":[{"href":"https:\/\/www.aiguessegarragarrigues.cat\/es\/wp-json\/wp\/v2\/types\/page"}],"author":[{"embeddable":true,"href":"https:\/\/www.aiguessegarragarrigues.cat\/es\/wp-json\/wp\/v2\/users\/1"}],"replies":[{"embeddable":true,"href":"https:\/\/www.aiguessegarragarrigues.cat\/es\/wp-json\/wp\/v2\/comments?post=3614"}],"version-history":[{"count":1,"href":"https:\/\/www.aiguessegarragarrigues.cat\/es\/wp-json\/wp\/v2\/pages\/3614\/revisions"}],"predecessor-version":[{"id":3615,"href":"https:\/\/www.aiguessegarragarrigues.cat\/es\/wp-json\/wp\/v2\/pages\/3614\/revisions\/3615"}],"up":[{"embeddable":true,"href":"https:\/\/www.aiguessegarragarrigues.cat\/es\/wp-json\/wp\/v2\/pages\/3043"}],"wp:attachment":[{"href":"https:\/\/www.aiguessegarragarrigues.cat\/es\/wp-json\/wp\/v2\/media?parent=3614"}],"curies":[{"name":"wp","href":"https:\/\/api.w.org\/{rel}","templated":true}]}}