{"id":3590,"date":"2019-08-28T10:12:17","date_gmt":"2019-08-28T08:12:17","guid":{"rendered":"https:\/\/www.aiguessegarragarrigues.cat\/?page_id=3590"},"modified":"2019-08-28T10:12:17","modified_gmt":"2019-08-28T08:12:17","slug":"si_seros-5","status":"publish","type":"page","link":"https:\/\/www.aiguessegarragarrigues.cat\/es\/no\/si_seros-5\/","title":{"rendered":"El Cogul (No Riego)"},"content":{"rendered":"<p><\/p>\n<h1><span style=\"color: #153c7f;\"><strong><span style=\"font-family: helvetica, arial, sans-serif;\">El Cogul<\/span><\/strong><\/span><\/h1>\n<p><span style=\"font-size: 14pt; color: #153c7f;\"><strong><span style=\"font-family: helvetica, arial, sans-serif;\">Situaci\u00f3n: Finca que no riega<\/span><\/strong><\/span><\/p>\n<p><span style=\"font-weight: 400; font-family: helvetica, arial, sans-serif;\">Actualmente la red de riego no se ha ejecutado en el t\u00e9rmino municipal de El Cogul.<\/span><\/p>\n<p><span style=\"font-family: helvetica, arial, sans-serif;\"><span style=\"font-weight: 400;\">Si quiere saber el estado general del proyecto Segarra-Garrigues, pulse para ver el <\/span><a href=\"\/estado-actual\/\"><span style=\"font-weight: 400;\">plano<\/span><\/a><span style=\"font-weight: 400;\">.<\/span><\/span><\/p>\n<p><span style=\"font-family: helvetica, arial, sans-serif;\"><span style=\"font-weight: 400;\">Tambi\u00e9n puede ser de su inter\u00e9s la informaci\u00f3n sobre los <\/span><a href=\"\/diptico-beneficios-del-regadio\/\"><span style=\"font-weight: 400;\">beneficios del regad\u00edo<\/span><\/a><span style=\"font-weight: 400;\"> y los resultados de las <\/span><a href=\"\/fincas-demostrativas\"><span style=\"font-weight: 400;\">fincas demostrativas.<\/span><\/a><\/span><\/p>\n<p><img decoding=\"async\" class=\"alignnone size-full wp-image-3233\" src=\"https:\/\/www.aiguessegarragarrigues.cat\/wp-content\/uploads\/2019\/08\/cogul_cat.jpg\" alt=\"\" width=\"1200\" height=\"848\" srcset=\"https:\/\/www.aiguessegarragarrigues.cat\/wp-content\/uploads\/2019\/08\/cogul_cat-200x141.jpg 200w, https:\/\/www.aiguessegarragarrigues.cat\/wp-content\/uploads\/2019\/08\/cogul_cat-300x212.jpg 300w, https:\/\/www.aiguessegarragarrigues.cat\/wp-content\/uploads\/2019\/08\/cogul_cat-400x283.jpg 400w, https:\/\/www.aiguessegarragarrigues.cat\/wp-content\/uploads\/2019\/08\/cogul_cat-600x424.jpg 600w, https:\/\/www.aiguessegarragarrigues.cat\/wp-content\/uploads\/2019\/08\/cogul_cat-768x543.jpg 768w, https:\/\/www.aiguessegarragarrigues.cat\/wp-content\/uploads\/2019\/08\/cogul_cat-800x565.jpg 800w, https:\/\/www.aiguessegarragarrigues.cat\/wp-content\/uploads\/2019\/08\/cogul_cat-1024x724.jpg 1024w, https:\/\/www.aiguessegarragarrigues.cat\/wp-content\/uploads\/2019\/08\/cogul_cat.jpg 1200w\" sizes=\"(max-width: 1200px) 100vw, 1200px\" \/><\/p>","protected":false},"excerpt":{"rendered":"<p>El Cogul Situaci\u00f3n: Finca que no riega Actualmente la red de riego no se ha ejecutado en el t\u00e9rmino municipal  [&#8230;]<\/p>\n","protected":false},"author":1,"featured_media":0,"parent":3043,"menu_order":0,"comment_status":"closed","ping_status":"closed","template":"","meta":{"footnotes":"","_links_to":"","_links_to_target":""},"class_list":["post-3590","page","type-page","status-publish","hentry"],"yoast_head":"<!-- This site is optimized with the Yoast SEO plugin v27.0 - https:\/\/yoast.com\/product\/yoast-seo-wordpress\/ -->\n<title>El Cogul (No Riego) - Aig\u00fces del Segarra Garrigues<\/title>\n<meta name=\"robots\" content=\"index, follow, max-snippet:-1, max-image-preview:large, max-video-preview:-1\" \/>\n<link rel=\"canonical\" href=\"https:\/\/www.aiguessegarragarrigues.cat\/es\/no\/si_seros-5\/\" \/>\n<meta property=\"og:locale\" content=\"es_ES\" \/>\n<meta property=\"og:type\" content=\"article\" \/>\n<meta property=\"og:title\" content=\"El Cogul (No Riego) - Aig\u00fces del Segarra Garrigues\" \/>\n<meta property=\"og:description\" content=\"El Cogul Situaci\u00f3n: Finca que no riega Actualmente la red de riego no se ha ejecutado en el t\u00e9rmino municipal [...]\" \/>\n<meta property=\"og:url\" content=\"https:\/\/www.aiguessegarragarrigues.cat\/es\/no\/si_seros-5\/\" \/>\n<meta property=\"og:site_name\" content=\"Aig\u00fces del Segarra Garrigues\" \/>\n<meta property=\"og:image\" content=\"https:\/\/www.aiguessegarragarrigues.cat\/wp-content\/uploads\/2019\/08\/cogul_cat.jpg\" \/>\n<meta name=\"twitter:card\" content=\"summary_large_image\" \/>\n<meta name=\"twitter:label1\" content=\"Tiempo de lectura\" \/>\n\t<meta name=\"twitter:data1\" content=\"1 minuto\" \/>\n<script type=\"application\/ld+json\" class=\"yoast-schema-graph\">{\"@context\":\"https:\/\/schema.org\",\"@graph\":[{\"@type\":\"WebPage\",\"@id\":\"https:\/\/www.aiguessegarragarrigues.cat\/es\/no\/si_seros-5\/\",\"url\":\"https:\/\/www.aiguessegarragarrigues.cat\/es\/no\/si_seros-5\/\",\"name\":\"El Cogul (No Riego) - Aig\u00fces del Segarra Garrigues\",\"isPartOf\":{\"@id\":\"https:\/\/www.aiguessegarragarrigues.cat\/es\/#website\"},\"primaryImageOfPage\":{\"@id\":\"https:\/\/www.aiguessegarragarrigues.cat\/es\/no\/si_seros-5\/#primaryimage\"},\"image\":{\"@id\":\"https:\/\/www.aiguessegarragarrigues.cat\/no\/si_seros-5\/#primaryimage\"},\"thumbnailUrl\":\"https:\/\/www.aiguessegarragarrigues.cat\/wp-content\/uploads\/2019\/08\/cogul_cat.jpg\",\"datePublished\":\"2019-08-28T08:12:17+00:00\",\"breadcrumb\":{\"@id\":\"https:\/\/www.aiguessegarragarrigues.cat\/es\/no\/si_seros-5\/#breadcrumb\"},\"inLanguage\":\"es\",\"potentialAction\":[{\"@type\":\"ReadAction\",\"target\":[[\"https:\/\/www.aiguessegarragarrigues.cat\/es\/no\/si_seros-5\/\"]]}]},{\"@type\":\"ImageObject\",\"inLanguage\":\"es\",\"@id\":\"https:\/\/www.aiguessegarragarrigues.cat\/es\/no\/si_seros-5\/#primaryimage\",\"url\":\"https:\/\/www.aiguessegarragarrigues.cat\/wp-content\/uploads\/2019\/08\/cogul_cat.jpg\",\"contentUrl\":\"https:\/\/www.aiguessegarragarrigues.cat\/wp-content\/uploads\/2019\/08\/cogul_cat.jpg\"},{\"@type\":\"BreadcrumbList\",\"@id\":\"https:\/\/www.aiguessegarragarrigues.cat\/es\/no\/si_seros-5\/#breadcrumb\",\"itemListElement\":[{\"@type\":\"ListItem\",\"position\":1,\"name\":\"Inici\",\"item\":\"https:\/\/www.aiguessegarragarrigues.cat\/es\/\"},{\"@type\":\"ListItem\",\"position\":2,\"name\":\"no\",\"item\":\"https:\/\/www.aiguessegarragarrigues.cat\/es\/no\/\"},{\"@type\":\"ListItem\",\"position\":3,\"name\":\"El Cogul (No Rego)\"}]},{\"@type\":\"WebSite\",\"@id\":\"https:\/\/www.aiguessegarragarrigues.cat\/es\/#website\",\"url\":\"https:\/\/www.aiguessegarragarrigues.cat\/es\/\",\"name\":\"Aig\u00fces del Segarra Garrigues\",\"description\":\"\",\"potentialAction\":[{\"@type\":\"SearchAction\",\"target\":{\"@type\":\"EntryPoint\",\"urlTemplate\":\"https:\/\/www.aiguessegarragarrigues.cat\/es\/?s={search_term_string}\"},\"query-input\":{\"@type\":\"PropertyValueSpecification\",\"valueRequired\":true,\"valueName\":\"search_term_string\"}}],\"inLanguage\":\"es\"}]}<\/script>\n<!-- \/ Yoast SEO plugin. -->","yoast_head_json":{"title":"El Cogul (No Riego) - Aig\u00fces del Segarra Garrigues","robots":{"index":"index","follow":"follow","max-snippet":"max-snippet:-1","max-image-preview":"max-image-preview:large","max-video-preview":"max-video-preview:-1"},"canonical":"https:\/\/www.aiguessegarragarrigues.cat\/es\/no\/si_seros-5\/","og_locale":"es_ES","og_type":"article","og_title":"El Cogul (No Riego) - Aig\u00fces del Segarra Garrigues","og_description":"El Cogul Situaci\u00f3n: Finca que no riega Actualmente la red de riego no se ha ejecutado en el t\u00e9rmino municipal [...]","og_url":"https:\/\/www.aiguessegarragarrigues.cat\/es\/no\/si_seros-5\/","og_site_name":"Aig\u00fces del Segarra Garrigues","og_image":[{"url":"https:\/\/www.aiguessegarragarrigues.cat\/wp-content\/uploads\/2019\/08\/cogul_cat.jpg","type":"","width":"","height":""}],"twitter_card":"summary_large_image","twitter_misc":{"Tiempo de lectura":"1 minuto"},"schema":{"@context":"https:\/\/schema.org","@graph":[{"@type":"WebPage","@id":"https:\/\/www.aiguessegarragarrigues.cat\/es\/no\/si_seros-5\/","url":"https:\/\/www.aiguessegarragarrigues.cat\/es\/no\/si_seros-5\/","name":"El Cogul (No Riego) - Aig\u00fces del Segarra Garrigues","isPartOf":{"@id":"https:\/\/www.aiguessegarragarrigues.cat\/es\/#website"},"primaryImageOfPage":{"@id":"https:\/\/www.aiguessegarragarrigues.cat\/es\/no\/si_seros-5\/#primaryimage"},"image":{"@id":"https:\/\/www.aiguessegarragarrigues.cat\/no\/si_seros-5\/#primaryimage"},"thumbnailUrl":"https:\/\/www.aiguessegarragarrigues.cat\/wp-content\/uploads\/2019\/08\/cogul_cat.jpg","datePublished":"2019-08-28T08:12:17+00:00","breadcrumb":{"@id":"https:\/\/www.aiguessegarragarrigues.cat\/es\/no\/si_seros-5\/#breadcrumb"},"inLanguage":"es","potentialAction":[{"@type":"ReadAction","target":[["https:\/\/www.aiguessegarragarrigues.cat\/es\/no\/si_seros-5\/"]]}]},{"@type":"ImageObject","inLanguage":"es","@id":"https:\/\/www.aiguessegarragarrigues.cat\/es\/no\/si_seros-5\/#primaryimage","url":"https:\/\/www.aiguessegarragarrigues.cat\/wp-content\/uploads\/2019\/08\/cogul_cat.jpg","contentUrl":"https:\/\/www.aiguessegarragarrigues.cat\/wp-content\/uploads\/2019\/08\/cogul_cat.jpg"},{"@type":"BreadcrumbList","@id":"https:\/\/www.aiguessegarragarrigues.cat\/es\/no\/si_seros-5\/#breadcrumb","itemListElement":[{"@type":"ListItem","position":1,"name":"Inici","item":"https:\/\/www.aiguessegarragarrigues.cat\/es\/"},{"@type":"ListItem","position":2,"name":"no","item":"https:\/\/www.aiguessegarragarrigues.cat\/es\/no\/"},{"@type":"ListItem","position":3,"name":"El Cogul (No Rego)"}]},{"@type":"WebSite","@id":"https:\/\/www.aiguessegarragarrigues.cat\/es\/#website","url":"https:\/\/www.aiguessegarragarrigues.cat\/es\/","name":"Aig\u00fces del Segarra Garrigues","description":"","potentialAction":[{"@type":"SearchAction","target":{"@type":"EntryPoint","urlTemplate":"https:\/\/www.aiguessegarragarrigues.cat\/es\/?s={search_term_string}"},"query-input":{"@type":"PropertyValueSpecification","valueRequired":true,"valueName":"search_term_string"}}],"inLanguage":"es"}]}},"_links":{"self":[{"href":"https:\/\/www.aiguessegarragarrigues.cat\/es\/wp-json\/wp\/v2\/pages\/3590","targetHints":{"allow":["GET"]}}],"collection":[{"href":"https:\/\/www.aiguessegarragarrigues.cat\/es\/wp-json\/wp\/v2\/pages"}],"about":[{"href":"https:\/\/www.aiguessegarragarrigues.cat\/es\/wp-json\/wp\/v2\/types\/page"}],"author":[{"embeddable":true,"href":"https:\/\/www.aiguessegarragarrigues.cat\/es\/wp-json\/wp\/v2\/users\/1"}],"replies":[{"embeddable":true,"href":"https:\/\/www.aiguessegarragarrigues.cat\/es\/wp-json\/wp\/v2\/comments?post=3590"}],"version-history":[{"count":1,"href":"https:\/\/www.aiguessegarragarrigues.cat\/es\/wp-json\/wp\/v2\/pages\/3590\/revisions"}],"predecessor-version":[{"id":3591,"href":"https:\/\/www.aiguessegarragarrigues.cat\/es\/wp-json\/wp\/v2\/pages\/3590\/revisions\/3591"}],"up":[{"embeddable":true,"href":"https:\/\/www.aiguessegarragarrigues.cat\/es\/wp-json\/wp\/v2\/pages\/3043"}],"wp:attachment":[{"href":"https:\/\/www.aiguessegarragarrigues.cat\/es\/wp-json\/wp\/v2\/media?parent=3590"}],"curies":[{"name":"wp","href":"https:\/\/api.w.org\/{rel}","templated":true}]}}