{"id":57,"date":"2019-03-26T16:43:56","date_gmt":"2019-03-26T15:43:56","guid":{"rendered":"https:\/\/www.aiguessegarragarrigues.cat\/?page_id=57"},"modified":"2019-10-03T11:01:12","modified_gmt":"2019-10-03T09:01:12","slug":"proyecto","status":"publish","type":"page","link":"https:\/\/www.aiguessegarragarrigues.cat\/ca\/proyecto\/","title":{"rendered":"Projecte"},"content":{"rendered":"<p><div class=\"fusion-fullwidth fullwidth-box fusion-builder-row-1 fusion-flex-container nonhundred-percent-fullwidth non-hundred-percent-height-scrolling\" style=\"--awb-border-radius-top-left:0px;--awb-border-radius-top-right:0px;--awb-border-radius-bottom-right:0px;--awb-border-radius-bottom-left:0px;--awb-flex-wrap:wrap;\" ><div class=\"fusion-builder-row fusion-row fusion-flex-align-items-flex-start fusion-flex-content-wrap\" style=\"max-width:calc( 1300px + 0px );margin-left: calc(-0px \/ 2 );margin-right: calc(-0px \/ 2 );\"><div class=\"fusion-layout-column fusion_builder_column fusion-builder-column-0 fusion_builder_column_1_1 1_1 fusion-flex-column\" style=\"--awb-bg-size:cover;--awb-width-large:100%;--awb-margin-top-large:0px;--awb-spacing-right-large:0px;--awb-margin-bottom-large:20px;--awb-spacing-left-large:0px;--awb-width-medium:100%;--awb-spacing-right-medium:0px;--awb-spacing-left-medium:0px;--awb-width-small:100%;--awb-spacing-right-small:0px;--awb-spacing-left-small:0px;\"><div class=\"fusion-column-wrapper fusion-column-has-shadow fusion-flex-justify-content-flex-start fusion-content-layout-column\"><div class=\"fusion-title title fusion-title-1 fusion-sep-none fusion-title-text fusion-title-size-one\"><h1 class=\"fusion-title-heading title-heading-left fusion-responsive-typography-calculated\" style=\"margin:0;--fontSize:34;line-height:1.4;\"><span style=\"color: #000080;\"><strong><span style=\"font-family: helvetica, arial, sans-serif; font-size: 18pt;\">Presentaci\u00f3<\/span><\/strong><\/span><\/h1><\/div><\/div><\/div><\/div><\/div><div class=\"fusion-fullwidth fullwidth-box fusion-builder-row-2 fusion-flex-container nonhundred-percent-fullwidth non-hundred-percent-height-scrolling\" style=\"--awb-border-radius-top-left:0px;--awb-border-radius-top-right:0px;--awb-border-radius-bottom-right:0px;--awb-border-radius-bottom-left:0px;--awb-flex-wrap:wrap;\" ><div class=\"fusion-builder-row fusion-row fusion-flex-align-items-flex-start fusion-flex-content-wrap\" style=\"max-width:1352px;margin-left: calc(-4% \/ 2 );margin-right: calc(-4% \/ 2 );\"><div class=\"fusion-layout-column fusion_builder_column fusion-builder-column-1 fusion_builder_column_3_4 3_4 fusion-flex-column\" style=\"--awb-bg-size:cover;--awb-width-large:75%;--awb-margin-top-large:0px;--awb-spacing-right-large:3.84%;--awb-margin-bottom-large:0px;--awb-spacing-left-large:2.56%;--awb-width-medium:75%;--awb-spacing-right-medium:3.84%;--awb-spacing-left-medium:2.56%;--awb-width-small:100%;--awb-spacing-right-small:1.92%;--awb-spacing-left-small:1.92%;\"><div class=\"fusion-column-wrapper fusion-flex-justify-content-flex-start fusion-content-layout-column\"><div class=\"fusion-image-carousel fusion-image-carousel-auto fusion-image-carousel-1 lightbox-enabled\"><div class=\"awb-carousel awb-swiper awb-swiper-carousel awb-carousel--carousel awb-swiper-dots-position-bottom\" data-layout=\"carousel\" data-autoplay=\"yes\" data-autoplayspeed=\"2500\" data-autoplaypause=\"no\" data-columns=\"3\" data-columnsmedium=\"1\" data-columnssmall=\"1\" data-itemmargin=\"13\" data-itemwidth=\"180\" data-touchscroll=\"no\" data-freemode=\"no\" data-imagesize=\"auto\" data-scrollitems=\"1\" data-centeredslides=\"no\" data-rotationangle=\"50\" data-depth=\"100\" data-speed=\"500\" data-shadow=\"no\" data-pagination=\"bullets\" style=\"--awb-columns:3;\"><div class=\"swiper-wrapper awb-image-carousel-wrapper fusion-flex-align-items-center\"><div class=\"swiper-slide\"><div class=\"fusion-carousel-item-wrapper\"><div class=\"fusion-image-wrapper hover-type-zoomout\"><a data-rel=\"iLightbox[image_carousel_1]\" data-title=\"_4265532_0\" aria-label=\"_4265532_0\" href=\"https:\/\/www.aiguessegarragarrigues.cat\/wp-content\/uploads\/2019\/04\/4265532_0-800x500.jpg\" target=\"_self\"><img decoding=\"async\" width=\"800\" height=\"500\" src=\"https:\/\/www.aiguessegarragarrigues.cat\/wp-content\/uploads\/2019\/04\/4265532_0.jpg\" class=\"attachment-full size-full\" alt=\"\" srcset=\"https:\/\/www.aiguessegarragarrigues.cat\/wp-content\/uploads\/2019\/04\/4265532_0-200x125.jpg 200w, https:\/\/www.aiguessegarragarrigues.cat\/wp-content\/uploads\/2019\/04\/4265532_0-400x250.jpg 400w, https:\/\/www.aiguessegarragarrigues.cat\/wp-content\/uploads\/2019\/04\/4265532_0-600x375.jpg 600w, https:\/\/www.aiguessegarragarrigues.cat\/wp-content\/uploads\/2019\/04\/4265532_0.jpg 800w\" sizes=\"(min-width: 2200px) 100vw, (min-width: 784px) 425px, (min-width: 712px) 637px, (min-width: 640px) 712px, \" \/><\/a><\/div><\/div><\/div><div class=\"swiper-slide\"><div class=\"fusion-carousel-item-wrapper\"><div class=\"fusion-image-wrapper hover-type-zoomout\"><a data-rel=\"iLightbox[image_carousel_1]\" data-title=\"pano_906_912_0\" aria-label=\"pano_906_912_0\" href=\"https:\/\/www.aiguessegarragarrigues.cat\/wp-content\/uploads\/2019\/04\/pano_906_912_0-800x500.jpg\" target=\"_self\"><img decoding=\"async\" width=\"800\" height=\"500\" src=\"https:\/\/www.aiguessegarragarrigues.cat\/wp-content\/uploads\/2019\/04\/pano_906_912_0.jpg\" class=\"attachment-full size-full\" alt=\"\" srcset=\"https:\/\/www.aiguessegarragarrigues.cat\/wp-content\/uploads\/2019\/04\/pano_906_912_0-200x125.jpg 200w, https:\/\/www.aiguessegarragarrigues.cat\/wp-content\/uploads\/2019\/04\/pano_906_912_0-400x250.jpg 400w, https:\/\/www.aiguessegarragarrigues.cat\/wp-content\/uploads\/2019\/04\/pano_906_912_0-600x375.jpg 600w, https:\/\/www.aiguessegarragarrigues.cat\/wp-content\/uploads\/2019\/04\/pano_906_912_0.jpg 800w\" sizes=\"(min-width: 2200px) 100vw, (min-width: 784px) 425px, (min-width: 712px) 637px, (min-width: 640px) 712px, \" \/><\/a><\/div><\/div><\/div><div class=\"swiper-slide\"><div class=\"fusion-carousel-item-wrapper\"><div class=\"fusion-image-wrapper hover-type-zoomout\"><a data-rel=\"iLightbox[image_carousel_1]\" data-title=\"pa027689\" aria-label=\"pa027689\" href=\"https:\/\/www.aiguessegarragarrigues.cat\/wp-content\/uploads\/2019\/05\/pa027689.jpg\" target=\"_self\"><img decoding=\"async\" width=\"800\" height=\"500\" src=\"https:\/\/www.aiguessegarragarrigues.cat\/wp-content\/uploads\/2019\/05\/pa027689.jpg\" class=\"attachment-full size-full\" alt=\"\" srcset=\"https:\/\/www.aiguessegarragarrigues.cat\/wp-content\/uploads\/2019\/05\/pa027689-200x125.jpg 200w, https:\/\/www.aiguessegarragarrigues.cat\/wp-content\/uploads\/2019\/05\/pa027689-400x250.jpg 400w, https:\/\/www.aiguessegarragarrigues.cat\/wp-content\/uploads\/2019\/05\/pa027689-600x375.jpg 600w, https:\/\/www.aiguessegarragarrigues.cat\/wp-content\/uploads\/2019\/05\/pa027689.jpg 800w\" sizes=\"(min-width: 2200px) 100vw, (min-width: 784px) 425px, (min-width: 712px) 637px, (min-width: 640px) 712px, \" \/><\/a><\/div><\/div><\/div><div class=\"swiper-slide\"><div class=\"fusion-carousel-item-wrapper\"><div class=\"fusion-image-wrapper hover-type-zoomout\"><a data-rel=\"iLightbox[image_carousel_1]\" data-title=\"riego\" aria-label=\"riego\" href=\"https:\/\/www.aiguessegarragarrigues.cat\/wp-content\/uploads\/2019\/05\/riego-e1559296413703.jpg\" target=\"_self\"><img decoding=\"async\" width=\"801\" height=\"450\" src=\"https:\/\/www.aiguessegarragarrigues.cat\/wp-content\/uploads\/2019\/05\/riego-e1559657288599.jpg\" class=\"attachment-full size-full\" alt=\"\" srcset=\"https:\/\/www.aiguessegarragarrigues.cat\/wp-content\/uploads\/2019\/05\/riego-e1559657288599-200x112.jpg 200w, https:\/\/www.aiguessegarragarrigues.cat\/wp-content\/uploads\/2019\/05\/riego-e1559657288599-400x225.jpg 400w, https:\/\/www.aiguessegarragarrigues.cat\/wp-content\/uploads\/2019\/05\/riego-e1559657288599-600x337.jpg 600w, https:\/\/www.aiguessegarragarrigues.cat\/wp-content\/uploads\/2019\/05\/riego-e1559657288599-800x449.jpg 800w, https:\/\/www.aiguessegarragarrigues.cat\/wp-content\/uploads\/2019\/05\/riego-e1559657288599.jpg 801w\" sizes=\"(min-width: 2200px) 100vw, (min-width: 784px) 425px, (min-width: 712px) 637px, (min-width: 640px) 712px, \" \/><\/a><\/div><\/div><\/div><\/div><div class=\"awb-swiper-button awb-swiper-button-prev\"><i class=\"awb-icon-angle-left\" aria-hidden=\"true\"><\/i><\/div><div class=\"awb-swiper-button awb-swiper-button-next\"><i class=\"awb-icon-angle-right\" aria-hidden=\"true\"><\/i><\/div><\/div><\/div><div class=\"fusion-text fusion-text-1\"><div class=\"panel-pane pane-entity-field pane-node-body\">\n<div class=\"pane-content\">\n<div class=\"body field\">\n<p><span style=\"font-family: helvetica, arial, sans-serif; font-size: 14pt;\">El Sistema Segarra-Garrigues \u00e9s el projecte hidr\u00e0ulic m\u00e9s important dut a terme a Catalunya que est\u00e0 convertint una gran part dels actuals cultius de sec\u00e0 de la prov\u00edncia de Lleida en cultius de regadiu. La seva construcci\u00f3 permet regar 70.000 noves hect\u00e0rees de les comarques de l\u2019Urgell, el Pla d\u2019Urgell, la Segarra, la Noguera, les Garrigues i el Segri\u00e0, amb una llarga tradici\u00f3 agr\u00edcola, en molta part de sec\u00e0, on habiten m\u00e9s de 350.000 persones, a partir de l\u2019increment de la capacitat de regulaci\u00f3 del riu Segre proporcionat per l\u2019embassament de Rialb i pel futur embassament de l\u2019Albag\u00e9s. Tamb\u00e9 permet la introducci\u00f3 de nous cultius m\u00e9s rendibles, motivats per la introducci\u00f3 del reg, propiciar\u00e0 la instal\u00b7laci\u00f3 de noves empreses i la creaci\u00f3 de nombrosos llocs de treball que redundaran en un major benefici econ\u00f2mic.<\/span><\/p>\n<p><span style=\"font-family: helvetica, arial, sans-serif; font-size: 14pt;\">M\u00e9s de 16.000 regants de la zona que en aquests moment exploten uns recursos naturals amb una baixa productivitat per manca d\u2019aigua, es comencen a beneficiar del regadiu. Aquesta obra \u00e9s i ser\u00e0 absolutament respectuosa amb la natura i el medi ambient, ja que s\u2019ha realitzat un minuci\u00f3s estudi d\u2019impacte ambiental que redueix la m\u00e0xim les afeccions sobre la vegetaci\u00f3, la fauna i el paisatge, respecta i amplia els espais protegits i preveu un extens programa de vigil\u00e0ncia ambiental, tot seguint les indicacions fixades pe la Declaraci\u00f3 d\u2019Impacte Ambiental i per la Xarxa Natura 2000 de la Generalitat de Catalunya.<\/span><\/p>\n<p><span style=\"font-family: helvetica, arial, sans-serif; font-size: 14pt;\">El Sistema Segarra-Garrigues \u00e9s un projecte amb una llarga traject\u00f2ria hist\u00f2rica per\u00f2 \u00e9s a partir de l\u2019any 1999 quan rep l\u2019impuls definitiu amb la signatura dels Protocols de Col\u00b7laboraci\u00f3 entre el Ministerio de Medio Ambiente y Medio Natural y Marino del Govern Central i la Generalitat de Catalunya.<\/span><\/p>\n<p><span style=\"font-family: helvetica, arial, sans-serif; font-size: 14pt;\">Aquest projecte ha donat lloc a diversos estudis i projectes que s\u2019han vingut desenvolupant al llarg dels darrers anys.<\/span><\/p>\n<p><span style=\"font-family: helvetica, arial, sans-serif; font-size: 14pt;\">Aquesta posada en reg s\u2019articula per mitja de l\u2019embassament de Rialb i el tram del Baix Segre, juntament amb la construcci\u00f3 de l\u2019embassament de l\u2019Albag\u00e9s.<\/span><\/p>\n<p><span style=\"font-family: helvetica, arial, sans-serif; font-size: 14pt;\">El transport de l\u2019aigua s\u2019efectua mitjan\u00e7ant el Canal Segarra-Garrigues; es tracta d\u2019un canal telesc\u00f2pic, d\u2019inici a la presa de Rialb amb capacitat inicial de 35 m<sup>3<\/sup>\/s i final, despr\u00e9s de 85 km, a l\u2019embassament de l\u2019Albag\u00e9s amb 15 m<sup>3<\/sup>\/s. El volum anual a derivar pel canal \u00e9s de 273 Hm<sup>3<\/sup>, pel reg de 58.171 ha. Aix\u00ed mateix, del Baix Segre es deriven 69 Hm<sup>3<\/sup> per regar 11.979 ha.<\/span><\/p>\n<p><span style=\"font-family: helvetica, arial, sans-serif; font-size: 14pt;\">Per a la distribuci\u00f3 de l\u2019aigua s\u2019est\u00e0 construint la xarxa corresponent, que b\u00e0sicament est\u00e0 formada per captacions, canonades de connexi\u00f3, basses, estacions de filtratge i bombament, xarxes de distribuci\u00f3, hidrants de reg i elements de telecontrol i automatitzaci\u00f3. La zona de reg est\u00e0 dividida en sectors de reg. Cada sector comparteix una \u00fanica captaci\u00f3 ja sigui sobre el Canal principal, l\u2019embassament de l\u2019Albag\u00e9s o el riu Segre (Baix Segre).<\/span><\/p>\n<p><span style=\"font-family: helvetica, arial, sans-serif; font-size: 14pt;\">Correspon a l\u2019Administraci\u00f3 general de l\u2019Estat l\u2019execuci\u00f3 de les obres de transport i regulaci\u00f3 a trav\u00e9s de l\u2019empresa de titularitat p\u00fablica ACUAEBRO i a la Generalitat de Catalunya les elevacions des del riu Segre, la xarxa principal de reg i la de distribuci\u00f3 dels diferents sectors incloent les basses de regulaci\u00f3 aix\u00ed com la concentraci\u00f3 parcel\u00b7l\u00e0ria i les obres que se\u2019n deriven. Les obres corresponents a la Generalitat de Catalunya, que s\u2019inicien l\u2019any 2005, posteriorment les explotar\u00e0 durant 30 anys l\u2019empresa adjudicat\u00e0ria Aig\u00fces del Segarra Garrigues, SA sota la supervisi\u00f3 de l\u2019empresa p\u00fablica Infraestructures de la Generalitat de Catalunya, SAU, d\u2019ara endavant Infraestructures.cat.<\/span><\/p>\n<p><span style=\"font-family: helvetica, arial, sans-serif; font-size: 14pt;\">Al mes de febrer de 2010 es va publicar al Diari Oficial de la Generalitat de Catalunya l\u2019Adaptaci\u00f3 de l\u2019Estudi d\u2019Impacte Ambiental que d\u00f3na resposta al tractament del reg en les zones d\u2019exclusi\u00f3 per a la protecci\u00f3 d\u2019aus (ZEPA). Superat el per\u00edode d\u2019informaci\u00f3 p\u00fablica d\u2019aquesta adaptaci\u00f3, el 19 d\u2019octubre de 2010 es va publicar al DOGC la Declaraci\u00f3 d\u2019Impacte Ambiental del Sistema Segarra-Garrigues.<\/span><\/p>\n<p><span style=\"font-family: helvetica, arial, sans-serif; font-size: 14pt;\">Amb aquest nou escenari i el nou Pla d\u2019Usos i Gesti\u00f3 redactat per la Generalitat de Catalunya, ASG t\u00e9 una nova definici\u00f3 de la seva \u00e0rea regable estant actualment en una fase d\u2019estudi de les implicacions que suposa per a la Societat, tant en fase de construcci\u00f3 com en fase d\u2019explotaci\u00f3.<\/span><\/p>\n<\/div>\n<\/div>\n<\/div>\n<\/div><\/div><\/div><div class=\"fusion-layout-column fusion_builder_column fusion-builder-column-2 fusion_builder_column_1_4 1_4 fusion-flex-column\" style=\"--awb-bg-size:cover;--awb-width-large:25%;--awb-margin-top-large:0px;--awb-spacing-right-large:7.68%;--awb-margin-bottom-large:20px;--awb-spacing-left-large:3.84%;--awb-width-medium:25%;--awb-spacing-right-medium:7.68%;--awb-spacing-left-medium:3.84%;--awb-width-small:100%;--awb-spacing-right-small:1.92%;--awb-spacing-left-small:1.92%;\"><div class=\"fusion-column-wrapper fusion-column-has-shadow fusion-flex-justify-content-flex-start fusion-content-layout-column\"><div class=\"fusion-widget-area awb-widget-area-element fusion-widget-area-1 fusion-content-widget-area\" style=\"--awb-title-color:#333333;--awb-padding:0px 0px 0px 0px;\"><section id=\"custom_html-4\" class=\"widget_text fusion-slidingbar-widget-column widget widget_custom_html\"><div class=\"textwidget custom-html-widget\">\n<div class=\"wpcf7 no-js\" id=\"wpcf7-f2371-o1\" lang=\"es-ES\" dir=\"ltr\" data-wpcf7-id=\"2371\">\n<div class=\"screen-reader-response\"><p role=\"status\" aria-live=\"polite\" aria-atomic=\"true\"><\/p> <ul><\/ul><\/div>\n<form action=\"\/ca\/wp-json\/wp\/v2\/pages\/57#wpcf7-f2371-o1\" method=\"post\" class=\"wpcf7-form init\" aria-label=\"Formulario de contacto\" novalidate=\"novalidate\" data-status=\"init\">\n<fieldset class=\"hidden-fields-container\"><input type=\"hidden\" name=\"_wpcf7\" value=\"2371\" \/><input type=\"hidden\" name=\"_wpcf7_version\" value=\"6.1.5\" \/><input type=\"hidden\" name=\"_wpcf7_locale\" value=\"es_ES\" \/><input type=\"hidden\" name=\"_wpcf7_unit_tag\" value=\"wpcf7-f2371-o1\" \/><input type=\"hidden\" name=\"_wpcf7_container_post\" value=\"0\" \/><input type=\"hidden\" name=\"_wpcf7_posted_data_hash\" value=\"\" \/><input type=\"hidden\" name=\"_wpcf7_recaptcha_response\" value=\"\" \/>\n<\/fieldset>\n<p><label>Nom i cognoms*<br \/>\n<span class=\"wpcf7-form-control-wrap\" data-name=\"your-name\"><input size=\"40\" maxlength=\"400\" class=\"wpcf7-form-control wpcf7-text wpcf7-validates-as-required\" aria-required=\"true\" aria-invalid=\"false\" value=\"\" type=\"text\" name=\"your-name\" \/><\/span> <\/label>\n<\/p>\n<p><label> Tel\u00e8fon*<br \/>\n<span class=\"wpcf7-form-control-wrap\" data-name=\"tel-460\"><input size=\"40\" maxlength=\"400\" class=\"wpcf7-form-control wpcf7-tel wpcf7-validates-as-required wpcf7-text wpcf7-validates-as-tel\" aria-required=\"true\" aria-invalid=\"false\" value=\"\" type=\"tel\" name=\"tel-460\" \/><\/span> <\/label>\n<\/p>\n<p><label> E-mail*<br \/>\n<span class=\"wpcf7-form-control-wrap\" data-name=\"your-email\"><input size=\"40\" maxlength=\"400\" class=\"wpcf7-form-control wpcf7-email wpcf7-validates-as-required wpcf7-text wpcf7-validates-as-email\" aria-required=\"true\" aria-invalid=\"false\" value=\"\" type=\"email\" name=\"your-email\" \/><\/span> <\/label>\n<\/p>\n<p><label> Assumpte*<br \/>\n<span class=\"wpcf7-form-control-wrap\" data-name=\"your-subject\"><input size=\"40\" maxlength=\"400\" class=\"wpcf7-form-control wpcf7-text\" aria-invalid=\"false\" value=\"\" type=\"text\" name=\"your-subject\" \/><\/span> <\/label>\n<\/p>\n<p><label> Missatge*<br \/>\n<span class=\"wpcf7-form-control-wrap\" data-name=\"your-message\"><textarea cols=\"40\" rows=\"10\" maxlength=\"2000\" class=\"wpcf7-form-control wpcf7-textarea\" aria-invalid=\"false\" name=\"your-message\"><\/textarea><\/span> <\/label>\n<\/p>\n<p><span class=\"wpcf7-form-control-wrap\" data-name=\"avisolegal\"><span class=\"wpcf7-form-control wpcf7-acceptance\"><span class=\"wpcf7-list-item\"><label><input type=\"checkbox\" name=\"avisolegal\" value=\"1\" aria-invalid=\"false\" \/><span class=\"wpcf7-list-item-label\">He estat informat\/da del tractament de les meves dades d\u2019acord amb <a href=\"https:\/\/www.aiguessegarragarrigues.cat\/ca\/politica-privacidad\/\">l\u2019av\u00eds legal<\/span><\/label><\/span><\/span><\/span>\n<\/p>\n<p><input class=\"wpcf7-form-control wpcf7-submit has-spinner\" type=\"submit\" value=\"Sol\u00b7licitar informaci\u00f3\" \/>\n<\/p><p style=\"display: none !important;\" class=\"akismet-fields-container\" data-prefix=\"_wpcf7_ak_\"><label>&#916;<textarea name=\"_wpcf7_ak_hp_textarea\" cols=\"45\" rows=\"8\" maxlength=\"100\"><\/textarea><\/label><input type=\"hidden\" id=\"ak_js_1\" name=\"_wpcf7_ak_js\" value=\"237\"\/><script>document.getElementById( \"ak_js_1\" ).setAttribute( \"value\", ( new Date() ).getTime() );<\/script><\/p><div class=\"fusion-alert alert custom alert-custom fusion-alert-center wpcf7-response-output fusion-alert-capitalize awb-alert-native-link-color alert-dismissable awb-alert-close-boxed\" style=\"--awb-border-size:1px;--awb-border-top-left-radius:0px;--awb-border-top-right-radius:0px;--awb-border-bottom-left-radius:0px;--awb-border-bottom-right-radius:0px;\" role=\"alert\"><div class=\"fusion-alert-content-wrapper\"><span class=\"fusion-alert-content\"><\/span><\/div><button type=\"button\" class=\"close toggle-alert\" data-dismiss=\"alert\" aria-label=\"Close\">&times;<\/button><\/div>\n<\/form>\n<\/div>\n\r\n<\/div><div style=\"clear:both;\"><\/div><\/section><div class=\"fusion-additional-widget-content\"><\/div><\/div><\/div><\/div><\/div><\/div><\/p>","protected":false},"excerpt":{"rendered":"","protected":false},"author":1,"featured_media":0,"parent":0,"menu_order":0,"comment_status":"closed","ping_status":"closed","template":"","meta":{"footnotes":"","_links_to":"","_links_to_target":""},"class_list":["post-57","page","type-page","status-publish","hentry"],"yoast_head":"<!-- This site is optimized with the Yoast SEO plugin v27.0 - https:\/\/yoast.com\/product\/yoast-seo-wordpress\/ -->\n<title>Projecte - Aig\u00fces del Segarra Garrigues<\/title>\n<meta name=\"robots\" content=\"index, follow, max-snippet:-1, max-image-preview:large, max-video-preview:-1\" \/>\n<link rel=\"canonical\" href=\"https:\/\/www.aiguessegarragarrigues.cat\/ca\/proyecto\/\" \/>\n<meta property=\"og:locale\" content=\"ca_ES\" \/>\n<meta property=\"og:type\" content=\"article\" \/>\n<meta property=\"og:title\" content=\"Projecte - Aig\u00fces del Segarra Garrigues\" \/>\n<meta property=\"og:url\" content=\"https:\/\/www.aiguessegarragarrigues.cat\/ca\/proyecto\/\" \/>\n<meta property=\"og:site_name\" content=\"Aig\u00fces del Segarra Garrigues\" \/>\n<meta property=\"article:modified_time\" content=\"2019-10-03T09:01:12+00:00\" \/>\n<meta name=\"twitter:card\" content=\"summary_large_image\" \/>\n<meta name=\"twitter:label1\" content=\"Temps estimat de lectura\" \/>\n\t<meta name=\"twitter:data1\" content=\"14 minuts\" \/>\n<script type=\"application\/ld+json\" class=\"yoast-schema-graph\">{\"@context\":\"https:\/\/schema.org\",\"@graph\":[{\"@type\":\"WebPage\",\"@id\":\"https:\/\/www.aiguessegarragarrigues.cat\/ca\/proyecto\/\",\"url\":\"https:\/\/www.aiguessegarragarrigues.cat\/ca\/proyecto\/\",\"name\":\"Projecte - Aig\u00fces del Segarra Garrigues\",\"isPartOf\":{\"@id\":\"https:\/\/www.aiguessegarragarrigues.cat\/ca\/#website\"},\"datePublished\":\"2019-03-26T15:43:56+00:00\",\"dateModified\":\"2019-10-03T09:01:12+00:00\",\"breadcrumb\":{\"@id\":\"https:\/\/www.aiguessegarragarrigues.cat\/ca\/proyecto\/#breadcrumb\"},\"inLanguage\":\"ca\",\"potentialAction\":[{\"@type\":\"ReadAction\",\"target\":[[\"https:\/\/www.aiguessegarragarrigues.cat\/ca\/proyecto\/\"]]}]},{\"@type\":\"BreadcrumbList\",\"@id\":\"https:\/\/www.aiguessegarragarrigues.cat\/ca\/proyecto\/#breadcrumb\",\"itemListElement\":[{\"@type\":\"ListItem\",\"position\":1,\"name\":\"Inici\",\"item\":\"https:\/\/www.aiguessegarragarrigues.cat\/ca\/\"},{\"@type\":\"ListItem\",\"position\":2,\"name\":\"Projecte\"}]},{\"@type\":\"WebSite\",\"@id\":\"https:\/\/www.aiguessegarragarrigues.cat\/ca\/#website\",\"url\":\"https:\/\/www.aiguessegarragarrigues.cat\/ca\/\",\"name\":\"Aig\u00fces del Segarra Garrigues\",\"description\":\"\",\"potentialAction\":[{\"@type\":\"SearchAction\",\"target\":{\"@type\":\"EntryPoint\",\"urlTemplate\":\"https:\/\/www.aiguessegarragarrigues.cat\/ca\/?s={search_term_string}\"},\"query-input\":{\"@type\":\"PropertyValueSpecification\",\"valueRequired\":true,\"valueName\":\"search_term_string\"}}],\"inLanguage\":\"ca\"}]}<\/script>\n<!-- \/ Yoast SEO plugin. -->","yoast_head_json":{"title":"Projecte - Aig\u00fces del Segarra Garrigues","robots":{"index":"index","follow":"follow","max-snippet":"max-snippet:-1","max-image-preview":"max-image-preview:large","max-video-preview":"max-video-preview:-1"},"canonical":"https:\/\/www.aiguessegarragarrigues.cat\/ca\/proyecto\/","og_locale":"ca_ES","og_type":"article","og_title":"Projecte - Aig\u00fces del Segarra Garrigues","og_url":"https:\/\/www.aiguessegarragarrigues.cat\/ca\/proyecto\/","og_site_name":"Aig\u00fces del Segarra Garrigues","article_modified_time":"2019-10-03T09:01:12+00:00","twitter_card":"summary_large_image","twitter_misc":{"Temps estimat de lectura":"14 minuts"},"schema":{"@context":"https:\/\/schema.org","@graph":[{"@type":"WebPage","@id":"https:\/\/www.aiguessegarragarrigues.cat\/ca\/proyecto\/","url":"https:\/\/www.aiguessegarragarrigues.cat\/ca\/proyecto\/","name":"Projecte - Aig\u00fces del Segarra Garrigues","isPartOf":{"@id":"https:\/\/www.aiguessegarragarrigues.cat\/ca\/#website"},"datePublished":"2019-03-26T15:43:56+00:00","dateModified":"2019-10-03T09:01:12+00:00","breadcrumb":{"@id":"https:\/\/www.aiguessegarragarrigues.cat\/ca\/proyecto\/#breadcrumb"},"inLanguage":"ca","potentialAction":[{"@type":"ReadAction","target":[["https:\/\/www.aiguessegarragarrigues.cat\/ca\/proyecto\/"]]}]},{"@type":"BreadcrumbList","@id":"https:\/\/www.aiguessegarragarrigues.cat\/ca\/proyecto\/#breadcrumb","itemListElement":[{"@type":"ListItem","position":1,"name":"Inici","item":"https:\/\/www.aiguessegarragarrigues.cat\/ca\/"},{"@type":"ListItem","position":2,"name":"Projecte"}]},{"@type":"WebSite","@id":"https:\/\/www.aiguessegarragarrigues.cat\/ca\/#website","url":"https:\/\/www.aiguessegarragarrigues.cat\/ca\/","name":"Aig\u00fces del Segarra Garrigues","description":"","potentialAction":[{"@type":"SearchAction","target":{"@type":"EntryPoint","urlTemplate":"https:\/\/www.aiguessegarragarrigues.cat\/ca\/?s={search_term_string}"},"query-input":{"@type":"PropertyValueSpecification","valueRequired":true,"valueName":"search_term_string"}}],"inLanguage":"ca"}]}},"_links":{"self":[{"href":"https:\/\/www.aiguessegarragarrigues.cat\/ca\/wp-json\/wp\/v2\/pages\/57","targetHints":{"allow":["GET"]}}],"collection":[{"href":"https:\/\/www.aiguessegarragarrigues.cat\/ca\/wp-json\/wp\/v2\/pages"}],"about":[{"href":"https:\/\/www.aiguessegarragarrigues.cat\/ca\/wp-json\/wp\/v2\/types\/page"}],"author":[{"embeddable":true,"href":"https:\/\/www.aiguessegarragarrigues.cat\/ca\/wp-json\/wp\/v2\/users\/1"}],"replies":[{"embeddable":true,"href":"https:\/\/www.aiguessegarragarrigues.cat\/ca\/wp-json\/wp\/v2\/comments?post=57"}],"version-history":[{"count":44,"href":"https:\/\/www.aiguessegarragarrigues.cat\/ca\/wp-json\/wp\/v2\/pages\/57\/revisions"}],"predecessor-version":[{"id":3939,"href":"https:\/\/www.aiguessegarragarrigues.cat\/ca\/wp-json\/wp\/v2\/pages\/57\/revisions\/3939"}],"wp:attachment":[{"href":"https:\/\/www.aiguessegarragarrigues.cat\/ca\/wp-json\/wp\/v2\/media?parent=57"}],"curies":[{"name":"wp","href":"https:\/\/api.w.org\/{rel}","templated":true}]}}