{"id":4555,"date":"2021-06-18T19:03:03","date_gmt":"2021-06-18T17:03:03","guid":{"rendered":"https:\/\/www.aiguessegarragarrigues.cat\/?page_id=4555"},"modified":"2021-11-08T23:05:07","modified_gmt":"2021-11-08T22:05:07","slug":"condicions-particulars-usuaris-oferents","status":"publish","type":"page","link":"https:\/\/www.aiguessegarragarrigues.cat\/ca\/condicions-particulars-usuaris-oferents\/","title":{"rendered":"BDT-Condicions Particulars"},"content":{"rendered":"<p><\/p>\n<h1 class=\"p1\">1 OBJECTE<\/h1>\n<p>Les Condicions Particulars dels Usuaris Oferents regulen la relaci\u00f3 contractual entre d\u2019AIG\u00dcES DEL SEGARRA GARRIGUES, SA (en endavant \u201cASG\u201d), com a entitat operadora del Banc de Terres, i (i) les persones propiet\u00e0ries de Finques o facultades per a vendre o posar en arrendament una o m\u00e9s Finques que ho sol\u00b7licitin a ASG a trav\u00e9s del \u201cFormulari d\u2019Anunciant\u201d (els \u201cAnunciants\u201d); o (ii) les persones o entitats interessades en una Finca o un conjunt de Finques lim\u00edtrofs amb una superf\u00edcie total superior a les cinquanta hect\u00e0rees (els \u201cDemandants de Grans Superf\u00edcies\u201d).<\/p>\n<p>En qualsevol cas, l\u2019\u00fas del Banc de Terres per part dels Usuaris Oferents est\u00e0 sotm\u00e8s a les Condicions Generals del Banc de Terres (les \u201cCondicions Generals\u201d) i l\u2019Av\u00eds Legal de la web d\u2019ASG (l\u2019\u201dAv\u00eds Legal), disponibles aqu\u00ed: <span class=\"s3\"><span style=\"color: #0000ff;\"><i><a style=\"color: #0000ff;\" href=\"https:\/\/www.aiguessegarragarrigues.cat\/condicions-generals-bdt\/\">Condicions Generals<\/a> <\/i><\/span><span style=\"color: #000000;\">i<\/span> <span style=\"color: #0000ff;\"><i><a style=\"color: #0000ff;\" href=\"https:\/\/www.aiguessegarragarrigues.cat\/politica-de-privacitat\/\">Av\u00eds Legal<\/a><\/i><\/span><\/span><span class=\"s2\">. En cas de conflicte entre les Condicions Generals o l\u2019Av\u00eds Legal i aquestes Condicions Particulars, prevaldran aquestes \u00faltimes.<\/span><\/p>\n<p class=\"p5\"><span class=\"s2\">Les Condicions Generals, l\u2019Av\u00eds Legal i les Condicions Particulars seran conjuntament denominades les \u201cCondicions\u201d.<\/span><\/p>\n<p class=\"p5\"><span class=\"s2\">Els termes en maj\u00fascula utilitzats en aquestes Condicions Particulars no definits en aquestes tindran el significat que se\u2019ls atorga a les Condicions Generals.<\/span><\/p>\n<h1>2 RELACI\u00d3 CONTRACTUAL ENTRE ASG I ELS USUARIS OFERENTS<\/h1>\n<p class=\"p5\"><span class=\"s2\">La relaci\u00f3 contractual entre ASG i els Usuaris Oferents s\u2019iniciar\u00e0 en el moment de presentaci\u00f3 del Formulari d\u2019Anunciant o el Formulari de Demandant de Grans Superf\u00edcies, segons s\u2019escaigui, i es mantindr\u00e0 vigent fins el moment de retirada de l\u2019\u00faltim Anunci o Oferta sobre Grans Superf\u00edcies de l\u2019Usuari Oferent (les \u201cPublicacions\u201d) per qualsevol de les causes especificades a les Condicions Generals. <\/span><\/p>\n<p class=\"p5\"><span class=\"s2\">ASG no assegura ni garanteix als Usuaris Oferents que els negocis oferts a trav\u00e9s de les Publicacions puguin ser duts a terme. <\/span><\/p>\n<p class=\"p5\"><span class=\"s2\">Els Usuaris Oferents podran finalitzar la seva relaci\u00f3 contractual amb ASG en qualsevol moment, de manera gratu\u00efta i sense cap tipus de penalitzaci\u00f3 escrivint a l\u2019adre\u00e7a de correu electr\u00f2nic <span class=\"s4\">bancdeterres(arrova)aigues-asg.es<\/span> i sol\u00b7licitant la retirada de la o les Publicacions.<\/span><\/p>\n<h1>3 SEGUIMENT DE CONTACTES<\/h1>\n<p class=\"p5\"><span class=\"s2\">Un cop facilitades les dades de contacte als Interessats, Propietaris de Finques Demandades o Demandants de Grans Superf\u00edcies, segons s\u2019escaigui, ASG podr\u00e0 contactar amb els Usuaris Oferents transcorreguts uns dies per comprovar si han estat contactats pels Interessats o Propietaris de Finques Demandades, i si cal retirar o modificar la Publicaci\u00f3. En qualsevol cas, ASG no assumeix l\u2019obligaci\u00f3 de fer-ho i, per tant, son els Usuaris Oferents qui s\u2019han d\u2019adre\u00e7ar a ASG si volen retirar les Publicacions (sens perjudici de l\u2019establert a l\u2019apartat 6 de les Condicions Generals).<\/span><\/p>\n<h1>4 SUSPENSI\u00d3, RESTRICCI\u00d3 O FINALITZACI\u00d3 DE L\u2019ACTIVITAT DELS<br \/>\nUSUARIS OFERENTS<\/h1>\n<p class=\"p5\"><span class=\"s2\">En el cas que ASG tingui (i) indicis que els Usuaris Oferents hagi utilitzat el Banc de Terres de manera contr\u00e0ria a les Condicions o a l\u2019ordenament jur\u00eddic vigent, de manera fraudulenta, infringint drets de tercers, introduint informaci\u00f3 enganyosa, amb mala fe o d\u2019altra manera contr\u00e0ria a l\u2019ordenament jur\u00eddic vigent; o (ii) qualsevol altre inter\u00e8s leg\u00edtim, especialment el de protegir els Destinataris del Servei de qualsevol activitat fraudulenta, tindr\u00e0 la facultat d\u2019aplicar les seg\u00fcents mesures sancionadores, en funci\u00f3 de la gravetat de la situaci\u00f3:<\/span><\/p>\n<p><span class=\"s2\">a) Eliminar Publicacions o part del seu contingut<\/span><\/p>\n<p><span class=\"s2\">b) Endarrerir la publicaci\u00f3 d\u2019Anuncis o Ofertes sobre Grans Superf\u00edcies<\/span><\/p>\n<p><span class=\"s2\">c) Endarrerir la comunicaci\u00f3 als Demandants de Grans Superf\u00edcies de les dades de contacte dels Anunciants que siguin Propietaris de Finques Demandades<\/span><\/p>\n<p><span class=\"s2\">d) Endarrerir la comunicaci\u00f3 als Interessats i Propietaris de Grans Superf\u00edcies de les dades de contacte dels Usuaris Oferents<\/span><\/p>\n<p><span class=\"s2\">e) Realitzar advert\u00e8ncies als Usuaris Oferents<\/span><\/p>\n<p><span class=\"s2\">f) Restringir o prohibir, de manera temporal o definitiva, l\u2019\u00fas del Banc de Terres als Usuaris Oferents<\/span><\/p>\n<p class=\"p5\"><span class=\"s2\">Si ASG decideix restringir, suspendre o posar fi a l\u2019activitat de d\u2019un Usuari Oferent al Banc de Terres, ASG comunicar\u00e0 a aquest, abans que la mesura tingui efecte, els motius de la seva decisi\u00f3 (excepte subjecci\u00f3 d\u2019ASG a obligacions legals o reglament\u00e0ries que ho impedeixin o d\u2019infracci\u00f3 reiterada demostrable de les Condicions per part de l\u2019Usuari Oferent). En el cas de finalitzaci\u00f3 de l\u2019Activitat d\u2019un Usuari Oferent al Banc de Terres, la decisi\u00f3 ser\u00e0 comunicada amb una antelaci\u00f3 m\u00ednima de 30 dies. <\/span><\/p>\n<p class=\"p5\"><span class=\"s2\">Un cop les mesures sancionadores s\u2019hagin comunicat a l\u2019Usuari Oferent, aquest podr\u00e0 esclarir els fets i circumst\u00e0ncies a trav\u00e9s del Procediment de Reclamacions, d\u2019acord amb el que s\u2019estableix a la cl\u00e0usula 9.1. Si despr\u00e9s de seguir el procediment intern de tramitaci\u00f3 de reclamacions ASG decideix revocar les mesures sancionadores, ASG restituir\u00e0 a l\u2019Usuari Oferent a la seva posici\u00f3 pr\u00e8via a l\u2019adopci\u00f3 de les mesures en el termini m\u00e9s breu possible.<\/span><\/p>\n<p class=\"p5\"><span class=\"s2\">En casos excepcionals de subjecci\u00f3 d\u2019ASG a obligacions legals o reglament\u00e0ries que ho impedeixin o d\u2019infracci\u00f3 reiterada demostrable de les Condicions per part de l\u2019Usuari Oferent, ASG no comunicar\u00e0 les mesures pr\u00e8viament a la seva adopci\u00f3.<\/span><\/p>\n<h1>5 PAR\u00c0METRES DE CLASSIFICACI\u00d3 DE PUBLICACIONS<\/h1>\n<p class=\"p5\"><span class=\"s2\">Els par\u00e0metres utilitzats per ASG per classificar les Publicacions al Banc de Terres s\u00f3n els que s\u2019estableixen a les <em><a href=\"https:\/\/www.aiguessegarragarrigues.cat\/condicions-generals-bdt\/\"><span style=\"color: #0000ff;\">Condicions Generals.<\/span><\/a><\/em><\/span><\/p>\n<h1>6 INFORMACI\u00d3 GENERADA A PARTIR DE L\u2019ACTIVITAT DEL BANC<br \/>\nDE TERRES<\/h1>\n<p class=\"p5\"><span class=\"s2\">Per tal de poder publicar els Anuncis i Ofertes sobre Grans Superf\u00edcies i facilitar les dades de contacte dels Usuaris, ASG recollir\u00e0 la informaci\u00f3 que els Usuaris facilitin a trav\u00e9s dels Formularis d\u2019Anunciant, Interessat, Demandant de Grans Superf\u00edcies i Propietari de Grans Superf\u00edcies (els \u201cFormularis\u201d), incloent les dades personals que s\u2019hi continguin. ASG tindr\u00e0 acc\u00e9s en tot moment als Formularis i el seu contingut, aix\u00ed com a la resta d\u2019informaci\u00f3 sobre les Finques que es mostri al Banc de Terres. <\/span><\/p>\n<p class=\"p5\"><span class=\"s2\">M\u00e9s enll\u00e0 de la informaci\u00f3 mencionada, ASG no en tractar\u00e0 cap altra. Per exemple, no recollir\u00e0 informaci\u00f3 sobre detalls de les ofertes ni tindr\u00e0 cap registre de les transaccions que siguin finalment dutes a terme entre els Usuaris. No obstant, ASG es reserva la facultat de tractar la informaci\u00f3 de manera agregada per a finalitats d\u2019estad\u00edstica interna.<\/span><\/p>\n<p class=\"p5\"><span class=\"s2\">Els Usuaris Oferents que aix\u00ed ho sol\u00b7licitin a trav\u00e9s de la direcci\u00f3 de contacte que figura a la cl\u00e0usula 10 podran accedir a la informaci\u00f3, incloent les dades personals, que hagin facilitat a trav\u00e9s dels Formularis d\u2019Anunciant i de Demandant de Grans Superf\u00edcies que hagin presentat. En el cas que ASG consideri que determinades dades estad\u00edstiques elaborades a partir de la informaci\u00f3 proporcionada a trav\u00e9s del Banc de Terres poden ser interessants per a l\u2019activitat dels Usuaris Oferents, els les podr\u00e0 facilitar.<\/span><\/p>\n<p class=\"p5\"><span class=\"s2\">Sens perjudici de l\u2019establert a les Condicions Generals sobre el tractament de dades personals, la informaci\u00f3 proporcionada al Banc de Terres per part dels Usuaris i la generada a partir de la seva activitat no ser\u00e0 facilitada a tercers per part d\u2019ASG.<\/span><\/p>\n<h1>7 DRETS DE PROPIETAT INTEL\u00b7LECTUAL DELS USUARIS<br \/>\nOFERENTS<\/h1>\n<p class=\"p5\"><span class=\"s2\">Els Usuaris Oferents declaren que tenen dret suficient per utilitzar qualsevol dret de propietat intel\u00b7lectual o industrial que pugui ser comunicat al Banc de Terres (per exemple logotips, marques i noms comercials), i que l\u2019\u00fas per part seva no infringeix cap dret de tercers. <\/span><\/p>\n<p class=\"p5\"><span class=\"s2\">Els Usuaris Oferents assumeixen la plena responsabilitat de l\u2019\u00fas de qualsevol informaci\u00f3, document, contingut o material de qualsevol tipus que facilitin al Banc de Terres, incloent els drets de propietat intel\u00b7lectual o industrial als que aquests puguin estar subjectes, i mantindran a ASG indemne de qualsevol responsabilitat derivada d\u2019aquest de l\u2019\u00fas que en pugi fer.<\/span><\/p>\n<p class=\"p5\"><span class=\"s2\">Aix\u00ed mateix, els Usuaris Oferents autoritzen a ASG a utilitzar, en el marc d\u2019activitats promocionals, les marques, noms comercials i logotips que s\u2019utilitzin per designar a l\u2019Usuari Oferent.<\/span><\/p>\n<h1>8 MODIFICACI\u00d3 DE CONDICIONS<\/h1>\n<p class=\"p5\"><span class=\"s2\">ASG notificar\u00e0 als Usuaris Oferents qualsevol canvi en les Condicions amb una antelaci\u00f3 m\u00ednima de 15 dies a la seva entrada en vigor (el \u201cTermini de Notificaci\u00f3\u201d). Les modificacions proposades no s\u2019aplicaran fins que no finalitzi el Termini de Notificaci\u00f3. <\/span><\/p>\n<p class=\"p5\"><span class=\"s2\">No obstant, el Termini de Notificaci\u00f3 no s\u2019aplicar\u00e0 quan ASG estigui subjecte a una obligaci\u00f3 legal o reglament\u00e0ria que li exigeixi modificar les Condicions d\u2019una manera que no li permeti respectar el Termini de Notificaci\u00f3, o b\u00e9 hagi de modificar excepcionalment les seves Condicions per fer front a un perill imprevist i imminent relacionat amb la defensa d\u2019ASG o els Usuaris Oferents contra el frau, els programes inform\u00e0tics maliciosos, l\u2019<i>spam<\/i>, les violacions de seguretat de dades o altres riscos de ciberseguretat.<\/span><\/p>\n<p class=\"p5\"><span class=\"s2\">ASG enviar\u00e0 la notificaci\u00f3 de modificaci\u00f3 de les Condicions Particulars a l\u2019adre\u00e7a de correu electr\u00f2nic que els Usuaris Oferents hagin indicat en el Formulari . No obstant, si els Usuaris Oferents aix\u00ed ho sol\u00b7liciten en el Formulari, la notificaci\u00f3 ser\u00e0 enviada a trav\u00e9s de missatge SMS al n\u00famero de tel\u00e8fon que aquests indiquin. <\/span><\/p>\n<h1>9 RESOLUCI\u00d3 DE CONFLICTES<\/h1>\n<h2><span class=\"s2\">9.1. PROCEDIMENT DE RECLAMACI\u00d3<\/span><\/h2>\n<p class=\"p5\"><span class=\"s2\">ASG posa a disposici\u00f3 dels Usuaris Oferents un procediment intern i gratu\u00eft per a la resoluci\u00f3 de conflictes que puguin sorgir entre els Usuaris Oferents i ASG en el marc del Banc de Terres (el \u201cProcediment de Reclamaci\u00f3\u201d).<\/span><\/p>\n<p class=\"p5\"><span class=\"s2\">El Procediment de Reclamaci\u00f3 es basa en els principis de transpar\u00e8ncia i igualtat de tracte de situacions equivalents, i tractar\u00e0 les reclamacions de manera proporcionada en relaci\u00f3 amb la seva import\u00e0ncia i complexitat. ASG posar\u00e0 tots els seus esfor\u00e7os en atendre la Reclamaci\u00f3 en un termini raonable tenint en compte la complexitat de la reclamaci\u00f3.<\/span><\/p>\n<h3><span class=\"s2\">9.1.1. Motius de Reclamaci\u00f3<\/span><\/h3>\n<p class=\"p5\"><span class=\"s2\">El Procediment de Reclamaci\u00f3 permetr\u00e0 als Usuaris Oferents presentar reclamacions directament a ASG, com a operador del Banc de Terres, en relaci\u00f3 amb qualsevol de les q\u00fcestions llistades a continuaci\u00f3:<\/span><\/p>\n<ol>\n<li style=\"list-style-type: none;\">\n<ol class=\"ol2\">\n<li class=\"li5\"><span class=\"s2\">\u00a0suposat incompliment per part d\u2019ASG del Reglament (UE) 2019\/1150 que afecti a l\u2019Usuari Oferent que presenti la reclamaci\u00f3 (la \u201cReclamaci\u00f3\u201d i el \u201cReclamant\u201d); <\/span><\/li>\n<li class=\"li5\"><span class=\"s2\">problemes tecnol\u00f2gics del Banc de Terres que afectin al Reclamant; o<\/span><\/li>\n<li class=\"li5\"><span class=\"s2\">mesures espec\u00edfiques o conductes d\u2019ASG vinculades al Banc de Terres que afectin al Reclamant.<\/span><\/li>\n<\/ol>\n<\/li>\n<\/ol>\n<p>&nbsp;<\/p>\n<h3>9.1.2. Tramitaci\u00f3 de la Reclamaci\u00f3<\/h3>\n<p class=\"p5\"><span class=\"s2\">En cas de conflicte entre els Anunciants i ASG com a operador del Banc de Terres, els Usuaris Oferents poden posar-se en contacte amb ASG a trav\u00e9s de la direcci\u00f3 de correu electr\u00f2nic <span class=\"s4\">bancdeterres(arrova)aigues-asg.es<\/span> per presentar la Reclamaci\u00f3 i iniciar el Procediment de Reclamaci\u00f3. <\/span><\/p>\n<p class=\"p5\"><span class=\"s2\">ASG, un cop rebuda la Reclamaci\u00f3, estudiar\u00e0 el seu contingut i la millor manera de poder trobar una soluci\u00f3 amistosa al conflicte plantejat pel Reclamant. En un termini m\u00e0xim de 15 dies h\u00e0bils des de la interposici\u00f3 de la Reclamaci\u00f3, ASG traslladar\u00e0 al Reclamant la seva posici\u00f3 respecte de la Reclamaci\u00f3 mitjan\u00e7ant un correu electr\u00f2nic i, en funci\u00f3 del seu contingut, proposar\u00e0 al Reclamant una via per la seva soluci\u00f3 de manera amistosa. No obstant, el termini de 15 dies podr\u00e0 ser incrementat si la complexitat de la Reclamaci\u00f3 ho requereix.<\/span><\/p>\n<p class=\"p5\"><span class=\"s2\">Si el Reclamant accepta la soluci\u00f3 proposada per ASG la Reclamaci\u00f3 quedar\u00e0 resolta. En cas contrari, ASG pot oferir al Reclamant iniciar un procediment de mediaci\u00f3 per intentar resoldre la controv\u00e8rsia. <\/span><\/p>\n<p>&nbsp;<\/p>\n<h2><span class=\"s2\">9.2. MEDIACI\u00d3 <\/span><\/h2>\n<p class=\"p5\"><span class=\"s2\">ASG ofereix la mediaci\u00f3 com a via per a la resoluci\u00f3 extrajudicial dels conflictes que puguin sorgir entre els Usuaris Oferents i ASG com a operador del Banc de terres, incloent aquelles Reclamacions no resoltes de manera satisfact\u00f2ria a trav\u00e9s del Procediment de Reclamaci\u00f3. A aquests efectes, ASG designa a Anna Llaurad\u00f3 i Sabat\u00e9 i Elda Michans i Ari\u00f1o, membres del Centre de Mediaci\u00f3 de l\u2019Il\u00b7lustre Col\u00b7legi de l\u2019Advocacia de Lleida, com a mediadors encarregats d\u2019aquesta tasca.<\/span><\/p>\n<p class=\"p5\"><span class=\"s2\">Per tal d\u2019iniciar una mediaci\u00f3, els Usuaris Oferents podran posar-se en contacte amb ASG a trav\u00e9s de la seg\u00fcent adre\u00e7a de correu electr\u00f2nic: <span class=\"s4\">bancdeterres(arrova)aigues-asg.es<\/span>.<\/span><\/p>\n<p class=\"p5\"><span class=\"s2\">Per a poder iniciar un procediment de mediaci\u00f3 sobre qualsevol aspecte que pugui ser objecte d\u2019un Procediment de Reclamaci\u00f3, ser\u00e0 condici\u00f3 necess\u00e0ria que pr\u00e8viament l\u2019Usuari Oferent hagi iniciat el Procediment de Reclamaci\u00f3 i ASG no hagi resolt la Reclamaci\u00f3 de manera satisfact\u00f2ria per al Reclamant.<\/span><\/p>\n<p class=\"p5\"><span class=\"s2\">ASG no queda obligat a participar en els processos de reclamaci\u00f3 que proposin els Usuaris Oferents. <\/span><\/p>\n<p class=\"p5\"><span class=\"s2\">Qualsevol intent d\u2019arribar a un acord a trav\u00e9s de la mediaci\u00f3 per resoldre una controv\u00e8rsia entre l\u2019Anunciant i ASG no afectar\u00e0 al dret d\u2019ASG i els Usuaris Oferents afectats d\u2019iniciar un procediment judicial en qualsevol moment durant el procediment de mediaci\u00f3 o abans o despr\u00e9s d\u2019aquest.<\/span><\/p>\n<p>&nbsp;<\/p>\n<h2><span class=\"s2\">10. ADRE\u00c7A DE CONTACTE <\/span><\/h2>\n<p class=\"p5\"><span class=\"s2\">En cas que els Usuaris Oferents tinguin algun dubte sobre aquestes Condicions Particulars o qualsevol comentari sobre el Banc de Terres, es poden dirigir per escrit a la seg\u00fcent direcci\u00f3:<\/span><\/p>\n<p class=\"p10\"><span class=\"s5\">bancdeterres(arrova)aigues-asg.es<\/span><\/p>\n<p><\/p>","protected":false},"excerpt":{"rendered":"<p>1 OBJECTE Les Condicions Particulars dels Usuaris Oferents regulen la relaci\u00f3 contractual entre d\u2019AIG\u00dcES DEL SEGARRA GARRIGUES, SA (en endavant  [&#8230;]<\/p>\n","protected":false},"author":1,"featured_media":0,"parent":0,"menu_order":0,"comment_status":"closed","ping_status":"closed","template":"","meta":{"footnotes":"","_links_to":"","_links_to_target":""},"class_list":["post-4555","page","type-page","status-publish","hentry"],"yoast_head":"<!-- This site is optimized with the Yoast SEO plugin v27.0 - https:\/\/yoast.com\/product\/yoast-seo-wordpress\/ -->\n<title>BDT-Condicions Particulars - Aig\u00fces del Segarra Garrigues<\/title>\n<meta name=\"robots\" content=\"index, follow, max-snippet:-1, max-image-preview:large, max-video-preview:-1\" \/>\n<link rel=\"canonical\" href=\"https:\/\/www.aiguessegarragarrigues.cat\/ca\/condicions-particulars-usuaris-oferents\/\" \/>\n<meta property=\"og:locale\" content=\"ca_ES\" \/>\n<meta property=\"og:type\" content=\"article\" \/>\n<meta property=\"og:title\" content=\"BDT-Condicions Particulars - Aig\u00fces del Segarra Garrigues\" \/>\n<meta property=\"og:description\" content=\"1 OBJECTE Les Condicions Particulars dels Usuaris Oferents regulen la relaci\u00f3 contractual entre d\u2019AIG\u00dcES DEL SEGARRA GARRIGUES, SA (en endavant [...]\" \/>\n<meta property=\"og:url\" content=\"https:\/\/www.aiguessegarragarrigues.cat\/ca\/condicions-particulars-usuaris-oferents\/\" \/>\n<meta property=\"og:site_name\" content=\"Aig\u00fces del Segarra Garrigues\" \/>\n<meta property=\"article:modified_time\" content=\"2021-11-08T22:05:07+00:00\" \/>\n<meta property=\"og:image\" content=\"https:\/\/www.aiguessegarragarrigues.cat\/wp-content\/uploads\/2021\/11\/At_sign.svg-1024x1024.png\" \/>\n<meta name=\"twitter:card\" content=\"summary_large_image\" \/>\n<meta name=\"twitter:label1\" content=\"Temps estimat de lectura\" \/>\n\t<meta name=\"twitter:data1\" content=\"9 minuts\" \/>\n<script type=\"application\/ld+json\" class=\"yoast-schema-graph\">{\"@context\":\"https:\/\/schema.org\",\"@graph\":[{\"@type\":\"WebPage\",\"@id\":\"https:\/\/www.aiguessegarragarrigues.cat\/ca\/condicions-particulars-usuaris-oferents\/\",\"url\":\"https:\/\/www.aiguessegarragarrigues.cat\/ca\/condicions-particulars-usuaris-oferents\/\",\"name\":\"BDT-Condicions Particulars - Aig\u00fces del Segarra Garrigues\",\"isPartOf\":{\"@id\":\"https:\/\/www.aiguessegarragarrigues.cat\/ca\/#website\"},\"primaryImageOfPage\":{\"@id\":\"https:\/\/www.aiguessegarragarrigues.cat\/ca\/condicions-particulars-usuaris-oferents\/#primaryimage\"},\"image\":{\"@id\":\"https:\/\/www.aiguessegarragarrigues.cat\/condicions-particulars-usuaris-oferents\/#primaryimage\"},\"thumbnailUrl\":\"https:\/\/www.aiguessegarragarrigues.cat\/wp-content\/uploads\/2021\/11\/At_sign.svg-1024x1024.png\",\"datePublished\":\"2021-06-18T17:03:03+00:00\",\"dateModified\":\"2021-11-08T22:05:07+00:00\",\"breadcrumb\":{\"@id\":\"https:\/\/www.aiguessegarragarrigues.cat\/ca\/condicions-particulars-usuaris-oferents\/#breadcrumb\"},\"inLanguage\":\"ca\",\"potentialAction\":[{\"@type\":\"ReadAction\",\"target\":[[\"https:\/\/www.aiguessegarragarrigues.cat\/ca\/condicions-particulars-usuaris-oferents\/\"]]}]},{\"@type\":\"ImageObject\",\"inLanguage\":\"ca\",\"@id\":\"https:\/\/www.aiguessegarragarrigues.cat\/ca\/condicions-particulars-usuaris-oferents\/#primaryimage\",\"url\":\"https:\/\/www.aiguessegarragarrigues.cat\/wp-content\/uploads\/2021\/11\/At_sign.svg-1024x1024.png\",\"contentUrl\":\"https:\/\/www.aiguessegarragarrigues.cat\/wp-content\/uploads\/2021\/11\/At_sign.svg-1024x1024.png\"},{\"@type\":\"BreadcrumbList\",\"@id\":\"https:\/\/www.aiguessegarragarrigues.cat\/ca\/condicions-particulars-usuaris-oferents\/#breadcrumb\",\"itemListElement\":[{\"@type\":\"ListItem\",\"position\":1,\"name\":\"Inici\",\"item\":\"https:\/\/www.aiguessegarragarrigues.cat\/ca\/\"},{\"@type\":\"ListItem\",\"position\":2,\"name\":\"BDT-Condicions Particulars\"}]},{\"@type\":\"WebSite\",\"@id\":\"https:\/\/www.aiguessegarragarrigues.cat\/ca\/#website\",\"url\":\"https:\/\/www.aiguessegarragarrigues.cat\/ca\/\",\"name\":\"Aig\u00fces del Segarra Garrigues\",\"description\":\"\",\"potentialAction\":[{\"@type\":\"SearchAction\",\"target\":{\"@type\":\"EntryPoint\",\"urlTemplate\":\"https:\/\/www.aiguessegarragarrigues.cat\/ca\/?s={search_term_string}\"},\"query-input\":{\"@type\":\"PropertyValueSpecification\",\"valueRequired\":true,\"valueName\":\"search_term_string\"}}],\"inLanguage\":\"ca\"}]}<\/script>\n<!-- \/ Yoast SEO plugin. -->","yoast_head_json":{"title":"BDT-Condicions Particulars - Aig\u00fces del Segarra Garrigues","robots":{"index":"index","follow":"follow","max-snippet":"max-snippet:-1","max-image-preview":"max-image-preview:large","max-video-preview":"max-video-preview:-1"},"canonical":"https:\/\/www.aiguessegarragarrigues.cat\/ca\/condicions-particulars-usuaris-oferents\/","og_locale":"ca_ES","og_type":"article","og_title":"BDT-Condicions Particulars - Aig\u00fces del Segarra Garrigues","og_description":"1 OBJECTE Les Condicions Particulars dels Usuaris Oferents regulen la relaci\u00f3 contractual entre d\u2019AIG\u00dcES DEL SEGARRA GARRIGUES, SA (en endavant [...]","og_url":"https:\/\/www.aiguessegarragarrigues.cat\/ca\/condicions-particulars-usuaris-oferents\/","og_site_name":"Aig\u00fces del Segarra Garrigues","article_modified_time":"2021-11-08T22:05:07+00:00","og_image":[{"url":"https:\/\/www.aiguessegarragarrigues.cat\/wp-content\/uploads\/2021\/11\/At_sign.svg-1024x1024.png","type":"","width":"","height":""}],"twitter_card":"summary_large_image","twitter_misc":{"Temps estimat de lectura":"9 minuts"},"schema":{"@context":"https:\/\/schema.org","@graph":[{"@type":"WebPage","@id":"https:\/\/www.aiguessegarragarrigues.cat\/ca\/condicions-particulars-usuaris-oferents\/","url":"https:\/\/www.aiguessegarragarrigues.cat\/ca\/condicions-particulars-usuaris-oferents\/","name":"BDT-Condicions Particulars - Aig\u00fces del Segarra Garrigues","isPartOf":{"@id":"https:\/\/www.aiguessegarragarrigues.cat\/ca\/#website"},"primaryImageOfPage":{"@id":"https:\/\/www.aiguessegarragarrigues.cat\/ca\/condicions-particulars-usuaris-oferents\/#primaryimage"},"image":{"@id":"https:\/\/www.aiguessegarragarrigues.cat\/condicions-particulars-usuaris-oferents\/#primaryimage"},"thumbnailUrl":"https:\/\/www.aiguessegarragarrigues.cat\/wp-content\/uploads\/2021\/11\/At_sign.svg-1024x1024.png","datePublished":"2021-06-18T17:03:03+00:00","dateModified":"2021-11-08T22:05:07+00:00","breadcrumb":{"@id":"https:\/\/www.aiguessegarragarrigues.cat\/ca\/condicions-particulars-usuaris-oferents\/#breadcrumb"},"inLanguage":"ca","potentialAction":[{"@type":"ReadAction","target":[["https:\/\/www.aiguessegarragarrigues.cat\/ca\/condicions-particulars-usuaris-oferents\/"]]}]},{"@type":"ImageObject","inLanguage":"ca","@id":"https:\/\/www.aiguessegarragarrigues.cat\/ca\/condicions-particulars-usuaris-oferents\/#primaryimage","url":"https:\/\/www.aiguessegarragarrigues.cat\/wp-content\/uploads\/2021\/11\/At_sign.svg-1024x1024.png","contentUrl":"https:\/\/www.aiguessegarragarrigues.cat\/wp-content\/uploads\/2021\/11\/At_sign.svg-1024x1024.png"},{"@type":"BreadcrumbList","@id":"https:\/\/www.aiguessegarragarrigues.cat\/ca\/condicions-particulars-usuaris-oferents\/#breadcrumb","itemListElement":[{"@type":"ListItem","position":1,"name":"Inici","item":"https:\/\/www.aiguessegarragarrigues.cat\/ca\/"},{"@type":"ListItem","position":2,"name":"BDT-Condicions Particulars"}]},{"@type":"WebSite","@id":"https:\/\/www.aiguessegarragarrigues.cat\/ca\/#website","url":"https:\/\/www.aiguessegarragarrigues.cat\/ca\/","name":"Aig\u00fces del Segarra Garrigues","description":"","potentialAction":[{"@type":"SearchAction","target":{"@type":"EntryPoint","urlTemplate":"https:\/\/www.aiguessegarragarrigues.cat\/ca\/?s={search_term_string}"},"query-input":{"@type":"PropertyValueSpecification","valueRequired":true,"valueName":"search_term_string"}}],"inLanguage":"ca"}]}},"_links":{"self":[{"href":"https:\/\/www.aiguessegarragarrigues.cat\/ca\/wp-json\/wp\/v2\/pages\/4555","targetHints":{"allow":["GET"]}}],"collection":[{"href":"https:\/\/www.aiguessegarragarrigues.cat\/ca\/wp-json\/wp\/v2\/pages"}],"about":[{"href":"https:\/\/www.aiguessegarragarrigues.cat\/ca\/wp-json\/wp\/v2\/types\/page"}],"author":[{"embeddable":true,"href":"https:\/\/www.aiguessegarragarrigues.cat\/ca\/wp-json\/wp\/v2\/users\/1"}],"replies":[{"embeddable":true,"href":"https:\/\/www.aiguessegarragarrigues.cat\/ca\/wp-json\/wp\/v2\/comments?post=4555"}],"version-history":[{"count":15,"href":"https:\/\/www.aiguessegarragarrigues.cat\/ca\/wp-json\/wp\/v2\/pages\/4555\/revisions"}],"predecessor-version":[{"id":4934,"href":"https:\/\/www.aiguessegarragarrigues.cat\/ca\/wp-json\/wp\/v2\/pages\/4555\/revisions\/4934"}],"wp:attachment":[{"href":"https:\/\/www.aiguessegarragarrigues.cat\/ca\/wp-json\/wp\/v2\/media?parent=4555"}],"curies":[{"name":"wp","href":"https:\/\/api.w.org\/{rel}","templated":true}]}}