{"id":4549,"date":"2021-06-18T19:01:09","date_gmt":"2021-06-18T17:01:09","guid":{"rendered":"https:\/\/www.aiguessegarragarrigues.cat\/?page_id=4549"},"modified":"2022-04-19T11:46:07","modified_gmt":"2022-04-19T09:46:07","slug":"formulari-de-demandant-de-gran-superficie","status":"publish","type":"page","link":"https:\/\/www.aiguessegarragarrigues.cat\/ca\/formulari-de-demandant-de-gran-superficie\/","title":{"rendered":"BDT-Demandant de Terra"},"content":{"rendered":"<p><div class=\"fusion-fullwidth fullwidth-box fusion-builder-row-1 fusion-flex-container nonhundred-percent-fullwidth non-hundred-percent-height-scrolling\" style=\"--awb-border-radius-top-left:0px;--awb-border-radius-top-right:0px;--awb-border-radius-bottom-right:0px;--awb-border-radius-bottom-left:0px;--awb-flex-wrap:wrap;\" ><div class=\"fusion-builder-row fusion-row fusion-flex-align-items-flex-start fusion-flex-content-wrap\" style=\"max-width:calc( 1300px + 0px );margin-left: calc(-0px \/ 2 );margin-right: calc(-0px \/ 2 );\"><div class=\"fusion-layout-column fusion_builder_column fusion-builder-column-0 fusion_builder_column_1_1 1_1 fusion-flex-column\" style=\"--awb-bg-size:cover;--awb-width-large:100%;--awb-margin-top-large:0px;--awb-spacing-right-large:0px;--awb-margin-bottom-large:0px;--awb-spacing-left-large:0px;--awb-width-medium:100%;--awb-spacing-right-medium:0px;--awb-spacing-left-medium:0px;--awb-width-small:100%;--awb-spacing-right-small:0px;--awb-spacing-left-small:0px;\"><div class=\"fusion-column-wrapper fusion-flex-justify-content-flex-start fusion-content-layout-column\"><div class=\"fusion-text fusion-text-1\">\n<div class=\"wpcf7 no-js\" id=\"wpcf7-f4536-o1\" lang=\"ca\" dir=\"ltr\" data-wpcf7-id=\"4536\">\n<div class=\"screen-reader-response\"><p role=\"status\" aria-live=\"polite\" aria-atomic=\"true\"><\/p> <ul><\/ul><\/div>\n<form action=\"\/ca\/wp-json\/wp\/v2\/pages\/4549#wpcf7-f4536-o1\" method=\"post\" class=\"wpcf7-form init\" aria-label=\"Formulari de contacte\" novalidate=\"novalidate\" data-status=\"init\">\n<fieldset class=\"hidden-fields-container\"><input type=\"hidden\" name=\"_wpcf7\" value=\"4536\" \/><input type=\"hidden\" name=\"_wpcf7_version\" value=\"6.1.5\" \/><input type=\"hidden\" name=\"_wpcf7_locale\" value=\"ca\" \/><input type=\"hidden\" name=\"_wpcf7_unit_tag\" value=\"wpcf7-f4536-o1\" \/><input type=\"hidden\" name=\"_wpcf7_container_post\" value=\"0\" \/><input type=\"hidden\" name=\"_wpcf7_posted_data_hash\" value=\"\" \/><input type=\"hidden\" name=\"_wpcf7_recaptcha_response\" value=\"\" \/>\n<\/fieldset>\n<p><b>BANC DE TERRES. FORMULARI D\u2019INTERESSAT<\/b><br \/>\n<b>1. Dades del sol\u00b7licitant<\/b>\n<\/p>\n<p><label>Nom i Cognom<br \/>\n<span class=\"wpcf7-form-control-wrap\" data-name=\"your-name\"><input size=\"40\" maxlength=\"400\" class=\"wpcf7-form-control wpcf7-text wpcf7-validates-as-required\" aria-required=\"true\" aria-invalid=\"false\" value=\"\" type=\"text\" name=\"your-name\" \/><\/span> <\/label>\n<\/p>\n<p><label> DNI<br \/>\n<span class=\"wpcf7-form-control-wrap\" data-name=\"text-850\"><input size=\"40\" maxlength=\"400\" class=\"wpcf7-form-control wpcf7-text\" aria-invalid=\"false\" value=\"\" type=\"text\" name=\"text-850\" \/><\/span> <\/label>\n<\/p>\n<p><label> Tel\u00e8fon de contacte<br \/>\n<span class=\"wpcf7-form-control-wrap\" data-name=\"tel-956\"><input size=\"40\" maxlength=\"400\" class=\"wpcf7-form-control wpcf7-tel wpcf7-text wpcf7-validates-as-tel\" aria-invalid=\"false\" value=\"\" type=\"tel\" name=\"tel-956\" \/><\/span> <\/label>\n<\/p>\n<p><label> Correu electr\u00f2nic<br \/>\n<span class=\"wpcf7-form-control-wrap\" data-name=\"your-email\"><input size=\"40\" maxlength=\"400\" class=\"wpcf7-form-control wpcf7-email wpcf7-validates-as-required wpcf7-text wpcf7-validates-as-email\" aria-required=\"true\" aria-invalid=\"false\" value=\"\" type=\"email\" name=\"your-email\" \/><\/span> <\/label>\n<\/p>\n<p><label> Adre\u00e7a postal<br \/>\n<span class=\"wpcf7-form-control-wrap\" data-name=\"text-330\"><input size=\"40\" maxlength=\"400\" class=\"wpcf7-form-control wpcf7-text\" aria-invalid=\"false\" value=\"\" type=\"text\" name=\"text-330\" \/><\/span> <\/label>\n<\/p>\n<p><b>2.a. Finques individuals (En cas de estar interesat en una finca)<\/b><br \/>\n<label><br \/>\nDescriviu la finca sobre la que teniu inter\u00e8s:<br \/>\n<span class=\"wpcf7-form-control-wrap\" data-name=\"textarea-943\"><textarea cols=\"40\" rows=\"10\" maxlength=\"2000\" class=\"wpcf7-form-control wpcf7-textarea\" aria-invalid=\"false\" name=\"textarea-943\">(poseu el nom del municipi seguit del pol\u00edgon i parcel\u00b7la: Ex. LES BORGES BLANQUES, 509\/1)<\/textarea><\/span> <\/label>\n<\/p>\n<p><b>2.b. Grans superficies (En cas de estar interessat en diverses finques)<\/b><br \/>\n<label><br \/>\nDescriviu les finques sobre les que desitgeu oferir negocis de compra o arrendament sobre Grans Superf\u00edcies al Banc de Terres. Cal que es tracti d\u2019una finca o un conjunt de finques lim\u00edtrofs amb una superf\u00edcie total superior a les cinquanta hect\u00e0rees.<br \/>\n<span class=\"wpcf7-form-control-wrap\" data-name=\"textarea-55\"><textarea cols=\"40\" rows=\"10\" maxlength=\"2000\" class=\"wpcf7-form-control wpcf7-textarea\" aria-invalid=\"false\" name=\"textarea-55\">(Poseu el municipi o municip\u00ecs i la zona o zones del municipi que us interessi, si voleu comprar o arrendar, la superf\u00edcie aproximada que us interessa, i si tota la superf\u00edcie ha d\u2019estar junta o pot estar separada, i en cas que pugui estar separada, quina \u00e9s la superf\u00edcie m\u00ednima de cadascun dels rotlles o peces. EXEMPLE. Castelldans, El Pla de Moles i els Vinyars, comprar 40 ha, en rotlles de com a m\u00ednim 10 ha).<\/textarea><\/span><br \/>\n<span class=\"wpcf7-form-control-wrap\" data-name=\"checkbox-379\"><span class=\"wpcf7-form-control wpcf7-checkbox wpcf7-validates-as-required\"><span class=\"wpcf7-list-item first last\"><label><input type=\"checkbox\" name=\"checkbox-379[]\" value=\"El sol\u00b7licitant declara que t\u00e9 les facultats o poders suficients com per dur a terme el negoci o negocis oferts en el Banc de Terres sobre les finques descrites al punt 2 anterior. El sol\u00b7licitant tamb\u00e9 garanteix i es fa responsable de la veracitat i correcci\u00f3 de tota la informaci\u00f3 facilitada en aquest document, incloent les dades personals.\" \/><span class=\"wpcf7-list-item-label\">El sol\u00b7licitant declara que t\u00e9 les facultats o poders suficients com per dur a terme el negoci o negocis oferts en el Banc de Terres sobre les finques descrites al punt 2 anterior. El sol\u00b7licitant tamb\u00e9 garanteix i es fa responsable de la veracitat i correcci\u00f3 de tota la informaci\u00f3 facilitada en aquest document, incloent les dades personals.<\/span><\/label><\/span><\/span><\/span><br \/>\n<b>3. Declaracions del sol\u00b7licitant<\/b><br \/>\nEl sol\u00b7licitant declara que t\u00e9 les facultats o poders suficients com per dur a terme el negoci o negocis oferts en el Banc de Terres sobre les finques descrites al punt 2 anterior. El sol\u00b7licitant tamb\u00e9 garanteix i es fa responsable de la veracitat i correcci\u00f3 de tota la informaci\u00f3 facilitada en aquest document, incloent les dades personals.<br \/>\n<b>4. Sol\u00b7licitud<\/b><br \/>\nEl sol\u00b7licitant demana a Aig\u00fces del Segarra Garrigues, S.A. (ASG) que dugui a terme les tasques necess\u00e0ries per facilitar-li les dades de contacte l\u2019Anunciant que ofereix, a trav\u00e9s del Banc de Terres, negocis sobre la finca indicada a l\u2019apartat 2. A aquests efectes, el sol\u00b7licitant declara que:<br \/>\nVol fer \u00fas de la plataforma del Banc de Terres en qualitat d\u2019Interessat.<br \/>\nASG li ha facilitat, abans de la signatura d\u2019aquest document, les Condicions Generals del Banc de Terres, les Condicions Particulars dels Usuaris Oferents, i l\u2019Av\u00eds Legal, que el sol\u00b7licitant ha llegit i accepta.<br \/>\n<b>5. Contacte<\/b><br \/>\nEl sol\u00b7licitant desitja ser contactat, en qualitat d\u2019Interessat, per part ASG, a trav\u00e9s de (podeu assenyalar els dos tipus si us conv\u00e9):<br \/>\n<span class=\"wpcf7-form-control-wrap\" data-name=\"checkbox-634\"><span class=\"wpcf7-form-control wpcf7-checkbox\"><span class=\"wpcf7-list-item first\"><label><input type=\"checkbox\" name=\"checkbox-634[]\" value=\"TEL\u00c8FON\" \/><span class=\"wpcf7-list-item-label\">TEL\u00c8FON<\/span><\/label><\/span><span class=\"wpcf7-list-item\"><label><input type=\"checkbox\" name=\"checkbox-634[]\" value=\"CORREU ELECTR\u00d2NIC\" \/><span class=\"wpcf7-list-item-label\">CORREU ELECTR\u00d2NIC<\/span><\/label><\/span><span class=\"wpcf7-list-item last\"><label><input type=\"checkbox\" name=\"checkbox-634[]\" value=\"QUALSEVOL DELS DOS\" \/><span class=\"wpcf7-list-item-label\">QUALSEVOL DELS DOS<\/span><\/label><\/span><\/span><\/span><br \/>\n<b>6. Tractament de dades personals<\/b><br \/>\nCessions de dades personals dels usuaris del Banc de Terres: el sol\u00b7licitant declara que nom\u00e9s utilitzar\u00e0 les dades personals de contacte que li pugui cedir ASG amb l\u2019\u00fanica finalitat d\u2019explorar possibles negocis amb els Usuaris propietaris de les dades personals cedides.<br \/>\nTractament per part d\u2019ASG: per tal de poder prestar el servei del Banc de Terres al sol\u00b7licitant, facilitar el contacte amb possibles interessats en els negocis oferts i poder realitzar un seguiment de les publicacions al Banc de Terres, Aig\u00fces del Segarra Garrigues, S.A., amb NIF: A25529074 i domicili a carrer Mas d\u2019en Colom, 14, (Pol. Ind. La Canaleta) de T\u00e0rrega (CP: 25300), necessita tractar, com a responsable del tractament, les dades personals que el sol\u00b7licitant comunica en aquest document. Les finalitats dels esmentats tractaments seran l\u2019operativa del Banc de Terres. ASG tamb\u00e9 podr\u00e0 tractar les dades personals per al compliment amb les seves obligacions legals.<br \/>\nEl tractament de les dades \u00e9s necessari per a l\u2019operativa del Banc de Terres, de manera que si el sol\u00b7licitant no les facilita o s\u2019oposa al seu tractament, ASG no podr\u00e0 complir amb el seu comprom\u00eds. En qualsevol cas, el sol\u00b7licitant podr\u00e0 exercir davant d\u2019ASG els drets d\u2019acc\u00e9s, rectificaci\u00f3 o supressi\u00f3, la limitaci\u00f3 del tractament o oposar-se, aix\u00ed com el dret a la portabilitat de les dades o qualsevol altre dret reconegut per la normativa de protecci\u00f3 de dades aplicable en cada moment, enviant un escrit a carrer Mas d\u2019en Colom, 14, (Pol. Ind. La Canaleta) de T\u00e0rrega (CP: 25300), o b\u00e9 a l\u2019adre\u00e7a de correu electr\u00f2nic dades@aigues-asg.es, juntament amb una c\u00f2pia del seu DNI (o un altre document oficial que acrediti la seva identitat). Aix\u00ed mateix, si el sol\u00b7licitant ho considera oport\u00fa, tamb\u00e9 pot presentar una reclamaci\u00f3 o qualsevol q\u00fcesti\u00f3 relacionada amb el compliment de la normativa de protecci\u00f3 de dades davant l\u2019Agencia Espanyola de Protecci\u00f3 de Dades (www.aepd.es).<br \/>\nEl sol\u00b7licitant trobar\u00e0 m\u00e9s informaci\u00f3 sobre el tractament de les seves dades personals per part d\u2019ASG als documents que es lliuren juntament amb aquest formulari, i a <a href=\"https:\/\/www.aiguessegarragarrigues.cat\/politica-de-privacitat\/\">Politica de privacitat<\/a><br \/>\n<span class=\"wpcf7-form-control-wrap\" data-name=\"checkbox-550\"><span class=\"wpcf7-form-control wpcf7-checkbox wpcf7-validates-as-required\"><span class=\"wpcf7-list-item first last\"><label><input type=\"checkbox\" name=\"checkbox-550[]\" value=\"Estic d&#039;acord amb el establert amb aquest formulari\" \/><span class=\"wpcf7-list-item-label\">Estic d&#039;acord amb el establert amb aquest formulari<\/span><\/label><\/span><\/span><\/span><br \/>\n<input class=\"wpcf7-form-control wpcf7-submit has-spinner\" type=\"submit\" value=\"Envia\" \/><\/label>\n<\/p><p style=\"display: none !important;\" class=\"akismet-fields-container\" data-prefix=\"_wpcf7_ak_\"><label>&#916;<textarea name=\"_wpcf7_ak_hp_textarea\" cols=\"45\" rows=\"8\" maxlength=\"100\"><\/textarea><\/label><input type=\"hidden\" id=\"ak_js_1\" name=\"_wpcf7_ak_js\" value=\"248\"\/><script>document.getElementById( \"ak_js_1\" ).setAttribute( \"value\", ( new Date() ).getTime() );<\/script><\/p><div class=\"fusion-alert alert custom alert-custom fusion-alert-center wpcf7-response-output fusion-alert-capitalize awb-alert-native-link-color alert-dismissable awb-alert-close-boxed\" style=\"--awb-border-size:1px;--awb-border-top-left-radius:0px;--awb-border-top-right-radius:0px;--awb-border-bottom-left-radius:0px;--awb-border-bottom-right-radius:0px;\" role=\"alert\"><div class=\"fusion-alert-content-wrapper\"><span class=\"fusion-alert-content\"><\/span><\/div><button type=\"button\" class=\"close toggle-alert\" data-dismiss=\"alert\" aria-label=\"Close\">&times;<\/button><\/div>\n<\/form>\n<\/div>\n\n<\/div><\/div><\/div><\/div><\/div><div class=\"fusion-fullwidth fullwidth-box fusion-builder-row-2 fusion-flex-container nonhundred-percent-fullwidth non-hundred-percent-height-scrolling\" style=\"--awb-border-radius-top-left:0px;--awb-border-radius-top-right:0px;--awb-border-radius-bottom-right:0px;--awb-border-radius-bottom-left:0px;--awb-flex-wrap:wrap;\" ><div class=\"fusion-builder-row fusion-row fusion-flex-align-items-flex-start fusion-flex-content-wrap\" style=\"max-width:1352px;margin-left: calc(-4% \/ 2 );margin-right: calc(-4% \/ 2 );\"><div class=\"fusion-layout-column fusion_builder_column fusion-builder-column-1 fusion_builder_column_1_4 1_4 fusion-flex-column\" style=\"--awb-bg-size:cover;--awb-width-large:25%;--awb-margin-top-large:0px;--awb-spacing-right-large:7.68%;--awb-margin-bottom-large:20px;--awb-spacing-left-large:7.68%;--awb-width-medium:25%;--awb-spacing-right-medium:7.68%;--awb-spacing-left-medium:7.68%;--awb-width-small:100%;--awb-spacing-right-small:1.92%;--awb-spacing-left-small:1.92%;\"><div class=\"fusion-column-wrapper fusion-column-has-shadow fusion-flex-justify-content-flex-start fusion-content-layout-column\"><\/div><\/div><div class=\"fusion-layout-column fusion_builder_column fusion-builder-column-2 fusion_builder_column_1_4 1_4 fusion-flex-column\" style=\"--awb-bg-size:cover;--awb-width-large:25%;--awb-margin-top-large:0px;--awb-spacing-right-large:7.68%;--awb-margin-bottom-large:20px;--awb-spacing-left-large:7.68%;--awb-width-medium:25%;--awb-spacing-right-medium:7.68%;--awb-spacing-left-medium:7.68%;--awb-width-small:100%;--awb-spacing-right-small:1.92%;--awb-spacing-left-small:1.92%;\"><div class=\"fusion-column-wrapper fusion-column-has-shadow fusion-flex-justify-content-flex-start fusion-content-layout-column\"><div ><a class=\"fusion-button button-3d fusion-button-default-size button-default fusion-button-default button-1 fusion-button-default-span fusion-button-default-type\" target=\"_self\" href=\"https:\/\/www.aiguessegarragarrigues.cat\/condicions-particulars-usuaris-oferents\/\"><span class=\"fusion-button-text awb-button__text awb-button__text--default\">Condicions Particulars<\/span><\/a><\/div><\/div><\/div><div class=\"fusion-layout-column fusion_builder_column fusion-builder-column-3 fusion_builder_column_1_4 1_4 fusion-flex-column\" style=\"--awb-bg-size:cover;--awb-width-large:25%;--awb-margin-top-large:0px;--awb-spacing-right-large:7.68%;--awb-margin-bottom-large:20px;--awb-spacing-left-large:7.68%;--awb-width-medium:25%;--awb-spacing-right-medium:7.68%;--awb-spacing-left-medium:7.68%;--awb-width-small:100%;--awb-spacing-right-small:1.92%;--awb-spacing-left-small:1.92%;\"><div class=\"fusion-column-wrapper fusion-column-has-shadow fusion-flex-justify-content-flex-start fusion-content-layout-column\"><\/div><\/div><div class=\"fusion-layout-column fusion_builder_column fusion-builder-column-4 fusion_builder_column_1_4 1_4 fusion-flex-column\" style=\"--awb-bg-size:cover;--awb-width-large:25%;--awb-margin-top-large:0px;--awb-spacing-right-large:7.68%;--awb-margin-bottom-large:20px;--awb-spacing-left-large:7.68%;--awb-width-medium:25%;--awb-spacing-right-medium:7.68%;--awb-spacing-left-medium:7.68%;--awb-width-small:100%;--awb-spacing-right-small:1.92%;--awb-spacing-left-small:1.92%;\"><div class=\"fusion-column-wrapper fusion-column-has-shadow fusion-flex-justify-content-flex-start fusion-content-layout-column\"><div ><a class=\"fusion-button button-3d fusion-button-default-size button-default fusion-button-default button-2 fusion-button-default-span fusion-button-default-type\" target=\"_self\" href=\"https:\/\/www.aiguessegarragarrigues.cat\/condicions-generals-bdt\/\"><span class=\"fusion-button-text awb-button__text awb-button__text--default\">Condicions Generals<\/span><\/a><\/div><\/div><\/div><\/div><\/div><\/p>","protected":false},"excerpt":{"rendered":"","protected":false},"author":1,"featured_media":0,"parent":0,"menu_order":0,"comment_status":"closed","ping_status":"closed","template":"","meta":{"footnotes":"","_links_to":"","_links_to_target":""},"class_list":["post-4549","page","type-page","status-publish","hentry"],"yoast_head":"<!-- This site is optimized with the Yoast SEO plugin v27.0 - https:\/\/yoast.com\/product\/yoast-seo-wordpress\/ -->\n<title>BDT-Demandant de Terra - Aig\u00fces del Segarra Garrigues<\/title>\n<meta name=\"robots\" content=\"index, follow, max-snippet:-1, max-image-preview:large, max-video-preview:-1\" \/>\n<link rel=\"canonical\" href=\"https:\/\/www.aiguessegarragarrigues.cat\/ca\/formulari-de-demandant-de-gran-superficie\/\" \/>\n<meta property=\"og:locale\" content=\"ca_ES\" \/>\n<meta property=\"og:type\" content=\"article\" \/>\n<meta property=\"og:title\" content=\"BDT-Demandant de Terra - Aig\u00fces del Segarra Garrigues\" \/>\n<meta property=\"og:url\" content=\"https:\/\/www.aiguessegarragarrigues.cat\/ca\/formulari-de-demandant-de-gran-superficie\/\" \/>\n<meta property=\"og:site_name\" content=\"Aig\u00fces del Segarra Garrigues\" \/>\n<meta property=\"article:modified_time\" content=\"2022-04-19T09:46:07+00:00\" \/>\n<meta name=\"twitter:card\" content=\"summary_large_image\" \/>\n<meta name=\"twitter:label1\" content=\"Temps estimat de lectura\" \/>\n\t<meta name=\"twitter:data1\" content=\"5 minuts\" \/>\n<script type=\"application\/ld+json\" class=\"yoast-schema-graph\">{\"@context\":\"https:\/\/schema.org\",\"@graph\":[{\"@type\":\"WebPage\",\"@id\":\"https:\/\/www.aiguessegarragarrigues.cat\/ca\/formulari-de-demandant-de-gran-superficie\/\",\"url\":\"https:\/\/www.aiguessegarragarrigues.cat\/ca\/formulari-de-demandant-de-gran-superficie\/\",\"name\":\"BDT-Demandant de Terra - Aig\u00fces del Segarra Garrigues\",\"isPartOf\":{\"@id\":\"https:\/\/www.aiguessegarragarrigues.cat\/ca\/#website\"},\"datePublished\":\"2021-06-18T17:01:09+00:00\",\"dateModified\":\"2022-04-19T09:46:07+00:00\",\"breadcrumb\":{\"@id\":\"https:\/\/www.aiguessegarragarrigues.cat\/ca\/formulari-de-demandant-de-gran-superficie\/#breadcrumb\"},\"inLanguage\":\"ca\",\"potentialAction\":[{\"@type\":\"ReadAction\",\"target\":[[\"https:\/\/www.aiguessegarragarrigues.cat\/ca\/formulari-de-demandant-de-gran-superficie\/\"]]}]},{\"@type\":\"BreadcrumbList\",\"@id\":\"https:\/\/www.aiguessegarragarrigues.cat\/ca\/formulari-de-demandant-de-gran-superficie\/#breadcrumb\",\"itemListElement\":[{\"@type\":\"ListItem\",\"position\":1,\"name\":\"Inici\",\"item\":\"https:\/\/www.aiguessegarragarrigues.cat\/ca\/\"},{\"@type\":\"ListItem\",\"position\":2,\"name\":\"BDT-Demandant de Terra\"}]},{\"@type\":\"WebSite\",\"@id\":\"https:\/\/www.aiguessegarragarrigues.cat\/ca\/#website\",\"url\":\"https:\/\/www.aiguessegarragarrigues.cat\/ca\/\",\"name\":\"Aig\u00fces del Segarra Garrigues\",\"description\":\"\",\"potentialAction\":[{\"@type\":\"SearchAction\",\"target\":{\"@type\":\"EntryPoint\",\"urlTemplate\":\"https:\/\/www.aiguessegarragarrigues.cat\/ca\/?s={search_term_string}\"},\"query-input\":{\"@type\":\"PropertyValueSpecification\",\"valueRequired\":true,\"valueName\":\"search_term_string\"}}],\"inLanguage\":\"ca\"}]}<\/script>\n<!-- \/ Yoast SEO plugin. -->","yoast_head_json":{"title":"BDT-Demandant de Terra - Aig\u00fces del Segarra Garrigues","robots":{"index":"index","follow":"follow","max-snippet":"max-snippet:-1","max-image-preview":"max-image-preview:large","max-video-preview":"max-video-preview:-1"},"canonical":"https:\/\/www.aiguessegarragarrigues.cat\/ca\/formulari-de-demandant-de-gran-superficie\/","og_locale":"ca_ES","og_type":"article","og_title":"BDT-Demandant de Terra - Aig\u00fces del Segarra Garrigues","og_url":"https:\/\/www.aiguessegarragarrigues.cat\/ca\/formulari-de-demandant-de-gran-superficie\/","og_site_name":"Aig\u00fces del Segarra Garrigues","article_modified_time":"2022-04-19T09:46:07+00:00","twitter_card":"summary_large_image","twitter_misc":{"Temps estimat de lectura":"5 minuts"},"schema":{"@context":"https:\/\/schema.org","@graph":[{"@type":"WebPage","@id":"https:\/\/www.aiguessegarragarrigues.cat\/ca\/formulari-de-demandant-de-gran-superficie\/","url":"https:\/\/www.aiguessegarragarrigues.cat\/ca\/formulari-de-demandant-de-gran-superficie\/","name":"BDT-Demandant de Terra - Aig\u00fces del Segarra Garrigues","isPartOf":{"@id":"https:\/\/www.aiguessegarragarrigues.cat\/ca\/#website"},"datePublished":"2021-06-18T17:01:09+00:00","dateModified":"2022-04-19T09:46:07+00:00","breadcrumb":{"@id":"https:\/\/www.aiguessegarragarrigues.cat\/ca\/formulari-de-demandant-de-gran-superficie\/#breadcrumb"},"inLanguage":"ca","potentialAction":[{"@type":"ReadAction","target":[["https:\/\/www.aiguessegarragarrigues.cat\/ca\/formulari-de-demandant-de-gran-superficie\/"]]}]},{"@type":"BreadcrumbList","@id":"https:\/\/www.aiguessegarragarrigues.cat\/ca\/formulari-de-demandant-de-gran-superficie\/#breadcrumb","itemListElement":[{"@type":"ListItem","position":1,"name":"Inici","item":"https:\/\/www.aiguessegarragarrigues.cat\/ca\/"},{"@type":"ListItem","position":2,"name":"BDT-Demandant de Terra"}]},{"@type":"WebSite","@id":"https:\/\/www.aiguessegarragarrigues.cat\/ca\/#website","url":"https:\/\/www.aiguessegarragarrigues.cat\/ca\/","name":"Aig\u00fces del Segarra Garrigues","description":"","potentialAction":[{"@type":"SearchAction","target":{"@type":"EntryPoint","urlTemplate":"https:\/\/www.aiguessegarragarrigues.cat\/ca\/?s={search_term_string}"},"query-input":{"@type":"PropertyValueSpecification","valueRequired":true,"valueName":"search_term_string"}}],"inLanguage":"ca"}]}},"_links":{"self":[{"href":"https:\/\/www.aiguessegarragarrigues.cat\/ca\/wp-json\/wp\/v2\/pages\/4549","targetHints":{"allow":["GET"]}}],"collection":[{"href":"https:\/\/www.aiguessegarragarrigues.cat\/ca\/wp-json\/wp\/v2\/pages"}],"about":[{"href":"https:\/\/www.aiguessegarragarrigues.cat\/ca\/wp-json\/wp\/v2\/types\/page"}],"author":[{"embeddable":true,"href":"https:\/\/www.aiguessegarragarrigues.cat\/ca\/wp-json\/wp\/v2\/users\/1"}],"replies":[{"embeddable":true,"href":"https:\/\/www.aiguessegarragarrigues.cat\/ca\/wp-json\/wp\/v2\/comments?post=4549"}],"version-history":[{"count":6,"href":"https:\/\/www.aiguessegarragarrigues.cat\/ca\/wp-json\/wp\/v2\/pages\/4549\/revisions"}],"predecessor-version":[{"id":4980,"href":"https:\/\/www.aiguessegarragarrigues.cat\/ca\/wp-json\/wp\/v2\/pages\/4549\/revisions\/4980"}],"wp:attachment":[{"href":"https:\/\/www.aiguessegarragarrigues.cat\/ca\/wp-json\/wp\/v2\/media?parent=4549"}],"curies":[{"name":"wp","href":"https:\/\/api.w.org\/{rel}","templated":true}]}}