{"id":4547,"date":"2021-06-18T19:00:41","date_gmt":"2021-06-18T17:00:41","guid":{"rendered":"https:\/\/www.aiguessegarragarrigues.cat\/?page_id=4547"},"modified":"2022-04-19T11:46:38","modified_gmt":"2022-04-19T09:46:38","slug":"formulari-danunciant","status":"publish","type":"page","link":"https:\/\/www.aiguessegarragarrigues.cat\/ca\/formulari-danunciant\/","title":{"rendered":"BDT-Oferir Terra"},"content":{"rendered":"<p><div class=\"fusion-fullwidth fullwidth-box fusion-builder-row-1 fusion-flex-container nonhundred-percent-fullwidth non-hundred-percent-height-scrolling\" style=\"--awb-border-radius-top-left:0px;--awb-border-radius-top-right:0px;--awb-border-radius-bottom-right:0px;--awb-border-radius-bottom-left:0px;--awb-flex-wrap:wrap;\" ><div class=\"fusion-builder-row fusion-row fusion-flex-align-items-flex-start fusion-flex-content-wrap\" style=\"max-width:calc( 1300px + 0px );margin-left: calc(-0px \/ 2 );margin-right: calc(-0px \/ 2 );\"><div class=\"fusion-layout-column fusion_builder_column fusion-builder-column-0 fusion_builder_column_1_1 1_1 fusion-flex-column\" style=\"--awb-bg-size:cover;--awb-width-large:100%;--awb-margin-top-large:0px;--awb-spacing-right-large:0px;--awb-margin-bottom-large:0px;--awb-spacing-left-large:0px;--awb-width-medium:100%;--awb-spacing-right-medium:0px;--awb-spacing-left-medium:0px;--awb-width-small:100%;--awb-spacing-right-small:0px;--awb-spacing-left-small:0px;\"><div class=\"fusion-column-wrapper fusion-flex-justify-content-flex-start fusion-content-layout-column\"><div class=\"fusion-text fusion-text-1\">\n<div class=\"wpcf7 no-js\" id=\"wpcf7-f4643-o1\" lang=\"es-ES\" dir=\"ltr\" data-wpcf7-id=\"4643\">\n<div class=\"screen-reader-response\"><p role=\"status\" aria-live=\"polite\" aria-atomic=\"true\"><\/p> <ul><\/ul><\/div>\n<form action=\"\/ca\/wp-json\/wp\/v2\/pages\/4547#wpcf7-f4643-o1\" method=\"post\" class=\"wpcf7-form init\" aria-label=\"Formulario de contacto\" novalidate=\"novalidate\" data-status=\"init\">\n<fieldset class=\"hidden-fields-container\"><input type=\"hidden\" name=\"_wpcf7\" value=\"4643\" \/><input type=\"hidden\" name=\"_wpcf7_version\" value=\"6.1.5\" \/><input type=\"hidden\" name=\"_wpcf7_locale\" value=\"es_ES\" \/><input type=\"hidden\" name=\"_wpcf7_unit_tag\" value=\"wpcf7-f4643-o1\" \/><input type=\"hidden\" name=\"_wpcf7_container_post\" value=\"0\" \/><input type=\"hidden\" name=\"_wpcf7_posted_data_hash\" value=\"\" \/><input type=\"hidden\" name=\"_wpcf7_recaptcha_response\" value=\"\" \/>\n<\/fieldset>\n<p><b>BANC DE TERRES. FORMULARI D\u2019ANUNCIANT<\/b>\n<\/p>\n<p><b>1. Dades del sol\u00b7licitant<\/b>\n<\/p>\n<p><label> Nom i Cognoms<br \/>\n<span class=\"wpcf7-form-control-wrap\" data-name=\"your-name\"><input size=\"40\" maxlength=\"400\" class=\"wpcf7-form-control wpcf7-text wpcf7-validates-as-required\" aria-required=\"true\" aria-invalid=\"false\" value=\"\" type=\"text\" name=\"your-name\" \/><\/span> <\/label>\n<\/p>\n<p><label> DNI<br \/>\n<span class=\"wpcf7-form-control-wrap\" data-name=\"text-716\"><input size=\"40\" maxlength=\"400\" class=\"wpcf7-form-control wpcf7-text\" aria-invalid=\"false\" value=\"\" type=\"text\" name=\"text-716\" \/><\/span><\/label>\n<\/p>\n<p><label> Tel\u00e8fon de contacte<br \/>\n<span class=\"wpcf7-form-control-wrap\" data-name=\"tel-387\"><input size=\"40\" maxlength=\"400\" class=\"wpcf7-form-control wpcf7-tel wpcf7-text wpcf7-validates-as-tel\" aria-invalid=\"false\" value=\"\" type=\"tel\" name=\"tel-387\" \/><\/span><\/label>\n<\/p>\n<p><label> Correu electr\u00f2nic<br \/>\n<span class=\"wpcf7-form-control-wrap\" data-name=\"your-email\"><input size=\"40\" maxlength=\"400\" class=\"wpcf7-form-control wpcf7-email wpcf7-text wpcf7-validates-as-email\" aria-invalid=\"false\" value=\"\" type=\"email\" name=\"your-email\" \/><\/span> <\/label>\n<\/p>\n<p><label> Adre\u00e7a Postal<br \/>\n<span class=\"wpcf7-form-control-wrap\" data-name=\"text-410\"><input size=\"40\" maxlength=\"400\" class=\"wpcf7-form-control wpcf7-text\" aria-invalid=\"false\" value=\"\" type=\"text\" name=\"text-410\" \/><\/span> <\/label>\n<\/p>\n<p><b> 2. Finques <\/b><br \/>\n<label> Descriviu les finques que desitgeu anunciar al Banc de Terres:<br \/>\n<span class=\"wpcf7-form-control-wrap\" data-name=\"textarea-960\"><textarea cols=\"40\" rows=\"10\" maxlength=\"2000\" class=\"wpcf7-form-control wpcf7-textarea\" aria-invalid=\"false\" name=\"textarea-960\">(poseu el nom del municipi seguit dels pol\u00edgons i parcel\u00b7les de totes les finques que voleu oferir del mateix municipi: Ex. LES BORGES BLANQUES, 509\/1, 509\/4, JUNEDA 512\/17).<\/textarea><\/span><\/label>\n<\/p>\n<p><b>3. Negocis oferts i declaracions del sol\u00b7licitant<\/b>\n<\/p>\n<p>Assenyaleu el tipus de negoci que desitgeu tirar endavant. Podeu assenyalar els dos tipus de negoci si us conv\u00e9.\n<\/p>\n<p><span class=\"wpcf7-form-control-wrap\" data-name=\"radio-846\"><span class=\"wpcf7-form-control wpcf7-radio\"><span class=\"wpcf7-list-item first\"><label><input type=\"radio\" name=\"radio-846\" value=\"Vendre\" checked=\"checked\" \/><span class=\"wpcf7-list-item-label\">Vendre<\/span><\/label><\/span><span class=\"wpcf7-list-item\"><label><input type=\"radio\" name=\"radio-846\" value=\"Arrendar\" \/><span class=\"wpcf7-list-item-label\">Arrendar<\/span><\/label><\/span><span class=\"wpcf7-list-item last\"><label><input type=\"radio\" name=\"radio-846\" value=\"Vendre o Arrendar\" \/><span class=\"wpcf7-list-item-label\">Vendre o Arrendar<\/span><\/label><\/span><\/span><\/span>\n<\/p>\n<p>El sol\u00b7licitant declara que \u00e9s el propietari i\/o t\u00e9 les facultats o poders suficients com per dur a terme el negoci o negocis escollits en aquest apartat sobre les finques descrites al punt 2 anterior. El sol\u00b7licitant tamb\u00e9 garanteix i es fa responsable de la veracitat i correcci\u00f3 de tota la informaci\u00f3 facilitada en aquest document, incloent les dades personals.\n<\/p>\n<p><b>4. Sol\u00b7licitud<\/b><br \/>\nEl sol\u00b7licitant demana a Aig\u00fces del Segarra Garrigues, S.A. (ASG) que dugui a terme les tasques necess\u00e0ries per fer p\u00fablics, a trav\u00e9s de la p\u00e0gina del Banc de Terres, els anuncis dels negocis oferts pel sol\u00b7licitant sobre les finques indicades a l\u2019apartat 2 (els \u201cAnuncis\u201d). A aquests efectes, el sol\u00b7licitant declara que:<br \/>\nVol fer \u00fas de la plataforma del Banc de Terres en qualitat d\u2019Anunciant.<br \/>\nASG li ha facilitat, abans de la signatura d\u2019aquest document, les <a href=\"https:\/\/www.aiguessegarragarrigues.cat\/condicions-generals-bdt\/\">Condicions Generals<\/a> del Banc de Terres, les <a href=\"https:\/\/www.aiguessegarragarrigues.cat\/condicions-particulars-usuaris-oferents\/\">Condicions Particulars<\/a> dels Usuaris Oferents, i l\u2019<a href=\"https:\/\/www.aiguessegarragarrigues.cat\/politica-de-privacitat\/\">Av\u00eds Legal<\/a>, que el sol\u00b7licitant ha llegit i accepta\n<\/p>\n<p>Aix\u00ed mateix, en el cas que alguna de les finques descrites al punt 2 quedi inclosa en ofertes de negoci sobre un conjunt de finques lim\u00edtrofs amb una superf\u00edcie total superior a les cinquanta hect\u00e0rees (Grans Superf\u00edcies), el sol\u00b7licitant declara que:\n<\/p>\n<p><span class=\"wpcf7-form-control-wrap\" data-name=\"checkbox-901\"><span class=\"wpcf7-form-control wpcf7-checkbox\"><span class=\"wpcf7-list-item first\"><label><input type=\"checkbox\" name=\"checkbox-901[]\" value=\"S\u00cd est\u00e0 interessat en ser contactat directament pels demandants de Grans Superf\u00edcies\" \/><span class=\"wpcf7-list-item-label\">S\u00cd est\u00e0 interessat en ser contactat directament pels demandants de Grans Superf\u00edcies<\/span><\/label><\/span><span class=\"wpcf7-list-item last\"><label><input type=\"checkbox\" name=\"checkbox-901[]\" value=\"NO est\u00e0 interessat en ser contactat directament pels demandants de Grans Superf\u00edcies\" \/><span class=\"wpcf7-list-item-label\">NO est\u00e0 interessat en ser contactat directament pels demandants de Grans Superf\u00edcies<\/span><\/label><\/span><\/span><\/span>\n<\/p>\n<p><b>5. Contacte<\/b><br \/>\nEl sol\u00b7licitant desitja ser contactat, en qualitat d\u2019Anunciant, per part dels interessats en els negoci oferts sobre les finques i, en cas d\u2019haver-ho autoritzat, pels demandants de Grans Superf\u00edcies, o ASG a trav\u00e9s de:\n<\/p>\n<p><span class=\"wpcf7-form-control-wrap\" data-name=\"checkbox-719\"><span class=\"wpcf7-form-control wpcf7-checkbox\"><span class=\"wpcf7-list-item first\"><label><input type=\"checkbox\" name=\"checkbox-719[]\" value=\"TEL\u00c8FON\" \/><span class=\"wpcf7-list-item-label\">TEL\u00c8FON<\/span><\/label><\/span><span class=\"wpcf7-list-item\"><label><input type=\"checkbox\" name=\"checkbox-719[]\" value=\"CORREU ELECTR\u00d2NIC\" \/><span class=\"wpcf7-list-item-label\">CORREU ELECTR\u00d2NIC<\/span><\/label><\/span><span class=\"wpcf7-list-item last\"><label><input type=\"checkbox\" name=\"checkbox-719[]\" value=\"QUALSEVOL DELS DOS\" \/><span class=\"wpcf7-list-item-label\">QUALSEVOL DELS DOS<\/span><\/label><\/span><\/span><\/span>\n<\/p>\n<p>6. Tractament de dades personals<br \/>\nCessions de dades personals dels usuaris del Banc de Terres: el sol\u00b7licitant declara que nom\u00e9s utilitzar\u00e0 les dades personals de contacte que li pugui cedir ASG amb l\u2019\u00fanica finalitat d\u2019explorar possibles negocis amb els Usuaris propietaris de les dades personals cedides.\n<\/p>\n<p>Tractament per part d\u2019ASG: Per tal de poder prestar el servei del Banc de Terres al sol\u00b7licitant, facilitar el contacte amb possibles interessats en els negocis oferts (i, si s\u2019escau, amb possibles demandants de Grans Superf\u00edcies) i poder realitzar un seguiment de les publicacions al Banc de Terres, Aig\u00fces del Segarra Garrigues, S.A., amb NIF: A25529074 i domicili a carrer Mas d\u2019en Colom, 14, (Pol. Ind. La Canaleta) de T\u00e0rrega (CP: 25300), necessita tractar, com a responsable del tractament, les dades personals que el sol\u00b7licitant comunica en aquest document. Les finalitats dels esmentats tractaments seran l\u2019operativa del Banc de Terres, que podran implicar la cessi\u00f3, per part d\u2019ASG, de les dades personals facilitades pel sol\u00b7licitant a aquells tercers que puguin estar interessats en els negocis oferts pel sol\u00b7licitant. ASG tamb\u00e9 podr\u00e0 tractar les dades personals per al compliment amb les seves obligacions legals.\n<\/p>\n<p>El tractament de les dades \u00e9s necessari per a l\u2019operativa del Banc de Terres, de manera que si el sol\u00b7licitant no les facilita o s\u2019oposa al seu tractament, ASG no podr\u00e0 complir amb el seu comprom\u00eds. En qualsevol cas, el sol\u00b7licitant podr\u00e0 exercir davant d\u2019ASG els drets d\u2019acc\u00e9s, rectificaci\u00f3 o supressi\u00f3, la limitaci\u00f3 del tractament o oposar-se, aix\u00ed com el dret a la portabilitat de les dades o qualsevol altre dret reconegut per la normativa de protecci\u00f3 de dades aplicable en cada moment, enviant un escrit a carrer Mas d\u2019en Colom, 14, (Pol. Ind. La Canaleta) de T\u00e0rrega (CP: 25300), o b\u00e9 a l\u2019adre\u00e7a de correu electr\u00f2nic dades@aigues-asg.es, juntament amb una c\u00f2pia del seu DNI (o un altre document oficial que acrediti la seva identitat). Aix\u00ed mateix, si el sol\u00b7licitant ho considera oport\u00fa, tamb\u00e9 pot presentar una reclamaci\u00f3 o qualsevol q\u00fcesti\u00f3 relacionada amb el compliment de la normativa de protecci\u00f3 de dades davant l\u2019Agencia Espanyola de Protecci\u00f3 de Dades (www.aepd.es).\n<\/p>\n<p>El sol\u00b7licitant trobar\u00e0 m\u00e9s informaci\u00f3 sobre el tractament de les seves dades personals per part d\u2019ASG als documents que es lliuren juntament amb aquest formulari, i a <a href=\"https:\/\/www.aiguessegarragarrigues.cat\/politica-de-privacitat\/\">Politica de privacitat<\/a>\n<\/p>\n<p><span class=\"wpcf7-form-control-wrap\" data-name=\"checkbox-550\"><span class=\"wpcf7-form-control wpcf7-checkbox wpcf7-validates-as-required\"><span class=\"wpcf7-list-item first last\"><label><input type=\"checkbox\" name=\"checkbox-550[]\" value=\"Estic d&#039;acord amb el establert amb aquest formulari\" \/><span class=\"wpcf7-list-item-label\">Estic d&#039;acord amb el establert amb aquest formulari<\/span><\/label><\/span><\/span><\/span>\n<\/p>\n<p><input class=\"wpcf7-form-control wpcf7-submit has-spinner\" type=\"submit\" value=\"Enviar\" \/>\n<\/p><p style=\"display: none !important;\" class=\"akismet-fields-container\" data-prefix=\"_wpcf7_ak_\"><label>&#916;<textarea name=\"_wpcf7_ak_hp_textarea\" cols=\"45\" rows=\"8\" maxlength=\"100\"><\/textarea><\/label><input type=\"hidden\" id=\"ak_js_1\" name=\"_wpcf7_ak_js\" value=\"202\"\/><script>document.getElementById( \"ak_js_1\" ).setAttribute( \"value\", ( new Date() ).getTime() );<\/script><\/p><div class=\"fusion-alert alert custom alert-custom fusion-alert-center wpcf7-response-output fusion-alert-capitalize awb-alert-native-link-color alert-dismissable awb-alert-close-boxed\" style=\"--awb-border-size:1px;--awb-border-top-left-radius:0px;--awb-border-top-right-radius:0px;--awb-border-bottom-left-radius:0px;--awb-border-bottom-right-radius:0px;\" role=\"alert\"><div class=\"fusion-alert-content-wrapper\"><span class=\"fusion-alert-content\"><\/span><\/div><button type=\"button\" class=\"close toggle-alert\" data-dismiss=\"alert\" aria-label=\"Close\">&times;<\/button><\/div>\n<\/form>\n<\/div>\n\n<\/div><\/div><\/div><\/div><\/div><div class=\"fusion-fullwidth fullwidth-box fusion-builder-row-2 fusion-flex-container nonhundred-percent-fullwidth non-hundred-percent-height-scrolling\" style=\"--awb-border-radius-top-left:0px;--awb-border-radius-top-right:0px;--awb-border-radius-bottom-right:0px;--awb-border-radius-bottom-left:0px;--awb-flex-wrap:wrap;\" ><div class=\"fusion-builder-row fusion-row fusion-flex-align-items-flex-start fusion-flex-content-wrap\" style=\"max-width:1352px;margin-left: calc(-4% \/ 2 );margin-right: calc(-4% \/ 2 );\"><div class=\"fusion-layout-column fusion_builder_column fusion-builder-column-1 fusion_builder_column_1_4 1_4 fusion-flex-column\" style=\"--awb-bg-size:cover;--awb-width-large:25%;--awb-margin-top-large:0px;--awb-spacing-right-large:7.68%;--awb-margin-bottom-large:20px;--awb-spacing-left-large:7.68%;--awb-width-medium:25%;--awb-spacing-right-medium:7.68%;--awb-spacing-left-medium:7.68%;--awb-width-small:100%;--awb-spacing-right-small:1.92%;--awb-spacing-left-small:1.92%;\"><div class=\"fusion-column-wrapper fusion-column-has-shadow fusion-flex-justify-content-flex-start fusion-content-layout-column\"><\/div><\/div><div class=\"fusion-layout-column fusion_builder_column fusion-builder-column-2 fusion_builder_column_1_4 1_4 fusion-flex-column\" style=\"--awb-bg-size:cover;--awb-width-large:25%;--awb-margin-top-large:0px;--awb-spacing-right-large:7.68%;--awb-margin-bottom-large:20px;--awb-spacing-left-large:7.68%;--awb-width-medium:25%;--awb-spacing-right-medium:7.68%;--awb-spacing-left-medium:7.68%;--awb-width-small:100%;--awb-spacing-right-small:1.92%;--awb-spacing-left-small:1.92%;\"><div class=\"fusion-column-wrapper fusion-column-has-shadow fusion-flex-justify-content-flex-start fusion-content-layout-column\"><div ><a class=\"fusion-button button-3d fusion-button-default-size button-default fusion-button-default button-1 fusion-button-default-span fusion-button-default-type\" target=\"_self\" href=\"https:\/\/www.aiguessegarragarrigues.cat\/condicions-particulars-usuaris-oferents\/\"><span class=\"fusion-button-text awb-button__text awb-button__text--default\">Condicions Particulars<\/span><\/a><\/div><\/div><\/div><div class=\"fusion-layout-column fusion_builder_column fusion-builder-column-3 fusion_builder_column_1_4 1_4 fusion-flex-column\" style=\"--awb-bg-size:cover;--awb-width-large:25%;--awb-margin-top-large:0px;--awb-spacing-right-large:7.68%;--awb-margin-bottom-large:20px;--awb-spacing-left-large:7.68%;--awb-width-medium:25%;--awb-spacing-right-medium:7.68%;--awb-spacing-left-medium:7.68%;--awb-width-small:100%;--awb-spacing-right-small:1.92%;--awb-spacing-left-small:1.92%;\"><div class=\"fusion-column-wrapper fusion-column-has-shadow fusion-flex-justify-content-flex-start fusion-content-layout-column\"><\/div><\/div><div class=\"fusion-layout-column fusion_builder_column fusion-builder-column-4 fusion_builder_column_1_4 1_4 fusion-flex-column\" style=\"--awb-bg-size:cover;--awb-width-large:25%;--awb-margin-top-large:0px;--awb-spacing-right-large:7.68%;--awb-margin-bottom-large:20px;--awb-spacing-left-large:7.68%;--awb-width-medium:25%;--awb-spacing-right-medium:7.68%;--awb-spacing-left-medium:7.68%;--awb-width-small:100%;--awb-spacing-right-small:1.92%;--awb-spacing-left-small:1.92%;\"><div class=\"fusion-column-wrapper fusion-column-has-shadow fusion-flex-justify-content-flex-start fusion-content-layout-column\"><div ><a class=\"fusion-button button-3d fusion-button-default-size button-default fusion-button-default button-2 fusion-button-default-span fusion-button-default-type\" target=\"_self\" href=\"https:\/\/www.aiguessegarragarrigues.cat\/condicions-generals-bdt\/\"><span class=\"fusion-button-text awb-button__text awb-button__text--default\">Condicions Generals<\/span><\/a><\/div><\/div><\/div><\/div><\/div><\/p>","protected":false},"excerpt":{"rendered":"","protected":false},"author":1,"featured_media":0,"parent":0,"menu_order":0,"comment_status":"closed","ping_status":"closed","template":"","meta":{"footnotes":"","_links_to":"","_links_to_target":""},"class_list":["post-4547","page","type-page","status-publish","hentry"],"yoast_head":"<!-- This site is optimized with the Yoast SEO plugin v27.0 - https:\/\/yoast.com\/product\/yoast-seo-wordpress\/ -->\n<title>BDT-Oferir Terra - Aig\u00fces del Segarra Garrigues<\/title>\n<meta name=\"robots\" content=\"index, follow, max-snippet:-1, max-image-preview:large, max-video-preview:-1\" \/>\n<link rel=\"canonical\" href=\"https:\/\/www.aiguessegarragarrigues.cat\/ca\/formulari-danunciant\/\" \/>\n<meta property=\"og:locale\" content=\"ca_ES\" \/>\n<meta property=\"og:type\" content=\"article\" \/>\n<meta property=\"og:title\" content=\"BDT-Oferir Terra - Aig\u00fces del Segarra Garrigues\" \/>\n<meta property=\"og:url\" content=\"https:\/\/www.aiguessegarragarrigues.cat\/ca\/formulari-danunciant\/\" \/>\n<meta property=\"og:site_name\" content=\"Aig\u00fces del Segarra Garrigues\" \/>\n<meta property=\"article:modified_time\" content=\"2022-04-19T09:46:38+00:00\" \/>\n<meta name=\"twitter:card\" content=\"summary_large_image\" \/>\n<meta name=\"twitter:label1\" content=\"Temps estimat de lectura\" \/>\n\t<meta name=\"twitter:data1\" content=\"5 minuts\" \/>\n<script type=\"application\/ld+json\" class=\"yoast-schema-graph\">{\"@context\":\"https:\/\/schema.org\",\"@graph\":[{\"@type\":\"WebPage\",\"@id\":\"https:\/\/www.aiguessegarragarrigues.cat\/ca\/formulari-danunciant\/\",\"url\":\"https:\/\/www.aiguessegarragarrigues.cat\/ca\/formulari-danunciant\/\",\"name\":\"BDT-Oferir Terra - Aig\u00fces del Segarra Garrigues\",\"isPartOf\":{\"@id\":\"https:\/\/www.aiguessegarragarrigues.cat\/ca\/#website\"},\"datePublished\":\"2021-06-18T17:00:41+00:00\",\"dateModified\":\"2022-04-19T09:46:38+00:00\",\"breadcrumb\":{\"@id\":\"https:\/\/www.aiguessegarragarrigues.cat\/ca\/formulari-danunciant\/#breadcrumb\"},\"inLanguage\":\"ca\",\"potentialAction\":[{\"@type\":\"ReadAction\",\"target\":[[\"https:\/\/www.aiguessegarragarrigues.cat\/ca\/formulari-danunciant\/\"]]}]},{\"@type\":\"BreadcrumbList\",\"@id\":\"https:\/\/www.aiguessegarragarrigues.cat\/ca\/formulari-danunciant\/#breadcrumb\",\"itemListElement\":[{\"@type\":\"ListItem\",\"position\":1,\"name\":\"Inici\",\"item\":\"https:\/\/www.aiguessegarragarrigues.cat\/ca\/\"},{\"@type\":\"ListItem\",\"position\":2,\"name\":\"BDT-Oferir Terra\"}]},{\"@type\":\"WebSite\",\"@id\":\"https:\/\/www.aiguessegarragarrigues.cat\/ca\/#website\",\"url\":\"https:\/\/www.aiguessegarragarrigues.cat\/ca\/\",\"name\":\"Aig\u00fces del Segarra Garrigues\",\"description\":\"\",\"potentialAction\":[{\"@type\":\"SearchAction\",\"target\":{\"@type\":\"EntryPoint\",\"urlTemplate\":\"https:\/\/www.aiguessegarragarrigues.cat\/ca\/?s={search_term_string}\"},\"query-input\":{\"@type\":\"PropertyValueSpecification\",\"valueRequired\":true,\"valueName\":\"search_term_string\"}}],\"inLanguage\":\"ca\"}]}<\/script>\n<!-- \/ Yoast SEO plugin. -->","yoast_head_json":{"title":"BDT-Oferir Terra - Aig\u00fces del Segarra Garrigues","robots":{"index":"index","follow":"follow","max-snippet":"max-snippet:-1","max-image-preview":"max-image-preview:large","max-video-preview":"max-video-preview:-1"},"canonical":"https:\/\/www.aiguessegarragarrigues.cat\/ca\/formulari-danunciant\/","og_locale":"ca_ES","og_type":"article","og_title":"BDT-Oferir Terra - Aig\u00fces del Segarra Garrigues","og_url":"https:\/\/www.aiguessegarragarrigues.cat\/ca\/formulari-danunciant\/","og_site_name":"Aig\u00fces del Segarra Garrigues","article_modified_time":"2022-04-19T09:46:38+00:00","twitter_card":"summary_large_image","twitter_misc":{"Temps estimat de lectura":"5 minuts"},"schema":{"@context":"https:\/\/schema.org","@graph":[{"@type":"WebPage","@id":"https:\/\/www.aiguessegarragarrigues.cat\/ca\/formulari-danunciant\/","url":"https:\/\/www.aiguessegarragarrigues.cat\/ca\/formulari-danunciant\/","name":"BDT-Oferir Terra - Aig\u00fces del Segarra Garrigues","isPartOf":{"@id":"https:\/\/www.aiguessegarragarrigues.cat\/ca\/#website"},"datePublished":"2021-06-18T17:00:41+00:00","dateModified":"2022-04-19T09:46:38+00:00","breadcrumb":{"@id":"https:\/\/www.aiguessegarragarrigues.cat\/ca\/formulari-danunciant\/#breadcrumb"},"inLanguage":"ca","potentialAction":[{"@type":"ReadAction","target":[["https:\/\/www.aiguessegarragarrigues.cat\/ca\/formulari-danunciant\/"]]}]},{"@type":"BreadcrumbList","@id":"https:\/\/www.aiguessegarragarrigues.cat\/ca\/formulari-danunciant\/#breadcrumb","itemListElement":[{"@type":"ListItem","position":1,"name":"Inici","item":"https:\/\/www.aiguessegarragarrigues.cat\/ca\/"},{"@type":"ListItem","position":2,"name":"BDT-Oferir Terra"}]},{"@type":"WebSite","@id":"https:\/\/www.aiguessegarragarrigues.cat\/ca\/#website","url":"https:\/\/www.aiguessegarragarrigues.cat\/ca\/","name":"Aig\u00fces del Segarra Garrigues","description":"","potentialAction":[{"@type":"SearchAction","target":{"@type":"EntryPoint","urlTemplate":"https:\/\/www.aiguessegarragarrigues.cat\/ca\/?s={search_term_string}"},"query-input":{"@type":"PropertyValueSpecification","valueRequired":true,"valueName":"search_term_string"}}],"inLanguage":"ca"}]}},"_links":{"self":[{"href":"https:\/\/www.aiguessegarragarrigues.cat\/ca\/wp-json\/wp\/v2\/pages\/4547","targetHints":{"allow":["GET"]}}],"collection":[{"href":"https:\/\/www.aiguessegarragarrigues.cat\/ca\/wp-json\/wp\/v2\/pages"}],"about":[{"href":"https:\/\/www.aiguessegarragarrigues.cat\/ca\/wp-json\/wp\/v2\/types\/page"}],"author":[{"embeddable":true,"href":"https:\/\/www.aiguessegarragarrigues.cat\/ca\/wp-json\/wp\/v2\/users\/1"}],"replies":[{"embeddable":true,"href":"https:\/\/www.aiguessegarragarrigues.cat\/ca\/wp-json\/wp\/v2\/comments?post=4547"}],"version-history":[{"count":7,"href":"https:\/\/www.aiguessegarragarrigues.cat\/ca\/wp-json\/wp\/v2\/pages\/4547\/revisions"}],"predecessor-version":[{"id":4979,"href":"https:\/\/www.aiguessegarragarrigues.cat\/ca\/wp-json\/wp\/v2\/pages\/4547\/revisions\/4979"}],"wp:attachment":[{"href":"https:\/\/www.aiguessegarragarrigues.cat\/ca\/wp-json\/wp\/v2\/media?parent=4547"}],"curies":[{"name":"wp","href":"https:\/\/api.w.org\/{rel}","templated":true}]}}