{"id":3614,"date":"2019-08-28T11:34:50","date_gmt":"2019-08-28T09:34:50","guid":{"rendered":"https:\/\/www.aiguessegarragarrigues.cat\/?page_id=3614"},"modified":"2019-08-28T11:35:13","modified_gmt":"2019-08-28T09:35:13","slug":"arbeca-rego-2","status":"publish","type":"page","link":"https:\/\/www.aiguessegarragarrigues.cat\/ca\/no\/arbeca-rego-2\/","title":{"rendered":"Artesa de Segre (No Rego)"},"content":{"rendered":"<p><\/p>\n<h1><span style=\"color: #153c7f;\"><strong><span style=\"font-family: helvetica, arial, sans-serif;\">Artesa de Segre<\/span><\/strong><\/span><\/h1>\n<p><span style=\"font-size: 14pt; color: #153c7f;\"><strong><span style=\"font-family: helvetica, arial, sans-serif;\">Situaci\u00f3: Finca que no rega<\/span><\/strong><\/span><\/p>\n<p><span style=\"font-weight: 400; font-family: helvetica, arial, sans-serif;\">Actualment tota la zona regable del municipi t\u00e9 acc\u00e9s a l\u2019aigua.<\/span><\/p>\n<p><span style=\"font-family: helvetica, arial, sans-serif;\"><span style=\"font-weight: 400;\">Si vols posar la teva finca en reg, informaci\u00f3 de cultius o possibilitats d\u2019arrendament pots trobar informaci\u00f3 <\/span><a href=\"\/diptic-beneficis-del-regadiu\/\"><span style=\"font-weight: 400;\">aqu\u00ed<\/span><\/a><span style=\"font-weight: 400;\"> o b\u00e9 posant-te en contacte amb el <\/span><a href=\"https:\/\/www.aiguessegarragarrigues.cat\/contacta\"><span style=\"font-weight: 400;\">Departament de Territori<\/span><\/a><span style=\"font-weight: 400;\">.<\/span><\/span><\/p>\n<p><span style=\"font-family: helvetica, arial, sans-serif;\"><span style=\"font-weight: 400;\">Tamb\u00e9 pot ser d\u2019inter\u00e8s la informaci\u00f3 sobre les <\/span><a href=\"\/finques-demostratives\/\"><span style=\"font-weight: 400;\">finques demostratives<\/span><\/a><span style=\"font-weight: 400;\">.<\/span><\/span><\/p>\n<p><span style=\"font-family: helvetica, arial, sans-serif;\"><span style=\"font-weight: 400;\">Mitjan\u00e7ant acord de la Junta General de la Comunitat, adoptat en la sessi\u00f3 de 28 de maig de 2011, es varen aprovar uns rec\u00e0rrecs del 10, 20 i 30% sobre els imports corresponents a la tarifa de servei de finques situades en sectors de reg que ja porten en servei m\u00e9s de dues campanyes i els seus propietaris encara no han signat el conveni d\u2019adhesi\u00f3 al regadiu. En el seu cas, i d\u2019any en any, la data fixada per l\u2019entrada en vigor d\u2019aquests rec\u00e0rrecs, ser\u00e0 el dia 1 de novembre i s\u2019aplicar\u00e0 autom\u00e0ticament. <\/span><b>Actualment a Artesa de Segre s&#8217;aplica un rec\u00e0rrec del 30%, <\/b><span style=\"font-weight: 400;\">excepte a la zona que penja del <\/span><b>sector 3 <\/b><span style=\"font-weight: 400;\">que, de moment, <\/span><b>no s&#8217;aplica cap rec\u00e0rrec.<\/b><\/span><\/p>\n<table style=\"width: 66.0269%; height: 165px;\">\n<tbody>\n<tr>\n<td style=\"width: 12.3412%; border-style: solid; border-color: #153c7f; text-align: center; vertical-align: middle;\"><span style=\"color: #000000;\"><strong><span style=\"font-family: helvetica, arial, sans-serif;\">SECTOR<\/span><\/strong><\/span><\/td>\n<td style=\"width: 5.98911%; border-style: solid; border-color: #153c7f; text-align: center; vertical-align: middle;\"><span style=\"color: #000000;\"><strong><span style=\"font-family: helvetica, arial, sans-serif;\">PIS<\/span><\/strong><\/span><\/td>\n<td style=\"width: 26.8603%; border-style: solid; border-color: #153c7f; text-align: center; vertical-align: middle;\"><span style=\"color: #000000;\"><strong><span style=\"font-family: helvetica, arial, sans-serif;\">1a CAMPANYA REG<\/span><\/strong><\/span><\/td>\n<td style=\"width: 24.8639%; border-style: solid; border-color: #153c7f; text-align: center; vertical-align: middle;\"><span style=\"color: #000000;\"><strong><span style=\"font-family: helvetica, arial, sans-serif;\">DATA REC\u00c0RREC<\/span><\/strong><\/span><\/td>\n<td style=\"width: 28.8566%; border-style: solid; border-color: #153c7f; text-align: center; vertical-align: middle;\"><span style=\"color: #000000;\"><strong><span style=\"font-family: helvetica, arial, sans-serif;\">PR\u00d2XIM REC\u00c0RREC<\/span><\/strong><\/span><\/td>\n<\/tr>\n<tr>\n<td style=\"width: 12.3412%; border-style: solid; border-color: #153c7f; text-align: center; vertical-align: middle;\"><span style=\"font-weight: 400; font-family: helvetica, arial, sans-serif;\">2<\/span><\/td>\n<td style=\"width: 5.98911%; border-style: solid; border-color: #153c7f; text-align: center; vertical-align: middle;\"><span style=\"font-weight: 400; font-family: helvetica, arial, sans-serif;\">A\/B<\/span><\/td>\n<td style=\"width: 26.8603%; border-style: solid; border-color: #153c7f; text-align: center; vertical-align: middle;\"><span style=\"font-weight: 400; font-family: helvetica, arial, sans-serif;\">2014<\/span><\/td>\n<td style=\"width: 24.8639%; border-style: solid; border-color: #153c7f; text-align: center; vertical-align: middle;\"><span style=\"font-weight: 400; font-family: helvetica, arial, sans-serif;\">1-NOV-2015<\/span><\/td>\n<td style=\"width: 28.8566%; border-style: solid; border-color: #153c7f; text-align: center; vertical-align: middle;\"><span style=\"font-weight: 400; font-family: helvetica, arial, sans-serif;\">10%<\/span><\/td>\n<\/tr>\n<tr>\n<td style=\"width: 12.3412%; border-style: solid; border-color: #153c7f; text-align: center; vertical-align: middle;\"><span style=\"font-weight: 400; font-family: helvetica, arial, sans-serif;\">\u00a0<\/span><\/td>\n<td style=\"width: 5.98911%; border-style: solid; border-color: #153c7f; text-align: center; vertical-align: middle;\"><span style=\"font-weight: 400; font-family: helvetica, arial, sans-serif;\">C<\/span><\/td>\n<td style=\"width: 26.8603%; border-style: solid; border-color: #153c7f; text-align: center; vertical-align: middle;\"><span style=\"font-weight: 400; font-family: helvetica, arial, sans-serif;\">2011<\/span><\/td>\n<td style=\"width: 24.8639%; border-style: solid; border-color: #153c7f; text-align: center; vertical-align: middle;\"><span style=\"font-weight: 400; font-family: helvetica, arial, sans-serif;\">1-NOV-2014<\/span><\/td>\n<td style=\"width: 28.8566%; border-style: solid; border-color: #153c7f; text-align: center; vertical-align: middle;\"><span style=\"font-weight: 400; font-family: helvetica, arial, sans-serif;\">30%<\/span><\/td>\n<\/tr>\n<tr>\n<td style=\"width: 12.3412%; border-style: solid; border-color: #153c7f; text-align: center; vertical-align: middle;\"><span style=\"font-weight: 400; font-family: helvetica, arial, sans-serif;\">\u00a0<\/span><\/td>\n<td style=\"width: 5.98911%; border-style: solid; border-color: #153c7f; text-align: center; vertical-align: middle;\"><span style=\"font-weight: 400; font-family: helvetica, arial, sans-serif;\">D<\/span><\/td>\n<td style=\"width: 26.8603%; border-style: solid; border-color: #153c7f; text-align: center; vertical-align: middle;\"><span style=\"font-weight: 400; font-family: helvetica, arial, sans-serif;\">2011<\/span><\/td>\n<td style=\"width: 24.8639%; border-style: solid; border-color: #153c7f; text-align: center; vertical-align: middle;\"><span style=\"font-weight: 400; font-family: helvetica, arial, sans-serif;\">1-NOV-2014<\/span><\/td>\n<td style=\"width: 28.8566%; border-style: solid; border-color: #153c7f; text-align: center; vertical-align: middle;\"><span style=\"font-weight: 400; font-family: helvetica, arial, sans-serif;\">30%<\/span><\/td>\n<\/tr>\n<tr>\n<td style=\"width: 12.3412%; border-style: solid; border-color: #153c7f; text-align: center; vertical-align: middle;\"><span style=\"font-weight: 400; font-family: helvetica, arial, sans-serif;\">3<\/span><\/td>\n<td style=\"width: 5.98911%; border-style: solid; border-color: #153c7f; text-align: center; vertical-align: middle;\"><span style=\"font-weight: 400; font-family: helvetica, arial, sans-serif;\">C<\/span><\/td>\n<td style=\"width: 26.8603%; border-style: solid; border-color: #153c7f; text-align: center; vertical-align: middle;\"><span style=\"font-weight: 400; font-family: helvetica, arial, sans-serif;\">2014<\/span><\/td>\n<td style=\"width: 24.8639%; border-style: solid; border-color: #153c7f; text-align: center; vertical-align: middle;\"><span style=\"font-weight: 400; font-family: helvetica, arial, sans-serif;\">1-NOV-2015<\/span><\/td>\n<td style=\"width: 28.8566%; border-style: solid; border-color: #153c7f; text-align: center; vertical-align: middle;\"><span style=\"font-weight: 400; font-family: helvetica, arial, sans-serif;\">10%<\/span><\/td>\n<\/tr>\n<tr>\n<td style=\"width: 12.3412%; border-style: solid; border-color: #153c7f; text-align: center; vertical-align: middle;\"><span style=\"font-weight: 400; font-family: helvetica, arial, sans-serif;\">\u00a0<\/span><\/td>\n<td style=\"width: 5.98911%; border-style: solid; border-color: #153c7f; text-align: center; vertical-align: middle;\"><span style=\"font-weight: 400; font-family: helvetica, arial, sans-serif;\">D<\/span><\/td>\n<td style=\"width: 26.8603%; border-style: solid; border-color: #153c7f; text-align: center; vertical-align: middle;\"><span style=\"font-weight: 400; font-family: helvetica, arial, sans-serif;\">2013<\/span><\/td>\n<td style=\"width: 24.8639%; border-style: solid; border-color: #153c7f; text-align: center; vertical-align: middle;\"><span style=\"font-weight: 400; font-family: helvetica, arial, sans-serif;\">1-NOV-2015<\/span><\/td>\n<td style=\"width: 28.8566%; border-style: solid; border-color: #153c7f; text-align: center; vertical-align: middle;\"><span style=\"font-weight: 400; font-family: helvetica, arial, sans-serif;\">20%<\/span><\/td>\n<\/tr>\n<\/tbody>\n<\/table>\n<p><img decoding=\"async\" class=\"alignnone size-full wp-image-3133\" src=\"https:\/\/www.aiguessegarragarrigues.cat\/wp-content\/uploads\/2019\/08\/artesa_de_segre_cat.jpg\" alt=\"\" width=\"1200\" height=\"848\" srcset=\"https:\/\/www.aiguessegarragarrigues.cat\/wp-content\/uploads\/2019\/08\/artesa_de_segre_cat-200x141.jpg 200w, https:\/\/www.aiguessegarragarrigues.cat\/wp-content\/uploads\/2019\/08\/artesa_de_segre_cat-300x212.jpg 300w, https:\/\/www.aiguessegarragarrigues.cat\/wp-content\/uploads\/2019\/08\/artesa_de_segre_cat-400x283.jpg 400w, https:\/\/www.aiguessegarragarrigues.cat\/wp-content\/uploads\/2019\/08\/artesa_de_segre_cat-600x424.jpg 600w, https:\/\/www.aiguessegarragarrigues.cat\/wp-content\/uploads\/2019\/08\/artesa_de_segre_cat-768x543.jpg 768w, https:\/\/www.aiguessegarragarrigues.cat\/wp-content\/uploads\/2019\/08\/artesa_de_segre_cat-800x565.jpg 800w, https:\/\/www.aiguessegarragarrigues.cat\/wp-content\/uploads\/2019\/08\/artesa_de_segre_cat-1024x724.jpg 1024w, https:\/\/www.aiguessegarragarrigues.cat\/wp-content\/uploads\/2019\/08\/artesa_de_segre_cat.jpg 1200w\" sizes=\"(max-width: 1200px) 100vw, 1200px\" \/><\/p>","protected":false},"excerpt":{"rendered":"<p>Artesa de Segre Situaci\u00f3: Finca que no rega Actualment tota la zona regable del municipi t\u00e9 acc\u00e9s a l\u2019aigua. Si  [&#8230;]<\/p>\n","protected":false},"author":1,"featured_media":0,"parent":3043,"menu_order":0,"comment_status":"closed","ping_status":"closed","template":"","meta":{"footnotes":"","_links_to":"","_links_to_target":""},"class_list":["post-3614","page","type-page","status-publish","hentry"],"yoast_head":"<!-- This site is optimized with the Yoast SEO plugin v27.0 - https:\/\/yoast.com\/product\/yoast-seo-wordpress\/ -->\n<title>Artesa de Segre (No Rego) - Aig\u00fces del Segarra Garrigues<\/title>\n<meta name=\"robots\" content=\"index, follow, max-snippet:-1, max-image-preview:large, max-video-preview:-1\" \/>\n<link rel=\"canonical\" href=\"https:\/\/www.aiguessegarragarrigues.cat\/ca\/no\/arbeca-rego-2\/\" \/>\n<meta property=\"og:locale\" content=\"ca_ES\" \/>\n<meta property=\"og:type\" content=\"article\" \/>\n<meta property=\"og:title\" content=\"Artesa de Segre (No Rego) - Aig\u00fces del Segarra Garrigues\" \/>\n<meta property=\"og:description\" content=\"Artesa de Segre Situaci\u00f3: Finca que no rega Actualment tota la zona regable del municipi t\u00e9 acc\u00e9s a l\u2019aigua. Si [...]\" \/>\n<meta property=\"og:url\" content=\"https:\/\/www.aiguessegarragarrigues.cat\/ca\/no\/arbeca-rego-2\/\" \/>\n<meta property=\"og:site_name\" content=\"Aig\u00fces del Segarra Garrigues\" \/>\n<meta property=\"article:modified_time\" content=\"2019-08-28T09:35:13+00:00\" \/>\n<meta property=\"og:image\" content=\"https:\/\/www.aiguessegarragarrigues.cat\/wp-content\/uploads\/2019\/08\/artesa_de_segre_cat.jpg\" \/>\n<meta name=\"twitter:card\" content=\"summary_large_image\" \/>\n<meta name=\"twitter:label1\" content=\"Temps estimat de lectura\" \/>\n\t<meta name=\"twitter:data1\" content=\"2 minuts\" \/>\n<script type=\"application\/ld+json\" class=\"yoast-schema-graph\">{\"@context\":\"https:\/\/schema.org\",\"@graph\":[{\"@type\":\"WebPage\",\"@id\":\"https:\/\/www.aiguessegarragarrigues.cat\/ca\/no\/arbeca-rego-2\/\",\"url\":\"https:\/\/www.aiguessegarragarrigues.cat\/ca\/no\/arbeca-rego-2\/\",\"name\":\"Artesa de Segre (No Rego) - Aig\u00fces del Segarra Garrigues\",\"isPartOf\":{\"@id\":\"https:\/\/www.aiguessegarragarrigues.cat\/ca\/#website\"},\"primaryImageOfPage\":{\"@id\":\"https:\/\/www.aiguessegarragarrigues.cat\/ca\/no\/arbeca-rego-2\/#primaryimage\"},\"image\":{\"@id\":\"https:\/\/www.aiguessegarragarrigues.cat\/no\/arbeca-rego-2\/#primaryimage\"},\"thumbnailUrl\":\"https:\/\/www.aiguessegarragarrigues.cat\/wp-content\/uploads\/2019\/08\/artesa_de_segre_cat.jpg\",\"datePublished\":\"2019-08-28T09:34:50+00:00\",\"dateModified\":\"2019-08-28T09:35:13+00:00\",\"breadcrumb\":{\"@id\":\"https:\/\/www.aiguessegarragarrigues.cat\/ca\/no\/arbeca-rego-2\/#breadcrumb\"},\"inLanguage\":\"ca\",\"potentialAction\":[{\"@type\":\"ReadAction\",\"target\":[[\"https:\/\/www.aiguessegarragarrigues.cat\/ca\/no\/arbeca-rego-2\/\"]]}]},{\"@type\":\"ImageObject\",\"inLanguage\":\"ca\",\"@id\":\"https:\/\/www.aiguessegarragarrigues.cat\/ca\/no\/arbeca-rego-2\/#primaryimage\",\"url\":\"https:\/\/www.aiguessegarragarrigues.cat\/wp-content\/uploads\/2019\/08\/artesa_de_segre_cat.jpg\",\"contentUrl\":\"https:\/\/www.aiguessegarragarrigues.cat\/wp-content\/uploads\/2019\/08\/artesa_de_segre_cat.jpg\"},{\"@type\":\"BreadcrumbList\",\"@id\":\"https:\/\/www.aiguessegarragarrigues.cat\/ca\/no\/arbeca-rego-2\/#breadcrumb\",\"itemListElement\":[{\"@type\":\"ListItem\",\"position\":1,\"name\":\"Inici\",\"item\":\"https:\/\/www.aiguessegarragarrigues.cat\/ca\/\"},{\"@type\":\"ListItem\",\"position\":2,\"name\":\"no\",\"item\":\"https:\/\/www.aiguessegarragarrigues.cat\/ca\/no\/\"},{\"@type\":\"ListItem\",\"position\":3,\"name\":\"Artesa de Segre (No Rego)\"}]},{\"@type\":\"WebSite\",\"@id\":\"https:\/\/www.aiguessegarragarrigues.cat\/ca\/#website\",\"url\":\"https:\/\/www.aiguessegarragarrigues.cat\/ca\/\",\"name\":\"Aig\u00fces del Segarra Garrigues\",\"description\":\"\",\"potentialAction\":[{\"@type\":\"SearchAction\",\"target\":{\"@type\":\"EntryPoint\",\"urlTemplate\":\"https:\/\/www.aiguessegarragarrigues.cat\/ca\/?s={search_term_string}\"},\"query-input\":{\"@type\":\"PropertyValueSpecification\",\"valueRequired\":true,\"valueName\":\"search_term_string\"}}],\"inLanguage\":\"ca\"}]}<\/script>\n<!-- \/ Yoast SEO plugin. -->","yoast_head_json":{"title":"Artesa de Segre (No Rego) - Aig\u00fces del Segarra Garrigues","robots":{"index":"index","follow":"follow","max-snippet":"max-snippet:-1","max-image-preview":"max-image-preview:large","max-video-preview":"max-video-preview:-1"},"canonical":"https:\/\/www.aiguessegarragarrigues.cat\/ca\/no\/arbeca-rego-2\/","og_locale":"ca_ES","og_type":"article","og_title":"Artesa de Segre (No Rego) - Aig\u00fces del Segarra Garrigues","og_description":"Artesa de Segre Situaci\u00f3: Finca que no rega Actualment tota la zona regable del municipi t\u00e9 acc\u00e9s a l\u2019aigua. Si [...]","og_url":"https:\/\/www.aiguessegarragarrigues.cat\/ca\/no\/arbeca-rego-2\/","og_site_name":"Aig\u00fces del Segarra Garrigues","article_modified_time":"2019-08-28T09:35:13+00:00","og_image":[{"url":"https:\/\/www.aiguessegarragarrigues.cat\/wp-content\/uploads\/2019\/08\/artesa_de_segre_cat.jpg","type":"","width":"","height":""}],"twitter_card":"summary_large_image","twitter_misc":{"Temps estimat de lectura":"2 minuts"},"schema":{"@context":"https:\/\/schema.org","@graph":[{"@type":"WebPage","@id":"https:\/\/www.aiguessegarragarrigues.cat\/ca\/no\/arbeca-rego-2\/","url":"https:\/\/www.aiguessegarragarrigues.cat\/ca\/no\/arbeca-rego-2\/","name":"Artesa de Segre (No Rego) - Aig\u00fces del Segarra Garrigues","isPartOf":{"@id":"https:\/\/www.aiguessegarragarrigues.cat\/ca\/#website"},"primaryImageOfPage":{"@id":"https:\/\/www.aiguessegarragarrigues.cat\/ca\/no\/arbeca-rego-2\/#primaryimage"},"image":{"@id":"https:\/\/www.aiguessegarragarrigues.cat\/no\/arbeca-rego-2\/#primaryimage"},"thumbnailUrl":"https:\/\/www.aiguessegarragarrigues.cat\/wp-content\/uploads\/2019\/08\/artesa_de_segre_cat.jpg","datePublished":"2019-08-28T09:34:50+00:00","dateModified":"2019-08-28T09:35:13+00:00","breadcrumb":{"@id":"https:\/\/www.aiguessegarragarrigues.cat\/ca\/no\/arbeca-rego-2\/#breadcrumb"},"inLanguage":"ca","potentialAction":[{"@type":"ReadAction","target":[["https:\/\/www.aiguessegarragarrigues.cat\/ca\/no\/arbeca-rego-2\/"]]}]},{"@type":"ImageObject","inLanguage":"ca","@id":"https:\/\/www.aiguessegarragarrigues.cat\/ca\/no\/arbeca-rego-2\/#primaryimage","url":"https:\/\/www.aiguessegarragarrigues.cat\/wp-content\/uploads\/2019\/08\/artesa_de_segre_cat.jpg","contentUrl":"https:\/\/www.aiguessegarragarrigues.cat\/wp-content\/uploads\/2019\/08\/artesa_de_segre_cat.jpg"},{"@type":"BreadcrumbList","@id":"https:\/\/www.aiguessegarragarrigues.cat\/ca\/no\/arbeca-rego-2\/#breadcrumb","itemListElement":[{"@type":"ListItem","position":1,"name":"Inici","item":"https:\/\/www.aiguessegarragarrigues.cat\/ca\/"},{"@type":"ListItem","position":2,"name":"no","item":"https:\/\/www.aiguessegarragarrigues.cat\/ca\/no\/"},{"@type":"ListItem","position":3,"name":"Artesa de Segre (No Rego)"}]},{"@type":"WebSite","@id":"https:\/\/www.aiguessegarragarrigues.cat\/ca\/#website","url":"https:\/\/www.aiguessegarragarrigues.cat\/ca\/","name":"Aig\u00fces del Segarra Garrigues","description":"","potentialAction":[{"@type":"SearchAction","target":{"@type":"EntryPoint","urlTemplate":"https:\/\/www.aiguessegarragarrigues.cat\/ca\/?s={search_term_string}"},"query-input":{"@type":"PropertyValueSpecification","valueRequired":true,"valueName":"search_term_string"}}],"inLanguage":"ca"}]}},"_links":{"self":[{"href":"https:\/\/www.aiguessegarragarrigues.cat\/ca\/wp-json\/wp\/v2\/pages\/3614","targetHints":{"allow":["GET"]}}],"collection":[{"href":"https:\/\/www.aiguessegarragarrigues.cat\/ca\/wp-json\/wp\/v2\/pages"}],"about":[{"href":"https:\/\/www.aiguessegarragarrigues.cat\/ca\/wp-json\/wp\/v2\/types\/page"}],"author":[{"embeddable":true,"href":"https:\/\/www.aiguessegarragarrigues.cat\/ca\/wp-json\/wp\/v2\/users\/1"}],"replies":[{"embeddable":true,"href":"https:\/\/www.aiguessegarragarrigues.cat\/ca\/wp-json\/wp\/v2\/comments?post=3614"}],"version-history":[{"count":1,"href":"https:\/\/www.aiguessegarragarrigues.cat\/ca\/wp-json\/wp\/v2\/pages\/3614\/revisions"}],"predecessor-version":[{"id":3615,"href":"https:\/\/www.aiguessegarragarrigues.cat\/ca\/wp-json\/wp\/v2\/pages\/3614\/revisions\/3615"}],"up":[{"embeddable":true,"href":"https:\/\/www.aiguessegarragarrigues.cat\/ca\/wp-json\/wp\/v2\/pages\/3043"}],"wp:attachment":[{"href":"https:\/\/www.aiguessegarragarrigues.cat\/ca\/wp-json\/wp\/v2\/media?parent=3614"}],"curies":[{"name":"wp","href":"https:\/\/api.w.org\/{rel}","templated":true}]}}