{"id":3581,"date":"2019-08-28T09:49:13","date_gmt":"2019-08-28T07:49:13","guid":{"rendered":"https:\/\/www.aiguessegarragarrigues.cat\/?page_id=3581"},"modified":"2019-08-28T09:49:13","modified_gmt":"2019-08-28T07:49:13","slug":"si_seros-7-2","status":"publish","type":"page","link":"https:\/\/www.aiguessegarragarrigues.cat\/ca\/no\/si_seros-7-2\/","title":{"rendered":"Granyanella (No Rego)"},"content":{"rendered":"<p><\/p>\n<h1><span style=\"color: #153c7f;\"><strong><span style=\"font-family: helvetica, arial, sans-serif;\">Granyanella<\/span><\/strong><\/span><\/h1>\n<p><span style=\"color: #153c7f;\"><strong><span style=\"font-family: helvetica, arial, sans-serif; font-size: 14pt;\">Situaci\u00f3: Finca que no rega\u00a0<\/span><\/strong><\/span><\/p>\n<p><span style=\"font-weight: 400; font-family: helvetica, arial, sans-serif;\">Actualment la xarxa de reg no s\u2019ha executat al terme de Granyanella.<\/span><\/p>\n<p><span style=\"font-family: helvetica, arial, sans-serif;\"><span style=\"font-weight: 400;\">Si vols saber l&#8217;estat general del projecte Segarra-Garrigues, clica <\/span><a href=\"\/estat-actual\/\"><span style=\"font-weight: 400;\">aqu\u00ed<\/span><\/a><span style=\"font-weight: 400;\">.<\/span><\/span><\/p>\n<p><span style=\"font-family: helvetica, arial, sans-serif;\"><span style=\"font-weight: 400;\">Tamb\u00e9 pot ser del teu inter\u00e8s la informaci\u00f3 sobre els <\/span><a href=\"\/diptic-beneficis-del-regadiu\/\"><span style=\"font-weight: 400;\">beneficis del reg<\/span><\/a><span style=\"font-weight: 400;\"> i els resultats de les <\/span><a href=\"\/finques-demostratives\/\"><span style=\"font-weight: 400;\">finques demostratives.<\/span><\/a><\/span><\/p>\n<p><img decoding=\"async\" class=\"alignnone size-full wp-image-3246\" src=\"https:\/\/www.aiguessegarragarrigues.cat\/wp-content\/uploads\/2019\/08\/granyanella_cat.jpg\" alt=\"\" width=\"1200\" height=\"848\" srcset=\"https:\/\/www.aiguessegarragarrigues.cat\/wp-content\/uploads\/2019\/08\/granyanella_cat-200x141.jpg 200w, https:\/\/www.aiguessegarragarrigues.cat\/wp-content\/uploads\/2019\/08\/granyanella_cat-300x212.jpg 300w, https:\/\/www.aiguessegarragarrigues.cat\/wp-content\/uploads\/2019\/08\/granyanella_cat-400x283.jpg 400w, https:\/\/www.aiguessegarragarrigues.cat\/wp-content\/uploads\/2019\/08\/granyanella_cat-600x424.jpg 600w, https:\/\/www.aiguessegarragarrigues.cat\/wp-content\/uploads\/2019\/08\/granyanella_cat-768x543.jpg 768w, https:\/\/www.aiguessegarragarrigues.cat\/wp-content\/uploads\/2019\/08\/granyanella_cat-800x565.jpg 800w, https:\/\/www.aiguessegarragarrigues.cat\/wp-content\/uploads\/2019\/08\/granyanella_cat-1024x724.jpg 1024w, https:\/\/www.aiguessegarragarrigues.cat\/wp-content\/uploads\/2019\/08\/granyanella_cat.jpg 1200w\" sizes=\"(max-width: 1200px) 100vw, 1200px\" \/><\/p>","protected":false},"excerpt":{"rendered":"<p>Granyanella Situaci\u00f3: Finca que no rega\u00a0 Actualment la xarxa de reg no s\u2019ha executat al terme de Granyanella. Si vols  [&#8230;]<\/p>\n","protected":false},"author":1,"featured_media":0,"parent":3043,"menu_order":0,"comment_status":"closed","ping_status":"closed","template":"","meta":{"footnotes":"","_links_to":"","_links_to_target":""},"class_list":["post-3581","page","type-page","status-publish","hentry"],"yoast_head":"<!-- This site is optimized with the Yoast SEO plugin v27.0 - https:\/\/yoast.com\/product\/yoast-seo-wordpress\/ -->\n<title>Granyanella (No Rego) - Aig\u00fces del Segarra Garrigues<\/title>\n<meta name=\"robots\" content=\"index, follow, max-snippet:-1, max-image-preview:large, max-video-preview:-1\" \/>\n<link rel=\"canonical\" href=\"https:\/\/www.aiguessegarragarrigues.cat\/ca\/no\/si_seros-7-2\/\" \/>\n<meta property=\"og:locale\" content=\"ca_ES\" \/>\n<meta property=\"og:type\" content=\"article\" \/>\n<meta property=\"og:title\" content=\"Granyanella (No Rego) - Aig\u00fces del Segarra Garrigues\" \/>\n<meta property=\"og:description\" content=\"Granyanella Situaci\u00f3: Finca que no rega\u00a0 Actualment la xarxa de reg no s\u2019ha executat al terme de Granyanella. Si vols [...]\" \/>\n<meta property=\"og:url\" content=\"https:\/\/www.aiguessegarragarrigues.cat\/ca\/no\/si_seros-7-2\/\" \/>\n<meta property=\"og:site_name\" content=\"Aig\u00fces del Segarra Garrigues\" \/>\n<meta property=\"og:image\" content=\"https:\/\/www.aiguessegarragarrigues.cat\/wp-content\/uploads\/2019\/08\/granyanella_cat.jpg\" \/>\n<meta name=\"twitter:card\" content=\"summary_large_image\" \/>\n<meta name=\"twitter:label1\" content=\"Temps estimat de lectura\" \/>\n\t<meta name=\"twitter:data1\" content=\"1 minut\" \/>\n<script type=\"application\/ld+json\" class=\"yoast-schema-graph\">{\"@context\":\"https:\/\/schema.org\",\"@graph\":[{\"@type\":\"WebPage\",\"@id\":\"https:\/\/www.aiguessegarragarrigues.cat\/ca\/no\/si_seros-7-2\/\",\"url\":\"https:\/\/www.aiguessegarragarrigues.cat\/ca\/no\/si_seros-7-2\/\",\"name\":\"Granyanella (No Rego) - Aig\u00fces del Segarra Garrigues\",\"isPartOf\":{\"@id\":\"https:\/\/www.aiguessegarragarrigues.cat\/ca\/#website\"},\"primaryImageOfPage\":{\"@id\":\"https:\/\/www.aiguessegarragarrigues.cat\/ca\/no\/si_seros-7-2\/#primaryimage\"},\"image\":{\"@id\":\"https:\/\/www.aiguessegarragarrigues.cat\/no\/si_seros-7-2\/#primaryimage\"},\"thumbnailUrl\":\"https:\/\/www.aiguessegarragarrigues.cat\/wp-content\/uploads\/2019\/08\/granyanella_cat.jpg\",\"datePublished\":\"2019-08-28T07:49:13+00:00\",\"breadcrumb\":{\"@id\":\"https:\/\/www.aiguessegarragarrigues.cat\/ca\/no\/si_seros-7-2\/#breadcrumb\"},\"inLanguage\":\"ca\",\"potentialAction\":[{\"@type\":\"ReadAction\",\"target\":[[\"https:\/\/www.aiguessegarragarrigues.cat\/ca\/no\/si_seros-7-2\/\"]]}]},{\"@type\":\"ImageObject\",\"inLanguage\":\"ca\",\"@id\":\"https:\/\/www.aiguessegarragarrigues.cat\/ca\/no\/si_seros-7-2\/#primaryimage\",\"url\":\"https:\/\/www.aiguessegarragarrigues.cat\/wp-content\/uploads\/2019\/08\/granyanella_cat.jpg\",\"contentUrl\":\"https:\/\/www.aiguessegarragarrigues.cat\/wp-content\/uploads\/2019\/08\/granyanella_cat.jpg\"},{\"@type\":\"BreadcrumbList\",\"@id\":\"https:\/\/www.aiguessegarragarrigues.cat\/ca\/no\/si_seros-7-2\/#breadcrumb\",\"itemListElement\":[{\"@type\":\"ListItem\",\"position\":1,\"name\":\"Inici\",\"item\":\"https:\/\/www.aiguessegarragarrigues.cat\/ca\/\"},{\"@type\":\"ListItem\",\"position\":2,\"name\":\"no\",\"item\":\"https:\/\/www.aiguessegarragarrigues.cat\/ca\/no\/\"},{\"@type\":\"ListItem\",\"position\":3,\"name\":\"Granyanella (No Rego)\"}]},{\"@type\":\"WebSite\",\"@id\":\"https:\/\/www.aiguessegarragarrigues.cat\/ca\/#website\",\"url\":\"https:\/\/www.aiguessegarragarrigues.cat\/ca\/\",\"name\":\"Aig\u00fces del Segarra Garrigues\",\"description\":\"\",\"potentialAction\":[{\"@type\":\"SearchAction\",\"target\":{\"@type\":\"EntryPoint\",\"urlTemplate\":\"https:\/\/www.aiguessegarragarrigues.cat\/ca\/?s={search_term_string}\"},\"query-input\":{\"@type\":\"PropertyValueSpecification\",\"valueRequired\":true,\"valueName\":\"search_term_string\"}}],\"inLanguage\":\"ca\"}]}<\/script>\n<!-- \/ Yoast SEO plugin. -->","yoast_head_json":{"title":"Granyanella (No Rego) - Aig\u00fces del Segarra Garrigues","robots":{"index":"index","follow":"follow","max-snippet":"max-snippet:-1","max-image-preview":"max-image-preview:large","max-video-preview":"max-video-preview:-1"},"canonical":"https:\/\/www.aiguessegarragarrigues.cat\/ca\/no\/si_seros-7-2\/","og_locale":"ca_ES","og_type":"article","og_title":"Granyanella (No Rego) - Aig\u00fces del Segarra Garrigues","og_description":"Granyanella Situaci\u00f3: Finca que no rega\u00a0 Actualment la xarxa de reg no s\u2019ha executat al terme de Granyanella. Si vols [...]","og_url":"https:\/\/www.aiguessegarragarrigues.cat\/ca\/no\/si_seros-7-2\/","og_site_name":"Aig\u00fces del Segarra Garrigues","og_image":[{"url":"https:\/\/www.aiguessegarragarrigues.cat\/wp-content\/uploads\/2019\/08\/granyanella_cat.jpg","type":"","width":"","height":""}],"twitter_card":"summary_large_image","twitter_misc":{"Temps estimat de lectura":"1 minut"},"schema":{"@context":"https:\/\/schema.org","@graph":[{"@type":"WebPage","@id":"https:\/\/www.aiguessegarragarrigues.cat\/ca\/no\/si_seros-7-2\/","url":"https:\/\/www.aiguessegarragarrigues.cat\/ca\/no\/si_seros-7-2\/","name":"Granyanella (No Rego) - Aig\u00fces del Segarra Garrigues","isPartOf":{"@id":"https:\/\/www.aiguessegarragarrigues.cat\/ca\/#website"},"primaryImageOfPage":{"@id":"https:\/\/www.aiguessegarragarrigues.cat\/ca\/no\/si_seros-7-2\/#primaryimage"},"image":{"@id":"https:\/\/www.aiguessegarragarrigues.cat\/no\/si_seros-7-2\/#primaryimage"},"thumbnailUrl":"https:\/\/www.aiguessegarragarrigues.cat\/wp-content\/uploads\/2019\/08\/granyanella_cat.jpg","datePublished":"2019-08-28T07:49:13+00:00","breadcrumb":{"@id":"https:\/\/www.aiguessegarragarrigues.cat\/ca\/no\/si_seros-7-2\/#breadcrumb"},"inLanguage":"ca","potentialAction":[{"@type":"ReadAction","target":[["https:\/\/www.aiguessegarragarrigues.cat\/ca\/no\/si_seros-7-2\/"]]}]},{"@type":"ImageObject","inLanguage":"ca","@id":"https:\/\/www.aiguessegarragarrigues.cat\/ca\/no\/si_seros-7-2\/#primaryimage","url":"https:\/\/www.aiguessegarragarrigues.cat\/wp-content\/uploads\/2019\/08\/granyanella_cat.jpg","contentUrl":"https:\/\/www.aiguessegarragarrigues.cat\/wp-content\/uploads\/2019\/08\/granyanella_cat.jpg"},{"@type":"BreadcrumbList","@id":"https:\/\/www.aiguessegarragarrigues.cat\/ca\/no\/si_seros-7-2\/#breadcrumb","itemListElement":[{"@type":"ListItem","position":1,"name":"Inici","item":"https:\/\/www.aiguessegarragarrigues.cat\/ca\/"},{"@type":"ListItem","position":2,"name":"no","item":"https:\/\/www.aiguessegarragarrigues.cat\/ca\/no\/"},{"@type":"ListItem","position":3,"name":"Granyanella (No Rego)"}]},{"@type":"WebSite","@id":"https:\/\/www.aiguessegarragarrigues.cat\/ca\/#website","url":"https:\/\/www.aiguessegarragarrigues.cat\/ca\/","name":"Aig\u00fces del Segarra Garrigues","description":"","potentialAction":[{"@type":"SearchAction","target":{"@type":"EntryPoint","urlTemplate":"https:\/\/www.aiguessegarragarrigues.cat\/ca\/?s={search_term_string}"},"query-input":{"@type":"PropertyValueSpecification","valueRequired":true,"valueName":"search_term_string"}}],"inLanguage":"ca"}]}},"_links":{"self":[{"href":"https:\/\/www.aiguessegarragarrigues.cat\/ca\/wp-json\/wp\/v2\/pages\/3581","targetHints":{"allow":["GET"]}}],"collection":[{"href":"https:\/\/www.aiguessegarragarrigues.cat\/ca\/wp-json\/wp\/v2\/pages"}],"about":[{"href":"https:\/\/www.aiguessegarragarrigues.cat\/ca\/wp-json\/wp\/v2\/types\/page"}],"author":[{"embeddable":true,"href":"https:\/\/www.aiguessegarragarrigues.cat\/ca\/wp-json\/wp\/v2\/users\/1"}],"replies":[{"embeddable":true,"href":"https:\/\/www.aiguessegarragarrigues.cat\/ca\/wp-json\/wp\/v2\/comments?post=3581"}],"version-history":[{"count":1,"href":"https:\/\/www.aiguessegarragarrigues.cat\/ca\/wp-json\/wp\/v2\/pages\/3581\/revisions"}],"predecessor-version":[{"id":3582,"href":"https:\/\/www.aiguessegarragarrigues.cat\/ca\/wp-json\/wp\/v2\/pages\/3581\/revisions\/3582"}],"up":[{"embeddable":true,"href":"https:\/\/www.aiguessegarragarrigues.cat\/ca\/wp-json\/wp\/v2\/pages\/3043"}],"wp:attachment":[{"href":"https:\/\/www.aiguessegarragarrigues.cat\/ca\/wp-json\/wp\/v2\/media?parent=3581"}],"curies":[{"name":"wp","href":"https:\/\/api.w.org\/{rel}","templated":true}]}}