{"id":3302,"date":"2019-08-26T13:57:40","date_gmt":"2019-08-26T11:57:40","guid":{"rendered":"https:\/\/www.aiguessegarragarrigues.cat\/?page_id=3302"},"modified":"2019-08-26T13:59:13","modified_gmt":"2019-08-26T11:59:13","slug":"si_seros-13","status":"publish","type":"page","link":"https:\/\/www.aiguessegarragarrigues.cat\/ca\/si\/si_seros-13\/","title":{"rendered":"Montoliu de Lleida (Rego)"},"content":{"rendered":"<p><\/p>\n<h1><span style=\"color: #153c7f;\"><strong><span style=\"font-family: helvetica, arial, sans-serif;\">Montoliu de Lleida\u00a0<\/span><\/strong><\/span><\/h1>\n<p><span style=\"color: #153c7f;\"><strong><span style=\"font-family: helvetica, arial, sans-serif; font-size: 14pt;\">Situaci\u00f3: Finca que rega<\/span><\/strong><\/span><\/p>\n<p><span style=\"font-weight: 400; font-family: helvetica, arial, sans-serif;\">Actualment tota la zona regable del municipi de Montoliu de Lleida t\u00e9 acc\u00e9s a l\u2019aigua.<\/span><\/p>\n<p><span style=\"font-family: helvetica, arial, sans-serif;\"><span style=\"font-weight: 400;\">Com a regant, pots trobar informaci\u00f3 d\u2019inter\u00e8s per a la teva explotaci\u00f3 a la <\/span><a href=\"http:\/\/webdelregant.aiguessegarragarrigues.cat\/wsr\/views\/login\/login.aspx\"><span style=\"font-weight: 400;\">web del regant<\/span><\/a><span style=\"font-weight: 400;\"> o posant-te en contacte amb el <\/span><a href=\"\/contacta\"><span style=\"font-weight: 400;\">Departament d\u2019Explotaci\u00f3.<\/span><\/a><\/span><\/p>\n<p><span style=\"font-family: helvetica, arial, sans-serif;\"><span style=\"font-weight: 400;\">Tamb\u00e9 pot ser d\u2019inter\u00e8s la informaci\u00f3 sobre les <\/span><a href=\"\/fincas-demostrativas\"><span style=\"font-weight: 400;\">finques demostratives.<\/span><\/a><span style=\"font-weight: 400;\"> Si vols informaci\u00f3 de cultius o possibilitats d\u2019arrendament, posa\u2019t amb contacte amb el <\/span><a href=\"\/diptico-beneficios-del-regadio\/\"><span style=\"font-weight: 400;\">Departament de Territori.<\/span><\/a><\/span><\/p>\n<p><img decoding=\"async\" class=\"alignnone size-full wp-image-3303\" src=\"https:\/\/www.aiguessegarragarrigues.cat\/wp-content\/uploads\/2019\/08\/montoliu_de_lleida_cat.jpg\" alt=\"\" width=\"1200\" height=\"848\" srcset=\"https:\/\/www.aiguessegarragarrigues.cat\/wp-content\/uploads\/2019\/08\/montoliu_de_lleida_cat-200x141.jpg 200w, https:\/\/www.aiguessegarragarrigues.cat\/wp-content\/uploads\/2019\/08\/montoliu_de_lleida_cat-300x212.jpg 300w, https:\/\/www.aiguessegarragarrigues.cat\/wp-content\/uploads\/2019\/08\/montoliu_de_lleida_cat-400x283.jpg 400w, https:\/\/www.aiguessegarragarrigues.cat\/wp-content\/uploads\/2019\/08\/montoliu_de_lleida_cat-600x424.jpg 600w, https:\/\/www.aiguessegarragarrigues.cat\/wp-content\/uploads\/2019\/08\/montoliu_de_lleida_cat-768x543.jpg 768w, https:\/\/www.aiguessegarragarrigues.cat\/wp-content\/uploads\/2019\/08\/montoliu_de_lleida_cat-800x565.jpg 800w, https:\/\/www.aiguessegarragarrigues.cat\/wp-content\/uploads\/2019\/08\/montoliu_de_lleida_cat-1024x724.jpg 1024w, https:\/\/www.aiguessegarragarrigues.cat\/wp-content\/uploads\/2019\/08\/montoliu_de_lleida_cat.jpg 1200w\" sizes=\"(max-width: 1200px) 100vw, 1200px\" \/><\/p>\n<p>&nbsp;<\/p>\n<p>&nbsp;<\/p>","protected":false},"excerpt":{"rendered":"<p>Montoliu de Lleida\u00a0 Situaci\u00f3: Finca que rega Actualment tota la zona regable del municipi de Montoliu de Lleida t\u00e9 acc\u00e9s  [&#8230;]<\/p>\n","protected":false},"author":1,"featured_media":0,"parent":3022,"menu_order":0,"comment_status":"closed","ping_status":"closed","template":"","meta":{"footnotes":"","_links_to":"","_links_to_target":""},"class_list":["post-3302","page","type-page","status-publish","hentry"],"yoast_head":"<!-- This site is optimized with the Yoast SEO plugin v27.0 - https:\/\/yoast.com\/product\/yoast-seo-wordpress\/ -->\n<title>Montoliu de Lleida (Rego) - Aig\u00fces del Segarra Garrigues<\/title>\n<meta name=\"robots\" content=\"index, follow, max-snippet:-1, max-image-preview:large, max-video-preview:-1\" \/>\n<link rel=\"canonical\" href=\"https:\/\/www.aiguessegarragarrigues.cat\/ca\/si\/si_seros-13\/\" \/>\n<meta property=\"og:locale\" content=\"ca_ES\" \/>\n<meta property=\"og:type\" content=\"article\" \/>\n<meta property=\"og:title\" content=\"Montoliu de Lleida (Rego) - Aig\u00fces del Segarra Garrigues\" \/>\n<meta property=\"og:description\" content=\"Montoliu de Lleida\u00a0 Situaci\u00f3: Finca que rega Actualment tota la zona regable del municipi de Montoliu de Lleida t\u00e9 acc\u00e9s [...]\" \/>\n<meta property=\"og:url\" content=\"https:\/\/www.aiguessegarragarrigues.cat\/ca\/si\/si_seros-13\/\" \/>\n<meta property=\"og:site_name\" content=\"Aig\u00fces del Segarra Garrigues\" \/>\n<meta property=\"article:modified_time\" content=\"2019-08-26T11:59:13+00:00\" \/>\n<meta property=\"og:image\" content=\"https:\/\/www.aiguessegarragarrigues.cat\/wp-content\/uploads\/2019\/08\/montoliu_de_lleida_cat.jpg\" \/>\n<meta name=\"twitter:card\" content=\"summary_large_image\" \/>\n<meta name=\"twitter:label1\" content=\"Temps estimat de lectura\" \/>\n\t<meta name=\"twitter:data1\" content=\"1 minut\" \/>\n<script type=\"application\/ld+json\" class=\"yoast-schema-graph\">{\"@context\":\"https:\/\/schema.org\",\"@graph\":[{\"@type\":\"WebPage\",\"@id\":\"https:\/\/www.aiguessegarragarrigues.cat\/ca\/si\/si_seros-13\/\",\"url\":\"https:\/\/www.aiguessegarragarrigues.cat\/ca\/si\/si_seros-13\/\",\"name\":\"Montoliu de Lleida (Rego) - Aig\u00fces del Segarra Garrigues\",\"isPartOf\":{\"@id\":\"https:\/\/www.aiguessegarragarrigues.cat\/ca\/#website\"},\"primaryImageOfPage\":{\"@id\":\"https:\/\/www.aiguessegarragarrigues.cat\/ca\/si\/si_seros-13\/#primaryimage\"},\"image\":{\"@id\":\"https:\/\/www.aiguessegarragarrigues.cat\/ca\/si\/si_seros-13\/#primaryimage\"},\"thumbnailUrl\":\"https:\/\/www.aiguessegarragarrigues.cat\/wp-content\/uploads\/2019\/08\/montoliu_de_lleida_cat.jpg\",\"datePublished\":\"2019-08-26T11:57:40+00:00\",\"dateModified\":\"2019-08-26T11:59:13+00:00\",\"breadcrumb\":{\"@id\":\"https:\/\/www.aiguessegarragarrigues.cat\/ca\/si\/si_seros-13\/#breadcrumb\"},\"inLanguage\":\"ca\",\"potentialAction\":[{\"@type\":\"ReadAction\",\"target\":[[\"https:\/\/www.aiguessegarragarrigues.cat\/ca\/si\/si_seros-13\/\"]]}]},{\"@type\":\"ImageObject\",\"inLanguage\":\"ca\",\"@id\":\"https:\/\/www.aiguessegarragarrigues.cat\/ca\/si\/si_seros-13\/#primaryimage\",\"url\":\"https:\/\/www.aiguessegarragarrigues.cat\/wp-content\/uploads\/2019\/08\/montoliu_de_lleida_cat.jpg\",\"contentUrl\":\"https:\/\/www.aiguessegarragarrigues.cat\/wp-content\/uploads\/2019\/08\/montoliu_de_lleida_cat.jpg\"},{\"@type\":\"BreadcrumbList\",\"@id\":\"https:\/\/www.aiguessegarragarrigues.cat\/ca\/si\/si_seros-13\/#breadcrumb\",\"itemListElement\":[{\"@type\":\"ListItem\",\"position\":1,\"name\":\"Inici\",\"item\":\"https:\/\/www.aiguessegarragarrigues.cat\/ca\/\"},{\"@type\":\"ListItem\",\"position\":2,\"name\":\"si\",\"item\":\"https:\/\/www.aiguessegarragarrigues.cat\/ca\/si\/\"},{\"@type\":\"ListItem\",\"position\":3,\"name\":\"Montoliu de Lleida (Rego)\"}]},{\"@type\":\"WebSite\",\"@id\":\"https:\/\/www.aiguessegarragarrigues.cat\/ca\/#website\",\"url\":\"https:\/\/www.aiguessegarragarrigues.cat\/ca\/\",\"name\":\"Aig\u00fces del Segarra Garrigues\",\"description\":\"\",\"potentialAction\":[{\"@type\":\"SearchAction\",\"target\":{\"@type\":\"EntryPoint\",\"urlTemplate\":\"https:\/\/www.aiguessegarragarrigues.cat\/ca\/?s={search_term_string}\"},\"query-input\":{\"@type\":\"PropertyValueSpecification\",\"valueRequired\":true,\"valueName\":\"search_term_string\"}}],\"inLanguage\":\"ca\"}]}<\/script>\n<!-- \/ Yoast SEO plugin. -->","yoast_head_json":{"title":"Montoliu de Lleida (Rego) - Aig\u00fces del Segarra Garrigues","robots":{"index":"index","follow":"follow","max-snippet":"max-snippet:-1","max-image-preview":"max-image-preview:large","max-video-preview":"max-video-preview:-1"},"canonical":"https:\/\/www.aiguessegarragarrigues.cat\/ca\/si\/si_seros-13\/","og_locale":"ca_ES","og_type":"article","og_title":"Montoliu de Lleida (Rego) - Aig\u00fces del Segarra Garrigues","og_description":"Montoliu de Lleida\u00a0 Situaci\u00f3: Finca que rega Actualment tota la zona regable del municipi de Montoliu de Lleida t\u00e9 acc\u00e9s [...]","og_url":"https:\/\/www.aiguessegarragarrigues.cat\/ca\/si\/si_seros-13\/","og_site_name":"Aig\u00fces del Segarra Garrigues","article_modified_time":"2019-08-26T11:59:13+00:00","og_image":[{"url":"https:\/\/www.aiguessegarragarrigues.cat\/wp-content\/uploads\/2019\/08\/montoliu_de_lleida_cat.jpg","type":"","width":"","height":""}],"twitter_card":"summary_large_image","twitter_misc":{"Temps estimat de lectura":"1 minut"},"schema":{"@context":"https:\/\/schema.org","@graph":[{"@type":"WebPage","@id":"https:\/\/www.aiguessegarragarrigues.cat\/ca\/si\/si_seros-13\/","url":"https:\/\/www.aiguessegarragarrigues.cat\/ca\/si\/si_seros-13\/","name":"Montoliu de Lleida (Rego) - Aig\u00fces del Segarra Garrigues","isPartOf":{"@id":"https:\/\/www.aiguessegarragarrigues.cat\/ca\/#website"},"primaryImageOfPage":{"@id":"https:\/\/www.aiguessegarragarrigues.cat\/ca\/si\/si_seros-13\/#primaryimage"},"image":{"@id":"https:\/\/www.aiguessegarragarrigues.cat\/ca\/si\/si_seros-13\/#primaryimage"},"thumbnailUrl":"https:\/\/www.aiguessegarragarrigues.cat\/wp-content\/uploads\/2019\/08\/montoliu_de_lleida_cat.jpg","datePublished":"2019-08-26T11:57:40+00:00","dateModified":"2019-08-26T11:59:13+00:00","breadcrumb":{"@id":"https:\/\/www.aiguessegarragarrigues.cat\/ca\/si\/si_seros-13\/#breadcrumb"},"inLanguage":"ca","potentialAction":[{"@type":"ReadAction","target":[["https:\/\/www.aiguessegarragarrigues.cat\/ca\/si\/si_seros-13\/"]]}]},{"@type":"ImageObject","inLanguage":"ca","@id":"https:\/\/www.aiguessegarragarrigues.cat\/ca\/si\/si_seros-13\/#primaryimage","url":"https:\/\/www.aiguessegarragarrigues.cat\/wp-content\/uploads\/2019\/08\/montoliu_de_lleida_cat.jpg","contentUrl":"https:\/\/www.aiguessegarragarrigues.cat\/wp-content\/uploads\/2019\/08\/montoliu_de_lleida_cat.jpg"},{"@type":"BreadcrumbList","@id":"https:\/\/www.aiguessegarragarrigues.cat\/ca\/si\/si_seros-13\/#breadcrumb","itemListElement":[{"@type":"ListItem","position":1,"name":"Inici","item":"https:\/\/www.aiguessegarragarrigues.cat\/ca\/"},{"@type":"ListItem","position":2,"name":"si","item":"https:\/\/www.aiguessegarragarrigues.cat\/ca\/si\/"},{"@type":"ListItem","position":3,"name":"Montoliu de Lleida (Rego)"}]},{"@type":"WebSite","@id":"https:\/\/www.aiguessegarragarrigues.cat\/ca\/#website","url":"https:\/\/www.aiguessegarragarrigues.cat\/ca\/","name":"Aig\u00fces del Segarra Garrigues","description":"","potentialAction":[{"@type":"SearchAction","target":{"@type":"EntryPoint","urlTemplate":"https:\/\/www.aiguessegarragarrigues.cat\/ca\/?s={search_term_string}"},"query-input":{"@type":"PropertyValueSpecification","valueRequired":true,"valueName":"search_term_string"}}],"inLanguage":"ca"}]}},"_links":{"self":[{"href":"https:\/\/www.aiguessegarragarrigues.cat\/ca\/wp-json\/wp\/v2\/pages\/3302","targetHints":{"allow":["GET"]}}],"collection":[{"href":"https:\/\/www.aiguessegarragarrigues.cat\/ca\/wp-json\/wp\/v2\/pages"}],"about":[{"href":"https:\/\/www.aiguessegarragarrigues.cat\/ca\/wp-json\/wp\/v2\/types\/page"}],"author":[{"embeddable":true,"href":"https:\/\/www.aiguessegarragarrigues.cat\/ca\/wp-json\/wp\/v2\/users\/1"}],"replies":[{"embeddable":true,"href":"https:\/\/www.aiguessegarragarrigues.cat\/ca\/wp-json\/wp\/v2\/comments?post=3302"}],"version-history":[{"count":2,"href":"https:\/\/www.aiguessegarragarrigues.cat\/ca\/wp-json\/wp\/v2\/pages\/3302\/revisions"}],"predecessor-version":[{"id":3305,"href":"https:\/\/www.aiguessegarragarrigues.cat\/ca\/wp-json\/wp\/v2\/pages\/3302\/revisions\/3305"}],"up":[{"embeddable":true,"href":"https:\/\/www.aiguessegarragarrigues.cat\/ca\/wp-json\/wp\/v2\/pages\/3022"}],"wp:attachment":[{"href":"https:\/\/www.aiguessegarragarrigues.cat\/ca\/wp-json\/wp\/v2\/media?parent=3302"}],"curies":[{"name":"wp","href":"https:\/\/api.w.org\/{rel}","templated":true}]}}