{"id":3222,"date":"2019-08-26T10:09:41","date_gmt":"2019-08-26T08:09:41","guid":{"rendered":"https:\/\/www.aiguessegarragarrigues.cat\/?page_id=3222"},"modified":"2019-08-29T13:09:08","modified_gmt":"2019-08-29T11:09:08","slug":"_si_pons-rega-2-3","status":"publish","type":"page","link":"https:\/\/www.aiguessegarragarrigues.cat\/ca\/si\/_si_pons-rega-2-3\/","title":{"rendered":"La Sentiu de Sio (Rego)"},"content":{"rendered":"<p><span style=\"color: #153c7f;\"><strong><span style=\"font-family: helvetica, arial, sans-serif; font-size: 24pt;\">La Sentiu de Si\u00f3<\/span><\/strong><\/span><\/p>\n<p><span style=\"color: #153c7f;\"><strong><span style=\"font-family: helvetica, arial, sans-serif; font-size: 14pt;\">Situaci\u00f3: Finca que rega (Sense Dades)<\/span><\/strong><\/span><\/p>","protected":false},"excerpt":{"rendered":"<p>La Sentiu de Si\u00f3 Situaci\u00f3: Finca que rega (Sense Dades)<\/p>\n","protected":false},"author":1,"featured_media":0,"parent":3022,"menu_order":0,"comment_status":"closed","ping_status":"closed","template":"","meta":{"footnotes":"","_links_to":"","_links_to_target":""},"class_list":["post-3222","page","type-page","status-publish","hentry"],"yoast_head":"<!-- This site is optimized with the Yoast SEO plugin v27.0 - https:\/\/yoast.com\/product\/yoast-seo-wordpress\/ -->\n<title>La Sentiu de Sio (Rego) - Aig\u00fces del Segarra Garrigues<\/title>\n<meta name=\"robots\" content=\"index, follow, max-snippet:-1, max-image-preview:large, max-video-preview:-1\" \/>\n<link rel=\"canonical\" href=\"https:\/\/www.aiguessegarragarrigues.cat\/ca\/si\/_si_pons-rega-2-3\/\" \/>\n<meta property=\"og:locale\" content=\"ca_ES\" \/>\n<meta property=\"og:type\" content=\"article\" \/>\n<meta property=\"og:title\" content=\"La Sentiu de Sio (Rego) - Aig\u00fces del Segarra Garrigues\" \/>\n<meta property=\"og:description\" content=\"La Sentiu de Si\u00f3 Situaci\u00f3: Finca que rega (Sense Dades)\" \/>\n<meta property=\"og:url\" content=\"https:\/\/www.aiguessegarragarrigues.cat\/ca\/si\/_si_pons-rega-2-3\/\" \/>\n<meta property=\"og:site_name\" content=\"Aig\u00fces del Segarra Garrigues\" \/>\n<meta property=\"article:modified_time\" content=\"2019-08-29T11:09:08+00:00\" \/>\n<meta name=\"twitter:card\" content=\"summary_large_image\" \/>\n<script type=\"application\/ld+json\" class=\"yoast-schema-graph\">{\"@context\":\"https:\/\/schema.org\",\"@graph\":[{\"@type\":\"WebPage\",\"@id\":\"https:\/\/www.aiguessegarragarrigues.cat\/ca\/si\/_si_pons-rega-2-3\/\",\"url\":\"https:\/\/www.aiguessegarragarrigues.cat\/ca\/si\/_si_pons-rega-2-3\/\",\"name\":\"La Sentiu de Sio (Rego) - Aig\u00fces del Segarra Garrigues\",\"isPartOf\":{\"@id\":\"https:\/\/www.aiguessegarragarrigues.cat\/ca\/#website\"},\"datePublished\":\"2019-08-26T08:09:41+00:00\",\"dateModified\":\"2019-08-29T11:09:08+00:00\",\"breadcrumb\":{\"@id\":\"https:\/\/www.aiguessegarragarrigues.cat\/ca\/si\/_si_pons-rega-2-3\/#breadcrumb\"},\"inLanguage\":\"ca\",\"potentialAction\":[{\"@type\":\"ReadAction\",\"target\":[[\"https:\/\/www.aiguessegarragarrigues.cat\/ca\/si\/_si_pons-rega-2-3\/\"]]}]},{\"@type\":\"BreadcrumbList\",\"@id\":\"https:\/\/www.aiguessegarragarrigues.cat\/ca\/si\/_si_pons-rega-2-3\/#breadcrumb\",\"itemListElement\":[{\"@type\":\"ListItem\",\"position\":1,\"name\":\"Inici\",\"item\":\"https:\/\/www.aiguessegarragarrigues.cat\/ca\/\"},{\"@type\":\"ListItem\",\"position\":2,\"name\":\"si\",\"item\":\"https:\/\/www.aiguessegarragarrigues.cat\/ca\/si\/\"},{\"@type\":\"ListItem\",\"position\":3,\"name\":\"La Sentiu de Sio (Rego)\"}]},{\"@type\":\"WebSite\",\"@id\":\"https:\/\/www.aiguessegarragarrigues.cat\/ca\/#website\",\"url\":\"https:\/\/www.aiguessegarragarrigues.cat\/ca\/\",\"name\":\"Aig\u00fces del Segarra Garrigues\",\"description\":\"\",\"potentialAction\":[{\"@type\":\"SearchAction\",\"target\":{\"@type\":\"EntryPoint\",\"urlTemplate\":\"https:\/\/www.aiguessegarragarrigues.cat\/ca\/?s={search_term_string}\"},\"query-input\":{\"@type\":\"PropertyValueSpecification\",\"valueRequired\":true,\"valueName\":\"search_term_string\"}}],\"inLanguage\":\"ca\"}]}<\/script>\n<!-- \/ Yoast SEO plugin. -->","yoast_head_json":{"title":"La Sentiu de Sio (Rego) - Aig\u00fces del Segarra Garrigues","robots":{"index":"index","follow":"follow","max-snippet":"max-snippet:-1","max-image-preview":"max-image-preview:large","max-video-preview":"max-video-preview:-1"},"canonical":"https:\/\/www.aiguessegarragarrigues.cat\/ca\/si\/_si_pons-rega-2-3\/","og_locale":"ca_ES","og_type":"article","og_title":"La Sentiu de Sio (Rego) - Aig\u00fces del Segarra Garrigues","og_description":"La Sentiu de Si\u00f3 Situaci\u00f3: Finca que rega (Sense Dades)","og_url":"https:\/\/www.aiguessegarragarrigues.cat\/ca\/si\/_si_pons-rega-2-3\/","og_site_name":"Aig\u00fces del Segarra Garrigues","article_modified_time":"2019-08-29T11:09:08+00:00","twitter_card":"summary_large_image","schema":{"@context":"https:\/\/schema.org","@graph":[{"@type":"WebPage","@id":"https:\/\/www.aiguessegarragarrigues.cat\/ca\/si\/_si_pons-rega-2-3\/","url":"https:\/\/www.aiguessegarragarrigues.cat\/ca\/si\/_si_pons-rega-2-3\/","name":"La Sentiu de Sio (Rego) - Aig\u00fces del Segarra Garrigues","isPartOf":{"@id":"https:\/\/www.aiguessegarragarrigues.cat\/ca\/#website"},"datePublished":"2019-08-26T08:09:41+00:00","dateModified":"2019-08-29T11:09:08+00:00","breadcrumb":{"@id":"https:\/\/www.aiguessegarragarrigues.cat\/ca\/si\/_si_pons-rega-2-3\/#breadcrumb"},"inLanguage":"ca","potentialAction":[{"@type":"ReadAction","target":[["https:\/\/www.aiguessegarragarrigues.cat\/ca\/si\/_si_pons-rega-2-3\/"]]}]},{"@type":"BreadcrumbList","@id":"https:\/\/www.aiguessegarragarrigues.cat\/ca\/si\/_si_pons-rega-2-3\/#breadcrumb","itemListElement":[{"@type":"ListItem","position":1,"name":"Inici","item":"https:\/\/www.aiguessegarragarrigues.cat\/ca\/"},{"@type":"ListItem","position":2,"name":"si","item":"https:\/\/www.aiguessegarragarrigues.cat\/ca\/si\/"},{"@type":"ListItem","position":3,"name":"La Sentiu de Sio (Rego)"}]},{"@type":"WebSite","@id":"https:\/\/www.aiguessegarragarrigues.cat\/ca\/#website","url":"https:\/\/www.aiguessegarragarrigues.cat\/ca\/","name":"Aig\u00fces del Segarra Garrigues","description":"","potentialAction":[{"@type":"SearchAction","target":{"@type":"EntryPoint","urlTemplate":"https:\/\/www.aiguessegarragarrigues.cat\/ca\/?s={search_term_string}"},"query-input":{"@type":"PropertyValueSpecification","valueRequired":true,"valueName":"search_term_string"}}],"inLanguage":"ca"}]}},"_links":{"self":[{"href":"https:\/\/www.aiguessegarragarrigues.cat\/ca\/wp-json\/wp\/v2\/pages\/3222","targetHints":{"allow":["GET"]}}],"collection":[{"href":"https:\/\/www.aiguessegarragarrigues.cat\/ca\/wp-json\/wp\/v2\/pages"}],"about":[{"href":"https:\/\/www.aiguessegarragarrigues.cat\/ca\/wp-json\/wp\/v2\/types\/page"}],"author":[{"embeddable":true,"href":"https:\/\/www.aiguessegarragarrigues.cat\/ca\/wp-json\/wp\/v2\/users\/1"}],"replies":[{"embeddable":true,"href":"https:\/\/www.aiguessegarragarrigues.cat\/ca\/wp-json\/wp\/v2\/comments?post=3222"}],"version-history":[{"count":3,"href":"https:\/\/www.aiguessegarragarrigues.cat\/ca\/wp-json\/wp\/v2\/pages\/3222\/revisions"}],"predecessor-version":[{"id":3712,"href":"https:\/\/www.aiguessegarragarrigues.cat\/ca\/wp-json\/wp\/v2\/pages\/3222\/revisions\/3712"}],"up":[{"embeddable":true,"href":"https:\/\/www.aiguessegarragarrigues.cat\/ca\/wp-json\/wp\/v2\/pages\/3022"}],"wp:attachment":[{"href":"https:\/\/www.aiguessegarragarrigues.cat\/ca\/wp-json\/wp\/v2\/media?parent=3222"}],"curies":[{"name":"wp","href":"https:\/\/api.w.org\/{rel}","templated":true}]}}